{"id":1467,"date":"2023-05-27T12:04:33","date_gmt":"2023-05-27T05:04:33","guid":{"rendered":"https:\/\/www.nguyentienngomua.com\/?page_id=1467"},"modified":"2023-05-27T22:45:01","modified_gmt":"2023-05-27T15:45:01","slug":"khanh-thanh-nha-tho-ho","status":"publish","type":"page","link":"https:\/\/www.nguyentienngomua.com\/index.php\/khanh-thanh-nha-tho-ho\/","title":{"rendered":"Kh\u00e1nh th\u00e0nh nh\u00e0 th\u1edd h\u1ecd"},"content":{"rendered":"\n<figure class=\"wp-block-embed is-type-video is-provider-youtube wp-block-embed-youtube wp-embed-aspect-4-3 wp-has-aspect-ratio\"><div class=\"wp-block-embed__wrapper\">\n<iframe loading=\"lazy\" title=\"Kh\u00e1nh th\u00e0nh nh\u00e0 th\u1edd h\u1ecd 01\" width=\"640\" height=\"480\" src=\"https:\/\/www.youtube.com\/embed\/Kor-P6miALs?feature=oembed\" frameborder=\"0\" allow=\"accelerometer; autoplay; clipboard-write; encrypted-media; gyroscope; picture-in-picture; web-share\" referrerpolicy=\"strict-origin-when-cross-origin\" allowfullscreen><\/iframe>\n<\/div><\/figure>\n\n\n\n<hr class=\"wp-block-separator has-alpha-channel-opacity\"\/>\n\n\n\n<figure class=\"wp-block-embed is-type-video is-provider-youtube wp-block-embed-youtube wp-embed-aspect-4-3 wp-has-aspect-ratio\"><div class=\"wp-block-embed__wrapper\">\n<iframe loading=\"lazy\" title=\"Khanh thanh nha tho ho 02\" width=\"640\" height=\"480\" src=\"https:\/\/www.youtube.com\/embed\/Z_r809D7fjU?feature=oembed\" frameborder=\"0\" allow=\"accelerometer; autoplay; clipboard-write; encrypted-media; gyroscope; picture-in-picture; web-share\" referrerpolicy=\"strict-origin-when-cross-origin\" allowfullscreen><\/iframe>\n<\/div><\/figure>\n\n\n\n<hr class=\"wp-block-separator has-alpha-channel-opacity\"\/>\n\n\n\n<figure class=\"wp-block-embed is-type-video is-provider-youtube wp-block-embed-youtube wp-embed-aspect-4-3 wp-has-aspect-ratio\"><div class=\"wp-block-embed__wrapper\">\n<iframe loading=\"lazy\" title=\"Khanh thanh nha tho ho 03\" width=\"640\" height=\"480\" src=\"https:\/\/www.youtube.com\/embed\/IL00FF3GrUg?feature=oembed\" frameborder=\"0\" allow=\"accelerometer; autoplay; clipboard-write; encrypted-media; gyroscope; picture-in-picture; web-share\" referrerpolicy=\"strict-origin-when-cross-origin\" allowfullscreen><\/iframe>\n<\/div><\/figure>\n\n\n\n<hr class=\"wp-block-separator has-alpha-channel-opacity\"\/>\n\n\n\n<p><strong>B\u00c0I PH\u00c1T BI\u1ec2U T\u1ea0I L\u1ec4 KH\u00c1NH TH\u00c0NH<\/strong> <strong>NH\u00c0 TH\u1edc H\u1ecc NGUY\u1ec4N TI\u1ebeN<\/strong><\/p>\n\n\n\n<p><\/p>\n\n\n\n<p>U\u1ed1ng n\u01b0\u1edbc nh\u1edb ngu\u1ed3n t\u1eeb l\u00e2u \u0111\u00e3 tr\u1edf th\u00e0nh truy\u1ec1n th\u1ed1ng cao \u0111\u1eb9p c\u1ee7a d\u00e2n t\u1ed9c ta. \u0110\u1ea1o l\u00fd \u0111\u00f3 \u0111\u00e3 bi\u1ec3u tr\u01b0ng cho n\u00e9t \u0111\u1eb9p v\u0103n h\u00f3a c\u1ee7a m\u1ed7i gia \u0111\u00ecnh, d\u00f2ng t\u1ed9c. H\u1ecd Nguy\u1ec5n Ti\u1ebfn <em>(Ng\u00f5 M\u01b0a)<\/em> c\u0169ng l\u00e0 m\u1ed9t trong c\u00e1c d\u00f2ng t\u1ed9c nh\u01b0 v\u1eady. M\u1ed7i ch\u00fang ta \u0111\u1ec1u bi\u1ebft \u01a1n v\u00e0 tri \u00e2n t\u1ed5 ti\u00ean \u0111\u00e3 sinh ra l\u1edbp l\u1edbp ch\u00e1u con qua nhi\u1ec1u th\u1ebf h\u1ec7 cho \u0111\u1ebfn ng\u00e0y h\u00f4m nay.<\/p>\n\n\n\n<p><em>Th\u01b0a Qu\u00fd kh\u00e1ch, th\u01b0a to\u00e0n th\u1ec3 b\u00e0 con!<\/em><\/p>\n\n\n\n<p>Kh\u00f4ng ai trong ch\u00fang ta \u0111\u01b0\u1ee3c bi\u1ebft h\u1ecd Nguy\u1ec5n Ti\u1ebfn b\u1eaft ngu\u1ed3n ch\u00ednh x\u00e1c t\u1eeb \u0111\u00e2u v\u00e0 c\u00f3 t\u1eeb th\u1eddi \u0111\u1ea1i n\u00e0o. Ch\u1ec9 bi\u1ebft theo c\u00e1c \u0111\u1eddi truy\u1ec1n l\u1ea1i r\u1eb1ng c\u00e1ch \u0111\u00e2y tr\u00ean 200 n\u0103m c\u00f3 C\u1ee5 &nbsp;l\u00e0 Nguy\u1ec5n Ti\u1ebfn Kim t\u1eeb Thanh H\u00f3a ra d\u1ea1y h\u1ecdc \u1edf \u0111\u1ea5t Ng\u00f5 M\u01b0a x\u00e3 V\u0129nh Ni\u00ean t\u1ed5ng S\u01a1n \u0110\u1ed3ng <em>(nay l\u00e0 x\u00e3 Qu\u1ef3nh Ho\u00e0ng huy\u1ec7n Qu\u1ef3nh Ph\u1ee5 t\u1ec9nh Th\u00e1i B\u00ecnh)<\/em> v\u00e0 \u1edf l\u1ea1i l\u1eadp nghi\u1ec7p t\u1ea1i \u0111\u00e2y. C\u1ee5 \u0111\u00e3 sinh h\u1ea1 \u0111\u01b0\u1ee3c 3 ng\u01b0\u1eddi con l\u00e0&nbsp; c\u1ee5 Nguy\u1ec5n Ti\u1ebfn Tr\u01b0\u1edfng, c\u1ee5 nguy\u1ec5n Ti\u1ebfn C\u1eadn v\u00e0 m\u1ed9t c\u1ee5 con g\u00e1i. C\u1ee5 C\u1eadn ch\u1ec9 sinh h\u1ea1 \u0111\u01b0\u1ee3c m\u1ed9t b\u00e0 con g\u00e1i c\u00f2n C\u1ee5 Tr\u01b0\u1edfng sinh \u0111\u01b0\u1ee3c 4 ng\u01b0\u1eddi con trai l\u00e0 Nguy\u1ec5n Ti\u1ebfn Thi, Nguy\u1ec5n Ti\u1ebfn Gia, Nguy\u1ec5n Ti\u1ebfn B\u1ea3o v\u00e0 Nguy\u1ec5n Ti\u1ebfn T\u01b0. C\u00e1c c\u1ee5 \u0111\u1ee9ng \u0111\u1ea7u 4 chi l\u1edbn, 4 chi n\u00e0y ng\u00e0y c\u00e0ng ph\u00e1t tri\u1ec3n v\u00e0 c\u00f9ng \u0111\u1ed3ng h\u00e0nh tr\u00ean m\u1ea3nh \u0111\u1ea5t Ng\u00f5 M\u01b0a c\u0169ng nh\u01b0 h\u1ea7u kh\u1eafp c\u00e1c v\u00f9ng mi\u1ec1n trong c\u1ea3 n\u01b0\u1edbc. V\u00ec v\u1eady con ch\u00e1u h\u1ecd Nguy\u1ec5n Ti\u1ebfn <em>(Ng\u00f5 M\u01b0a)<\/em> \u0111\u00e3 th\u00e0nh k\u00ednh t\u00f4n vinh C\u1ee5 Nguy\u1ec5n Ti\u1ebfn Kim l\u00e0 C\u1ee5 T\u1ed5 khai s\u00e1ng t\u1ed9c h\u1ecd. \u0110\u1ebfn nay con ch\u00e1u c\u1ee7a C\u1ee5 \u0111\u00e3 l\u01b0u truy\u1ec1n \u0111\u1ebfn \u0111\u1eddi th\u1ee9 10 v\u00e0 \u0111\u00e3 c\u00f3 nhi\u1ec1u \u0111\u00f3ng g\u00f3p v\u1ec1 m\u1ecdi m\u1eb7t cho qu\u00ea h\u01b0\u01a1ng, \u0111\u1ea5t n\u01b0\u1edbc. Trong kh\u00e1ng chi\u1ebfn ch\u1ed1ng Ph\u00e1p v\u00e0 ch\u1ed1ng M\u1ef9 nhi\u1ec1u ng\u01b0\u1eddi con c\u1ee7a d\u00f2ng h\u1ecd \u0111\u00e3 l\u00ean \u0111\u01b0\u1eddng theo ti\u1ebfng g\u1ecdi c\u1ee7a T\u1ed5 qu\u1ed1c hi\u1ebfn d\u00e2ng c\u1ea3 tu\u1ed5i thanh xu\u00e2n c\u1ee7a m\u00ecnh; trong \u0111\u00f3 c\u00f3 nh\u1eefng ng\u01b0\u1eddi \u0111\u00e3 anh d\u0169ng hy sinh \u0111\u1ec3 h\u00f4m nay ch\u00fang ta c\u00f3 \u0111\u01b0\u1ee3c cu\u1ed9c s\u1ed1ng &nbsp;b\u00ecnh y\u00ean v\u00e0 \u1ea5m no, h\u1ea1nh ph\u00fac. C\u00e1c th\u1ebf h\u1ec7 ch\u00fang ta s\u1ebd \u0111\u1eddi \u0111\u1eddi ghi nh\u1edb c\u00f4ng \u01a1n c\u1ee7a c\u00e1c anh h\u00f9ng li\u1ec7t s\u0129 v\u00e0 t\u1ef1 h\u1ee9a v\u1edbi l\u00f2ng m\u00ecnh s\u1ebd s\u1ed1ng th\u1eadt x\u1ee9ng \u0111\u00e1ng v\u1edbi h\u1ecd v\u00e0 quy\u1ebft t\u00e2m c\u00f9ng nhau x\u00e2y d\u1ef1ng qu\u00ea h\u01b0\u01a1ng y\u00eau d\u1ea5u c\u1ee7a m\u00ecnh m\u00e0 v\u00ec n\u00f3 h\u1ecd \u0111\u00e3 kh\u00f4ng ti\u1ebfc m\u00e1u x\u01b0\u01a1ng. V\u00e0 \u0111\u1ec3 ghi nh\u1edb c\u00f4ng \u01a1n c\u1ee7a h\u1ecd ch\u00fang ta gi\u00e0nh ri\u00eang m\u1ed9t ban th\u1edd \u0111\u1ec3 th\u1edd ph\u1ee5ng c\u00e1c ng\u01b0\u1eddi con c\u1ee7a h\u1ecd Nguy\u1ec5n Ti\u1ebfn \u0111\u00e3 anh d\u0169ng hy sinh v\u00ec \u0111\u1ed9c l\u1eadp t\u1ef1 do c\u1ee7a T\u1ed5 qu\u1ed1c.<\/p>\n\n\n\n<p>Th\u01b0a qu\u00fd kh\u00e1ch, th\u01b0a to\u00e0n th\u1ec3 b\u00e0 con!<\/p>\n\n\n\n<p>C\u00e1c c\u1ee5 &nbsp;x\u01b0a c\u00f3 c\u00e2u<\/p>\n\n\n\n<p class=\"has-text-align-center\"><em>C\u00e2y c\u00f3 g\u1ed1c m\u1edbi tr\u1ed5 c\u00e0nh xanh l\u00e1<\/em><\/p>\n\n\n\n<p class=\"has-text-align-center\"><em>N\u01b0\u1edbc c\u00f3 ngu\u1ed3n m\u1edbi b\u1ec3 c\u1ea3 s\u00f4ng s\u00e2u<\/em><\/p>\n\n\n\n<p class=\"has-text-align-center\"><em>&nbsp;Ng\u01b0\u1eddi ta ngu\u1ed3n g\u1ed1c t\u1eeb \u0111\u00e2u?<\/em><\/p>\n\n\n\n<p class=\"has-text-align-center\"><em>Tr\u01b0\u1edbc l\u00e0 ti\u00ean t\u1ed5 r\u1ed3i sau c\u00f3 m\u00ecnh.&nbsp;<\/em><\/p>\n\n\n\n<p>Trong l\u00f2ng ch\u00fang ta lu\u00f4n \u0111au \u0111\u00e1u l\u00f2ng bi\u1ebft \u01a1n c\u00f4ng lao sinh th\u00e0nh v\u00e0 d\u01b0\u1ee1ng d\u1ee5c c\u1ee7a t\u1ed5 ti\u00ean&nbsp; X\u00e2y d\u1ef1ng t\u1eeb \u0111\u01b0\u1eddng \u0111\u1ec3 th\u1edd ph\u1ee5ng t\u1ed5 ti\u00ean \u0111\u00e3 l\u00e0 \u01b0\u1edbc m\u01a1 t\u1eeb bao \u0111\u1eddi nay c\u1ee7a m\u1ecdi ng\u01b0\u1eddi trong h\u1ecd, song ch\u01b0a l\u00fac n\u00e0o c\u00f3 \u0111i\u1ec1u ki\u1ec7n \u0111\u1ec3 m\u1ecdi ng\u01b0\u1eddi th\u1ef1c hi\u1ec7n \u01b0\u1edbc m\u01a1 \u0111\u00f3. Chi\u1ebfn tranh \u0111\u00e3 c\u01b0\u1edbp \u0111i c\u1ee7a ch\u00fang ta m\u1ed9t kho\u1ea3ng th\u1eddi gian kh\u00e1 d\u00e0i \u0111\u1ec3 t\u1eadp trung m\u1ecdi m\u1eb7t cho cu\u1ed9c chi\u1ebfn \u0111\u1ea5u sinh t\u1eed cho \u0111\u1ed9c l\u1eadp t\u1ef1 do c\u1ee7a \u0111\u1ea5t n\u01b0\u1edbc, k\u00e8m theo \u0111\u00f3 l\u00e0 n\u1ec1n kinh t\u1ebf v\u00f4 c\u00f9ng kh\u00f3 kh\u0103n, ngh\u00e8o n\u00e0n khi\u1ebfn cho nhi\u1ec1u \u0111\u1eddi nay c\u00e1c b\u1eadc ti\u1ec1n b\u1ed1i m\u1eb7c d\u00f9 r\u1ea5t mong mu\u1ed1n nh\u01b0ng ch\u01b0a th\u1ec3 th\u1ef1c hi\u1ec7n \u0111\u01b0\u1ee3c. N\u0103m 1998 c\u1ee5 Nguy\u1ec5n Ti\u1ebfn B\u00ecnh nguy\u00ean tr\u01b0\u1edfng khoa c\u00f4ng t\u00e1c ch\u00ednh tr\u1ecb H\u1ecdc vi\u1ec7n Nguy\u1ec5n \u00c1i Qu\u1ed1c \u0111\u00e3 \u0111\u1ec1 xu\u1ea5t vi\u1ec7c x\u00e2y d\u1ef1ng t\u1eeb \u0111\u01b0\u1eddng c\u1ee7a d\u00f2ng h\u1ecd. Nh\u01b0ng khi \u0111\u00f3 c\u00f2n r\u1ea5t nhi\u1ec1u kh\u00f3 kh\u0103n, c\u1ea3n tr\u1edf n\u00ean ch\u01b0a th\u1ef1c hi\u1ec7n \u0111\u01b0\u1ee3c. Nay \u0111\u1ea5t n\u01b0\u1edbc \u0111\u00e3 thanh b\u00ecnh, ch\u1ea5t l\u01b0\u1ee3ng cu\u1ed9c s\u1ed1ng c\u1ee7a m\u1ecdi ng\u01b0\u1eddi \u0111\u00e3 \u0111\u01b0\u1ee3c n\u00e2ng l\u00ean \u0111\u00e1ng k\u1ec3. \u0110\u00e2y l\u00e0 c\u01a1 h\u1ed9i hi\u1ebfm c\u00f3 \u0111\u1ec3 th\u1ef1c hi\u1ec7n \u01b0\u1edbc m\u01a1 ch\u00e1y b\u1ecfng c\u1ee7a l\u1edbp l\u1edbp ch\u00e1u con. N\u1ebfu kh\u00f4ng ch\u1edbp l\u1ea5y c\u01a1 h\u1ed9i n\u00e0y th\u00ec s\u1ebd l\u00e0 c\u00f3 t\u1ed9i v\u1edbi t\u1ed5 ti\u00ean. V\u00ec v\u1eady sau nhi\u1ec1u n\u0103m tr\u0103n tr\u1edf v\u00e0 sau nhi\u1ec1u cu\u1ed9c h\u1ed9i th\u1ea3o, \u01b0\u1edbc m\u01a1 \u0111\u00f3 \u0111\u00e3 d\u1ea7n d\u1ea7n tr\u1edf th\u00e0nh hi\u1ec7n th\u1ef1c. Ti\u1ebfp b\u01b0\u1edbc C\u1ee5 B\u00ecnh, li\u00ean t\u1ee5c 3 n\u0103m tr\u1edf l\u1ea1i \u0111\u00e2y ch\u00fang ta \u0111\u00e3 \u0111\u1ec1 xu\u1ea5t vi\u1ec7c x\u00e2y d\u1ef1ng t\u1eeb \u0111\u01b0\u1eddng v\u00e0 n\u0103m 2014 v\u1edbi quy\u1ebft t\u00e2m cao nh\u1ea5t, &nbsp;l\u00fac \u0111\u1ea7u \u0111\u1ecbnh x\u00e2y tr\u00ean m\u1ea3nh \u0111\u1ea5t 100m<sup>2<\/sup> c\u1ee7a nh\u00e0 tr\u01b0\u1edfng t\u1ed9c. Nh\u01b0ng sau khi c\u00f3 thi\u1ebft k\u1ebf nh\u00e0 th\u1edd m\u1edbi ph\u00e1t hi\u1ec7n l\u00e0 n\u01a1i n\u00e0y qu\u00e1 ch\u1eadt h\u1eb9p kh\u00f4ng \u0111\u1ee7 \u0111i\u1ec1u ki\u1ec7n \u0111\u1ec3 x\u00e2y d\u1ef1ng. Sau \u0111\u00f3 anh Nguy\u1ec5n Ti\u1ebfn Qu\u00fd \u1edf V\u0169ng T\u00e0u ra c\u00f3 \u0111\u1ec1 xu\u1ea5t v\u1edbi c\u00e1c anh ch\u1ecb con ch\u00e1u c\u1ee5 Nguy\u1ec5n Ti\u1ebfn Thi\u1ec7p hi\u1ebfn \u0111\u1ea5t. \u0110\u1ec1 xu\u1ea5t n\u00e0y th\u1ef1c l\u00e0 ch\u00ed l\u00fd v\u00e0 \u0111\u00e3 \u0111\u01b0\u1ee3c c\u00e1c con ch\u00e1u c\u1ee5 Thi\u1ec7p \u0111\u1ed3ng l\u00f2ng nh\u1ea5t tr\u00ed. Ng\u00e0y 03.8.2014 H\u1ed9i \u0111\u1ed3ng gia t\u1ed9c h\u1ecd Nguy\u1ec5n Ti\u1ebfn \u0111\u00e3 h\u1ecdp v\u00e0 quy\u1ebft \u0111\u1ecbnh chuy\u1ec3n \u0111\u1ecba \u0111i\u1ec3m x\u00e2y d\u1ef1ng t\u1eeb \u0111\u01b0\u1eddng v\u1ec1 m\u1ea3nh \u0111\u1ea5t &nbsp;m\u00e0 c\u00e1c th\u1ebf h\u1ec7 h\u1ecd Nguy\u1ec5n Ti\u1ebfn ch\u1eaft chiu \u0111\u1ec3 l\u1ea1i, m\u00e0 tr\u1ef1c ti\u1ebfp l\u00e0 v\u1edbi ngh\u0129a c\u1eed cao \u0111\u1eb9p c\u1ee7a c\u00e1c con ch\u00e1u c\u1ee5 Thi\u1ec7p, c\u1ee5 Th\u00fay v\u00e0 c\u1ee5 T\u00fay \u0111\u00e3 t\u1ef1 nguy\u1ec7n hi\u1ebfn \u0111\u1ea5t v\u00f4 \u0111i\u1ec1u ki\u1ec7n \u0111\u1ec3 t\u1ed5 ch\u1ee9c x\u00e2y d\u1ef1ng t\u1eeb \u0111\u01b0\u1eddng. Ch\u00fang ta lu\u00f4n tr\u00e2n tr\u1ecdng ghi nh\u1eadn c\u00f4ng \u0111\u1ee9c c\u1ee7a h\u1ecd.<\/p>\n\n\n\n<p>T\u1eeb \u0111\u01b0\u1eddng \u0111\u00e3 \u0111\u01b0\u1ee3c kh\u1edfi c\u00f4ng x\u00e2y d\u1ef1ng t\u1eeb 8 gi\u1edd s\u00e1ng ng\u00e0y 30.8.2014 (t\u1ee9c 6.8. Gi\u00e1p Ng\u1ecd) v\u00e0 \u0111\u1ed5 m\u00e1i ng\u00e0y 25.10.2014 (2.9.Gi\u00e1p Ng\u1ecd) sau tr\u00f2n 5 th\u00e1ng kh\u1ea9n tr\u01b0\u01a1ng t\u1ed5 ch\u1ee9c thi c\u00f4ng \u0111\u1ebfn nay \u0111\u00e3 ho\u00e0n th\u00e0nh g\u1ea7n 100% c\u00e1c h\u1ea1ng m\u1ee5c c\u00f4ng tr\u00ecnh. T\u1eeb \u0111\u01b0\u1eddng t\u1ecda l\u1ea1c tr\u00ean m\u1ea3nh \u0111\u1ea5t 520 m<sup>2<\/sup> , trong \u0111\u00f3 m\u1eb7t b\u1eb1ng x\u00e2y d\u1ef1ng 70 m<sup>2<\/sup>, s\u00e2n 90 m<sup>2<\/sup>, ao 200 m<sup>2<\/sup>, v\u01b0\u1eddn 100 m<sup>2<\/sup>, b\u00e3i \u0111\u1ec3 xe 60 m<sup>2<\/sup>, c\u00f3 t\u01b0\u1eddng bao d\u00e0i 60 m, chi\u1ebfc c\u1ea7u b\u1eafc qua ao d\u00e0i 11m c\u00e0ng t\u00f4n th\u00eam v\u1ebb \u0111\u1eb9p c\u1ee7a t\u1eeb \u0111\u01b0\u1eddng. To\u00e0n b\u1ed9 chi ph\u00ed x\u00e2y d\u1ef1ng v\u00e0 trang b\u1ecb n\u1ed9i th\u1ea5t (tuy \u0111\u1ebfn nay ch\u01b0a c\u00f3 h\u1ea1ch to\u00e1n th\u1eadt chi ti\u1ebft) x\u1ea5p x\u1ec9 700 tri\u1ec7u \u0111\u1ed3ng. \u0110\u1ea5y l\u00e0 ch\u01b0a k\u1ec3 chi ph\u00ed thi\u1ebft k\u1ebf v\u00e0 h\u00e0ng tr\u0103m ng\u00e0y c\u00f4ng \u0111\u1ec1u do con ch\u00e1u h\u1ecd Nguy\u1ec5n Ti\u1ebfn t\u1ef1 nguy\u1ec7n b\u1ecf ra. Ngay sau khi c\u00f3 quy\u1ebft \u0111\u1ecbnh c\u1ee7a h\u1ed9i \u0111\u1ed3ng gia t\u1ed9c th\u00ec to\u00e0n th\u1ec3 con ch\u00e1u n\u1ed9i ngo\u1ea1i xa g\u1ea7n c\u1ee7a d\u00f2ng h\u1ecd \u0111\u00e3 t\u1ef1 gi\u00e1c v\u00e0 t\u1ef1 nguy\u1ec7n \u0111\u00f3ng g\u00f3p c\u00f4ng s\u1ee9c v\u00e0 ti\u1ec1n c\u1ee7a kh\u00f4ng ph\u00e2n bi\u1ec7t gi\u00e0u ngh\u00e8o, nhi\u1ec1u \u00edt, kh\u00f4ng c\u1ea7n ph\u1ea3i giao ch\u1ec9 ti\u00eau, mi\u1ec5n l\u00e0 th\u00e0nh t\u00e2m h\u01b0\u1edbng v\u1ec1 t\u1ed5 ti\u00ean. C\u00f4ng t\u00e1c qu\u1ea3n l\u00fd thu chi \u0111\u00e3 \u0111\u01b0\u1ee3c ti\u1ebfn h\u00e0nh ch\u1eb7t ch\u1ebd v\u00e0 c\u00f3 t\u1ed5 ch\u1ee9c, t\u1ea5t c\u1ea3 \u0111\u1ec1u nh\u1eb1m \u0111\u1ec3 \u0111\u1ea1t \u0111\u01b0\u1ee3c hi\u1ec7u qu\u1ea3 cao nh\u1ea5t. Ch\u00fang ta th\u1eadt t\u1ef1 h\u00e0o v\u00ec \u0111\u00e3 bi\u1ebft \u0111o\u00e0n k\u1ebft, bi\u1ebft kh\u01a1i d\u1eady nh\u1eefng t\u1ea5m l\u00f2ng h\u01b0\u1edbng v\u1ec1 ngu\u1ed3n c\u1ed9i \u0111\u00e3 nung n\u1ea5u b\u1ea5y nhi\u00eau n\u0103m nay. T\u1eeb nay ch\u00e1u ch\u1eaft \u0111\u1eddi \u0111\u1eddi c\u1ee7a d\u00f2ng h\u1ecd \u0111\u00e3 c\u00f3 n\u01a1i \u0111i v\u1ec1 xum h\u1ecdp \u0111\u1ec3 th\u00e0nh k\u00ednh t\u01b0\u1edfng nh\u1edb v\u00e0 bi\u1ebft \u01a1n t\u1ed5 ti\u00ean \u0111\u00e3 truy\u1ec1n l\u1ea1i cho c\u00e1c \u0111\u1eddi sau nhi\u1ec1u ph\u1ea9m c\u00e1ch t\u1ed1t \u0111\u1eb9p nh\u01b0 t\u01b0 ch\u1ea5t th\u00f4ng minh, tinh th\u1ea7n y\u00eau n\u01b0\u1edbc, \u0111\u1ee9c t\u00ednh hi\u1ebfu h\u1ecdc, &nbsp;khi\u00eam nh\u01b0\u1eddng, nh\u00e2n h\u1eadu, trung th\u1ef1c, \u00fd th\u1ee9c tr\u00e1ch nhi\u1ec7m c\u1ed9ng \u0111\u1ed3ng, gi\u00fap ch\u00fang ta ng\u00e0y c\u00e0ng th\u1eaft ch\u1eb7t th\u00eam t\u00ecnh c\u1ea3m g\u1eafn b\u00f3 th\u00e2n thi\u1ebft c\u1ee7a nh\u1eefng ng\u01b0\u1eddi c\u00f9ng c\u1ed9i ngu\u1ed3n, gi\u00fap ch\u00fang ta gi\u00e1o d\u1ee5c, r\u00e8n luy\u1ec7n cho c\u00e1c th\u1ebf h\u1ec7 tr\u1ebb lu\u00f4n bi\u1ebft gi\u1eef g\u00ecn v\u00e0 ph\u00e1t huy truy\u1ec1n th\u1ed1ng v\u1ebb vang c\u1ee7a d\u00f2ng h\u1ecd. \u0110\u00e2y l\u00e0 m\u1ed9t n\u00e9t v\u0103n h\u00f3a v\u00e0 l\u00e0 vi\u1ec7c l\u00e0m c\u00f3 \u00fd ngh\u0129a to l\u1edbn, thi\u1ebft th\u1ef1c g\u00f3p ph\u1ea7n \u0111\u1ed9ng vi\u00ean b\u00e0 con trong h\u1ecd h\u01b0\u1edfng \u1ee9ng phong tr\u00e0o x\u00e2y d\u1ef1ng n\u00f4ng th\u00f4n m\u1edbi, c\u00f9ng chung tay v\u1edbi c\u00e1c d\u00f2ng h\u1ecd anh em tr\u00ean m\u1ea3nh \u0111\u1ea5t Ng\u00f5 M\u01b0a th\u00e2n y\u00eau v\u00e0 c\u00f9ng nhau x\u00e2y d\u1ef1ng qu\u00ea h\u01b0\u01a1ng ng\u00e0y c\u00e0ng gi\u00e0u \u0111\u1eb9p. Th\u00f4ng qua ho\u1ea1t \u0111\u1ed9ng n\u00e0y ch\u00fang ta \u0111\u00e3 thu h\u00fat h\u00e0ng tr\u0103m ch\u00e1u con c\u1ee7a d\u00f2ng h\u1ecd \u1edf kh\u1eafp n\u01a1i tr\u00ean m\u1ecdi mi\u1ec1n \u0111\u1ea5t n\u01b0\u1edbc c\u00f9ng h\u01b0\u1edbng v\u1ec1 c\u1ed9i ngu\u1ed3n, \u0111o\u00e0n k\u1ebft quan t\u00e2m t\u1edbi nhau h\u01a1n;<\/p>\n\n\n\n<p>T\u1eeb \u0111\u01b0\u1eddng c\u0169ng s\u1ebd l\u00e0 n\u01a1i sinh ho\u1ea1t v\u0103n h\u00f3a c\u1ee7a c\u00e1c th\u00e0nh vi\u00ean trong h\u1ecd, n\u01a1i ch\u00fang ta tr\u00e2n tr\u1ecdng ghi nh\u1eadn v\u00e0 bi\u1ebft \u01a1n c\u00f4ng lao c\u1ee7a t\u1ed5 ti\u00ean. C\u0169ng t\u1ea1i \u0111\u00e2y ch\u00fang ta l\u00fac n\u00e0o c\u0169ng \u0111\u01b0\u1ee3c xem s\u01a1 \u0111\u1ed3 ph\u1ea3 h\u1ec7 \u0111\u1ec3 lu\u00f4n \u00fd th\u1ee9c \u0111\u01b0\u1ee3c ngu\u1ed3n g\u1ed1c v\u00e0 bi\u1ebft \u0111\u01b0\u1ee3c m\u00ecnh \u0111ang \u0111\u1ee9ng \u1edf \u0111\u00e2u \u0111\u1ec3 c\u00f3 nh\u1eefng c\u01b0 x\u1eed cho ph\u00f9 h\u1ee3p. Th\u1ebf h\u1ec7 ch\u00fang ta \u0111\u00e3 c\u00f3 vinh d\u1ef1 \u0111\u01b0\u1ee3c g\u00f3p c\u00f4ng s\u1ee9c x\u00e2y d\u1ef1ng t\u1eeb \u0111\u01b0\u1eddng, m\u1ed9t c\u00f4ng tr\u00ecnh th\u1ebf k\u1ef7 quan tr\u1ecdng c\u1ee7a d\u00f2ng h\u1ecd. C\u00e1c th\u1ebf h\u1ec7 con ch\u00e1u mai sau ph\u1ea3i lu\u00f4n bi\u1ebft duy tr\u00ec v\u00e0 t\u00f4n t\u1ea1o \u0111\u1ec3 t\u1eeb \u0111\u01b0\u1eddng m\u00e3i m\u00e3i tr\u01b0\u1eddng t\u1ed3n .<\/p>\n\n\n\n<p class=\"has-text-align-left\"><em>K\u00ednh th\u01b0a c\u00e1c v\u1ecb \u0111\u1ea1i bi\u1ec3u!<\/em><\/p>\n\n\n\n<p class=\"has-text-align-left\"><em>&nbsp;Th\u01b0a Qu\u00fd kh\u00e1ch!<\/em><\/p>\n\n\n\n<p class=\"has-text-align-left\"><em>&nbsp;Th\u01b0a to\u00e0n th\u1ec3 b\u00e0 con c\u00f4 b\u00e1c, ch\u00e1u ch\u1eaft n\u1ed9i ngo\u1ea1i g\u1ea7n xa!<\/em><\/p>\n\n\n\n<p>Th\u1ebf l\u00e0 t\u1eeb nay h\u1ecd Nguy\u1ec5n Ti\u1ebfn ch\u00fang ta \u0111\u00e3 c\u00f3 \u0111\u01b0\u1ee3c T\u1eeb \u0111\u01b0\u1eddng khang trang \u0111\u1ec3 con ch\u00e1u v\u1ec1 xum h\u1ecdp v\u00e0 c\u00f9ng nhau th\u1edd c\u00fang t\u1ed5 ti\u00ean. Nh\u00e2n bu\u1ed5i l\u1ec5 kh\u00e1nh th\u00e0nh h\u00f4m nay cho ph\u00e9p t\u00f4i thay m\u1eb7t to\u00e0n th\u1ec3 b\u00e0 con h\u1ecd Nguy\u1ec5n Ti\u1ebfn xin b\u00e0y t\u1ecf l\u00f2ng bi\u1ebft \u01a1n ch\u00e2n th\u00e0nh t\u1edbi l\u00e3nh \u0111\u1ea1o \u0110\u1ea3ng, ch\u00ednh quy\u1ec1n v\u00e0 c\u00e1c ban ng\u00e0nh c\u1ee7a \u0111\u1ecba ph\u01b0\u01a1ng \u0111\u00e3 quan t\u00e2m gi\u00fap \u0111\u1ee1 v\u00e0 t\u1ea1o \u0111i\u1ec1u ki\u1ec7n \u0111\u1ec3 h\u1ecd ch\u00fang t\u00f4i t\u1ed5 ch\u1ee9c x\u00e2y d\u1ef1ng; c\u00e1m \u01a1n b\u00e0 con th\u00f4n x\u00f3m \u0111\u00e3 ng\u00e0y ng\u00e0y quan t\u00e2m chia s\u1ebb, gi\u00fap \u0111\u1ee1, \u0111\u1ed9ng vi\u00ean ch\u00fang t\u00f4i trong c\u00f4ng vi\u1ec7c; xin c\u00e1m \u01a1n c\u00e1c qu\u00fd v\u1ecb \u0111\u1ea1i bi\u1ec3u, c\u00e1c h\u1ecd t\u1ed9c, c\u00e1c c\u00f4 b\u00e1c, b\u1ea1n b\u00e8 chi\u1ebfn h\u1eefu g\u1ea7n xa \u0111\u00e3 th\u01b0\u1eddng xuy\u00ean quan t\u00e2m v\u00e0 h\u00f4m nay \u0111\u00e3 b\u1edbt ch\u00fat th\u1eddi gian \u0111\u1ec3 \u0111\u1ebfn chia vui c\u00f9ng ch\u00fang t\u00f4i trong bu\u1ed5i l\u1ec5 long tr\u1ecdng c\u1ee7a d\u00f2ng h\u1ecd. Nh\u00e2n d\u1ecbp n\u0103m m\u1edbi 2015 v\u00e0 \u0111\u00f3n xu\u00e2n \u1ea4t M\u00f9i s\u1eafp t\u1edbi xin ch\u00fac Qu\u00fd v\u1ecb \u0111\u1ea1i bi\u1ec3u c\u00f9ng to\u00e0n th\u1ec3 b\u00e0 con lu\u00f4n d\u1ed3i d\u00e0o s\u1ee9c kh\u1ecfe v\u00e0 h\u1ea1nh ph\u00fac. Ch\u00fac b\u00e0 con h\u1ecd Nguy\u1ec5n Ti\u1ebfn n\u1ed9i ngo\u1ea1i g\u1ea7n xa lu\u00f4n h\u1ea1nh ph\u00fac v\u00e0 th\u00e0nh c\u00f4ng tr\u00ean m\u1ecdi c\u01b0\u01a1ng v\u1ecb c\u1ee7a m\u00ecnh v\u00e0 \u0111\u00f3ng g\u00f3p nhi\u1ec1u h\u01a1n n\u1eefa cho qu\u00ea h\u01b0\u01a1ng \u0111\u1ea5t n\u01b0\u1edbc v\u00e0 cho d\u00f2ng h\u1ecd.&nbsp; Ch\u00fac to\u00e0n th\u1ec3 b\u00e0 con c\u1ee7a Ng\u00f5 M\u01b0a th\u00e2n y\u00eau lu\u00f4n \u0111o\u00e0n k\u1ebft m\u1ed9t l\u00f2ng v\u00e0 \u0111\u1ed3ng h\u00e0nh c\u00f9ng ch\u00fang t\u00f4i \u0111\u1ec3 &nbsp;c\u00f9ng nhau x\u00e2y d\u1ef1ng n\u00f4ng th\u00f4n m\u1edbi ng\u00e0y c\u00e0ng &nbsp;ti\u1ebfn b\u1ed9, v\u0103n minh, ph\u1ed3n vinh v\u00e0 h\u1ea1nh ph\u00fac.<\/p>\n\n\n\n<p class=\"has-text-align-right\">&nbsp;<em>Xin tr\u00e2n tr\u1ecdng c\u00e1m \u01a1n!<\/em><\/p>\n\n\n\n<p class=\"has-text-align-right\"><em>&nbsp;Ng\u00f5 M\u01b0a, ng\u00e0y 31\/ 01\/ 2015 (12\/12\/2014 \u00e2m)<\/em><\/p>\n\n\n\n<p class=\"has-text-align-right\"><em>&nbsp;Nguy\u1ec5n Xu\u00e2n T\u00edn<\/em><\/p>\n\n\n\n<p><\/p>\n","protected":false},"excerpt":{"rendered":"<p>B\u00c0I PH\u00c1T BI\u1ec2U T\u1ea0I L\u1ec4 KH\u00c1NH TH\u00c0NH NH\u00c0 TH\u1edc H\u1ecc NGUY\u1ec4N TI\u1ebeN U\u1ed1ng n\u01b0\u1edbc nh\u1edb ngu\u1ed3n t\u1eeb l\u00e2u \u0111\u00e3 tr\u1edf th\u00e0nh truy\u1ec1n th\u1ed1ng cao \u0111\u1eb9p c\u1ee7a d\u00e2n t\u1ed9c ta. \u0110\u1ea1o l\u00fd \u0111\u00f3 \u0111\u00e3 bi\u1ec3u tr\u01b0ng cho n\u00e9t \u0111\u1eb9p v\u0103n h\u00f3a &hellip; <a href=\"https:\/\/www.nguyentienngomua.com\/index.php\/khanh-thanh-nha-tho-ho\/\">Continue reading <span class=\"meta-nav\">&rarr;<\/span><\/a><\/p>\n","protected":false},"author":1,"featured_media":0,"parent":0,"menu_order":0,"comment_status":"closed","ping_status":"closed","template":"","meta":{"footnotes":""},"class_list":["post-1467","page","type-page","status-publish","hentry"],"_links":{"self":[{"href":"https:\/\/www.nguyentienngomua.com\/index.php\/wp-json\/wp\/v2\/pages\/1467","targetHints":{"allow":["GET"]}}],"collection":[{"href":"https:\/\/www.nguyentienngomua.com\/index.php\/wp-json\/wp\/v2\/pages"}],"about":[{"href":"https:\/\/www.nguyentienngomua.com\/index.php\/wp-json\/wp\/v2\/types\/page"}],"author":[{"embeddable":true,"href":"https:\/\/www.nguyentienngomua.com\/index.php\/wp-json\/wp\/v2\/users\/1"}],"replies":[{"embeddable":true,"href":"https:\/\/www.nguyentienngomua.com\/index.php\/wp-json\/wp\/v2\/comments?post=1467"}],"version-history":[{"count":9,"href":"https:\/\/www.nguyentienngomua.com\/index.php\/wp-json\/wp\/v2\/pages\/1467\/revisions"}],"predecessor-version":[{"id":1547,"href":"https:\/\/www.nguyentienngomua.com\/index.php\/wp-json\/wp\/v2\/pages\/1467\/revisions\/1547"}],"wp:attachment":[{"href":"https:\/\/www.nguyentienngomua.com\/index.php\/wp-json\/wp\/v2\/media?parent=1467"}],"curies":[{"name":"wp","href":"https:\/\/api.w.org\/{rel}","templated":true}]}}