{"id":1481,"date":"2023-05-27T13:42:15","date_gmt":"2023-05-27T06:42:15","guid":{"rendered":"https:\/\/www.nguyentienngomua.com\/?page_id=1481"},"modified":"2025-11-16T21:19:36","modified_gmt":"2025-11-16T14:19:36","slug":"thu-vien","status":"publish","type":"page","link":"https:\/\/www.nguyentienngomua.com\/index.php\/thu-vien\/","title":{"rendered":"Th\u01b0 vi\u1ec7n"},"content":{"rendered":"\n<p>Th\u01b0 vi\u1ec7n l\u01b0u tr\u1eef nh\u1eefng t\u01b0 li\u1ec7u vi\u1ebft v\u1ec1 con ch\u00e1u h\u1ecd Nguy\u1ec5n Ti\u1ebfn th\u00f4n Ng\u00f5 M\u01b0a v\u00e0 nh\u1eefng \u1ea5n ph\u1ea9m do con ch\u00e1u c\u1ee7a d\u00f2ng h\u1ecd bi\u00ean so\u1ea1n, s\u00e1ng t\u00e1c.<\/p>\n\n\n\n<ul class=\"wp-block-list\">\n<li>L\u1ecbch s\u1eed \u0110\u1ea3ng b\u1ed9 v\u00e0 nh\u00e2n d\u00e2n x\u00e3 Qu\u1ef3nh Ho\u00e0ng (1930 &#8211; 2015)<br><\/li>\n<\/ul>\n\n\n\n<div class=\"wp-block-envira-envira-gallery\"><div id=\"envira-gallery-wrap-1487\" class=\"envira-gallery-wrap envira-gallery-theme-base envira-lightbox-theme-base\" itemscope itemtype=\"https:\/\/schema.org\/ImageGallery\"><div data-row-height=\"150\" data-gallery-theme=\"normal\" id=\"envira-gallery-1487\" class=\"envira-gallery-public envira-gallery-justified-public envira-gallery-0-columns envira-clear enviratope envira-gallery-css-animations\" data-envira-columns=\"0\"><div id=\"envira-gallery-item-1486\" class=\"envira-gallery-item enviratope-item envira-gallery-item-1 envira-lazy-load\" style=\"padding-left: 1px; padding-bottom: 1px; padding-right: 1px;\"  itemscope itemtype=\"https:\/\/schema.org\/ImageObject\"><div class=\"envira-gallery-item-inner\"><div class=\"envira-gallery-position-overlay  envira-gallery-top-left\"><\/div><div class=\"envira-gallery-position-overlay  envira-gallery-top-right\"><\/div><div class=\"envira-gallery-position-overlay  envira-gallery-bottom-left\"><\/div><div class=\"envira-gallery-position-overlay  envira-gallery-bottom-right\"><\/div><a href=\"https:\/\/www.nguyentienngomua.com\/wp-content\/uploads\/2023\/05\/Sach-lich-su-dang-bo.jpg\" class=\"envira-gallery-1487 envira-gallery-link\" rel=\"enviragallery1487\" title=\"Sach-lich-su-dang-bo\" data-envira-caption=\"Sach-lich-su-dang-bo\" data-envira-retina=\"\" data-thumbnail=\"\"  itemprop=\"contentUrl\"><img decoding=\"async\" id=\"envira-gallery-image-1486\" class=\"envira-gallery-image envira-gallery-image-1 envira-normal envira-lazy\" data-envira-index=\"1\" src=\"https:\/\/www.nguyentienngomua.com\/wp-content\/uploads\/2023\/05\/Sach-lich-su-dang-bo-768x1024-640x480.jpg\" data-envira-src=\"https:\/\/www.nguyentienngomua.com\/wp-content\/uploads\/2023\/05\/Sach-lich-su-dang-bo-768x1024-640x480.jpg\" data-envira-gallery-id=\"1487\" data-envira-item-id=\"1486\" data-envira-caption=\"Sach-lich-su-dang-bo\" alt=\"\" title=\"Sach-lich-su-dang-bo\"  itemprop=\"thumbnailUrl\" data-envira-srcset=\"https:\/\/www.nguyentienngomua.com\/wp-content\/uploads\/2023\/05\/Sach-lich-su-dang-bo-768x1024-640x480.jpg 400w,https:\/\/www.nguyentienngomua.com\/wp-content\/uploads\/2023\/05\/Sach-lich-su-dang-bo-768x1024-640x480.jpg 2x\" data-envira-width=\"225\" data-envira-height=\"300\" srcset=\"data:image\/gif;base64,R0lGODlhAQABAIAAAP\/\/\/\/\/\/\/yH5BAEKAAEALAAAAAABAAEAAAICTAEAOw==\" data-safe-src=\"data:image\/gif;base64,R0lGODlhAQABAIAAAP\/\/\/\/\/\/\/yH5BAEKAAEALAAAAAABAAEAAAICTAEAOw==\" \/><\/a><\/div><\/div><div id=\"envira-gallery-item-1489\" class=\"envira-gallery-item enviratope-item envira-gallery-item-2 envira-lazy-load\" style=\"padding-left: 1px; padding-bottom: 1px; padding-right: 1px;\"  itemscope itemtype=\"https:\/\/schema.org\/ImageObject\"><div class=\"envira-gallery-item-inner\"><div class=\"envira-gallery-position-overlay  envira-gallery-top-left\"><\/div><div class=\"envira-gallery-position-overlay  envira-gallery-top-right\"><\/div><div class=\"envira-gallery-position-overlay  envira-gallery-bottom-left\"><\/div><div class=\"envira-gallery-position-overlay  envira-gallery-bottom-right\"><\/div><a href=\"https:\/\/www.nguyentienngomua.com\/wp-content\/uploads\/2023\/05\/Cu_Rinh.jpg\" class=\"envira-gallery-1487 envira-gallery-link\" rel=\"enviragallery1487\" title=\"Cu_Rinh\" data-envira-caption=\"Cu_Rinh\" data-envira-retina=\"\" data-thumbnail=\"\"  itemprop=\"contentUrl\"><img decoding=\"async\" id=\"envira-gallery-image-1489\" class=\"envira-gallery-image envira-gallery-image-2 envira-normal envira-lazy\" data-envira-index=\"2\" src=\"https:\/\/www.nguyentienngomua.com\/wp-content\/uploads\/2023\/05\/Cu_Rinh-765x1024-640x480.jpg\" data-envira-src=\"https:\/\/www.nguyentienngomua.com\/wp-content\/uploads\/2023\/05\/Cu_Rinh-765x1024-640x480.jpg\" data-envira-gallery-id=\"1487\" data-envira-item-id=\"1489\" data-envira-caption=\"Cu_Rinh\" alt=\"\" title=\"Cu_Rinh\"  itemprop=\"thumbnailUrl\" data-envira-srcset=\"https:\/\/www.nguyentienngomua.com\/wp-content\/uploads\/2023\/05\/Cu_Rinh-765x1024-640x480.jpg 400w,https:\/\/www.nguyentienngomua.com\/wp-content\/uploads\/2023\/05\/Cu_Rinh-765x1024-640x480.jpg 2x\" data-envira-width=\"224\" data-envira-height=\"300\" srcset=\"data:image\/gif;base64,R0lGODlhAQABAIAAAP\/\/\/\/\/\/\/yH5BAEKAAEALAAAAAABAAEAAAICTAEAOw==\" data-safe-src=\"data:image\/gif;base64,R0lGODlhAQABAIAAAP\/\/\/\/\/\/\/yH5BAEKAAEALAAAAAABAAEAAAICTAEAOw==\" \/><\/a><\/div><\/div><div id=\"envira-gallery-item-1491\" class=\"envira-gallery-item enviratope-item envira-gallery-item-3 envira-lazy-load\" style=\"padding-left: 1px; padding-bottom: 1px; padding-right: 1px;\"  itemscope itemtype=\"https:\/\/schema.org\/ImageObject\"><div class=\"envira-gallery-item-inner\"><div class=\"envira-gallery-position-overlay  envira-gallery-top-left\"><\/div><div class=\"envira-gallery-position-overlay  envira-gallery-top-right\"><\/div><div class=\"envira-gallery-position-overlay  envira-gallery-bottom-left\"><\/div><div class=\"envira-gallery-position-overlay  envira-gallery-bottom-right\"><\/div><a href=\"https:\/\/www.nguyentienngomua.com\/wp-content\/uploads\/2023\/05\/Ong_Than_01.jpg\" class=\"envira-gallery-1487 envira-gallery-link\" rel=\"enviragallery1487\" title=\"Ong_Than_01\" data-envira-caption=\"Ong_Than_01\" data-envira-retina=\"\" data-thumbnail=\"\"  itemprop=\"contentUrl\"><img decoding=\"async\" id=\"envira-gallery-image-1491\" class=\"envira-gallery-image envira-gallery-image-3 envira-normal envira-lazy\" data-envira-index=\"3\" src=\"https:\/\/www.nguyentienngomua.com\/wp-content\/uploads\/2023\/05\/Ong_Than_01-768x1024-640x480.jpg\" data-envira-src=\"https:\/\/www.nguyentienngomua.com\/wp-content\/uploads\/2023\/05\/Ong_Than_01-768x1024-640x480.jpg\" data-envira-gallery-id=\"1487\" data-envira-item-id=\"1491\" data-envira-caption=\"Ong_Than_01\" alt=\"\" title=\"Ong_Than_01\"  itemprop=\"thumbnailUrl\" data-envira-srcset=\"https:\/\/www.nguyentienngomua.com\/wp-content\/uploads\/2023\/05\/Ong_Than_01-768x1024-640x480.jpg 400w,https:\/\/www.nguyentienngomua.com\/wp-content\/uploads\/2023\/05\/Ong_Than_01-768x1024-640x480.jpg 2x\" data-envira-width=\"225\" data-envira-height=\"300\" srcset=\"data:image\/gif;base64,R0lGODlhAQABAIAAAP\/\/\/\/\/\/\/yH5BAEKAAEALAAAAAABAAEAAAICTAEAOw==\" data-safe-src=\"data:image\/gif;base64,R0lGODlhAQABAIAAAP\/\/\/\/\/\/\/yH5BAEKAAEALAAAAAABAAEAAAICTAEAOw==\" \/><\/a><\/div><\/div><div id=\"envira-gallery-item-1493\" class=\"envira-gallery-item enviratope-item envira-gallery-item-4 envira-lazy-load\" style=\"padding-left: 1px; padding-bottom: 1px; padding-right: 1px;\"  itemscope itemtype=\"https:\/\/schema.org\/ImageObject\"><div class=\"envira-gallery-item-inner\"><div class=\"envira-gallery-position-overlay  envira-gallery-top-left\"><\/div><div class=\"envira-gallery-position-overlay  envira-gallery-top-right\"><\/div><div class=\"envira-gallery-position-overlay  envira-gallery-bottom-left\"><\/div><div class=\"envira-gallery-position-overlay  envira-gallery-bottom-right\"><\/div><a href=\"https:\/\/www.nguyentienngomua.com\/wp-content\/uploads\/2023\/05\/Ong_Than_02.jpg\" class=\"envira-gallery-1487 envira-gallery-link\" rel=\"enviragallery1487\" title=\"Ong_Than_02\" data-envira-caption=\"Ong_Than_02\" data-envira-retina=\"\" data-thumbnail=\"\"  itemprop=\"contentUrl\"><img decoding=\"async\" id=\"envira-gallery-image-1493\" class=\"envira-gallery-image envira-gallery-image-4 envira-normal envira-lazy\" data-envira-index=\"4\" src=\"https:\/\/www.nguyentienngomua.com\/wp-content\/uploads\/2023\/05\/Ong_Than_02-768x1024-640x480.jpg\" data-envira-src=\"https:\/\/www.nguyentienngomua.com\/wp-content\/uploads\/2023\/05\/Ong_Than_02-768x1024-640x480.jpg\" data-envira-gallery-id=\"1487\" data-envira-item-id=\"1493\" data-envira-caption=\"Ong_Than_02\" alt=\"\" title=\"Ong_Than_02\"  itemprop=\"thumbnailUrl\" data-envira-srcset=\"https:\/\/www.nguyentienngomua.com\/wp-content\/uploads\/2023\/05\/Ong_Than_02-768x1024-640x480.jpg 400w,https:\/\/www.nguyentienngomua.com\/wp-content\/uploads\/2023\/05\/Ong_Than_02-768x1024-640x480.jpg 2x\" data-envira-width=\"225\" data-envira-height=\"300\" srcset=\"data:image\/gif;base64,R0lGODlhAQABAIAAAP\/\/\/\/\/\/\/yH5BAEKAAEALAAAAAABAAEAAAICTAEAOw==\" data-safe-src=\"data:image\/gif;base64,R0lGODlhAQABAIAAAP\/\/\/\/\/\/\/yH5BAEKAAEALAAAAAABAAEAAAICTAEAOw==\" \/><\/a><\/div><\/div><div id=\"envira-gallery-item-1495\" class=\"envira-gallery-item enviratope-item envira-gallery-item-5 envira-lazy-load\" style=\"padding-left: 1px; padding-bottom: 1px; padding-right: 1px;\"  itemscope itemtype=\"https:\/\/schema.org\/ImageObject\"><div class=\"envira-gallery-item-inner\"><div class=\"envira-gallery-position-overlay  envira-gallery-top-left\"><\/div><div class=\"envira-gallery-position-overlay  envira-gallery-top-right\"><\/div><div class=\"envira-gallery-position-overlay  envira-gallery-bottom-left\"><\/div><div class=\"envira-gallery-position-overlay  envira-gallery-bottom-right\"><\/div><a href=\"https:\/\/www.nguyentienngomua.com\/wp-content\/uploads\/2023\/05\/Ong_Thuy.jpg\" class=\"envira-gallery-1487 envira-gallery-link\" rel=\"enviragallery1487\" title=\"Ong_Thuy\" data-envira-caption=\"Ong_Thuy\" data-envira-retina=\"\" data-thumbnail=\"\"  itemprop=\"contentUrl\"><img decoding=\"async\" id=\"envira-gallery-image-1495\" class=\"envira-gallery-image envira-gallery-image-5 envira-normal envira-lazy\" data-envira-index=\"5\" src=\"https:\/\/www.nguyentienngomua.com\/wp-content\/uploads\/2023\/05\/Ong_Thuy-768x1024-640x480.jpg\" data-envira-src=\"https:\/\/www.nguyentienngomua.com\/wp-content\/uploads\/2023\/05\/Ong_Thuy-768x1024-640x480.jpg\" data-envira-gallery-id=\"1487\" data-envira-item-id=\"1495\" data-envira-caption=\"Ong_Thuy\" alt=\"\" title=\"Ong_Thuy\"  itemprop=\"thumbnailUrl\" data-envira-srcset=\"https:\/\/www.nguyentienngomua.com\/wp-content\/uploads\/2023\/05\/Ong_Thuy-768x1024-640x480.jpg 400w,https:\/\/www.nguyentienngomua.com\/wp-content\/uploads\/2023\/05\/Ong_Thuy-768x1024-640x480.jpg 2x\" data-envira-width=\"225\" data-envira-height=\"300\" srcset=\"data:image\/gif;base64,R0lGODlhAQABAIAAAP\/\/\/\/\/\/\/yH5BAEKAAEALAAAAAABAAEAAAICTAEAOw==\" data-safe-src=\"data:image\/gif;base64,R0lGODlhAQABAIAAAP\/\/\/\/\/\/\/yH5BAEKAAEALAAAAAABAAEAAAICTAEAOw==\" \/><\/a><\/div><\/div><\/div><\/div><noscript><img decoding=\"async\" src=\"https:\/\/www.nguyentienngomua.com\/wp-content\/uploads\/2023\/05\/Sach-lich-su-dang-bo.jpg\" alt=\"\" \/><img decoding=\"async\" src=\"https:\/\/www.nguyentienngomua.com\/wp-content\/uploads\/2023\/05\/Cu_Rinh.jpg\" alt=\"\" \/><img decoding=\"async\" src=\"https:\/\/www.nguyentienngomua.com\/wp-content\/uploads\/2023\/05\/Ong_Than_01.jpg\" alt=\"\" \/><img decoding=\"async\" src=\"https:\/\/www.nguyentienngomua.com\/wp-content\/uploads\/2023\/05\/Ong_Than_02.jpg\" alt=\"\" \/><img decoding=\"async\" src=\"https:\/\/www.nguyentienngomua.com\/wp-content\/uploads\/2023\/05\/Ong_Thuy.jpg\" alt=\"\" \/><\/noscript><\/div>\n\n\n\n<hr class=\"wp-block-separator has-alpha-channel-opacity\"\/>\n\n\n\n<ul class=\"wp-block-list\">\n<li><a href=\"https:\/\/nhandan.vn\/nghi-luc-song-cua-co-gai-khiem-thi-post307813.html\">Ngh\u1ecb l\u1ef1c s\u1ed1ng c\u1ee7a c\u00f4 g\u00e1i khi\u1ebfm th\u1ecb<\/a><br>B\u00e0i vi\u1ebft tr\u00ean b\u00e1o Nh\u00e2n D\u00e2n (28\/10\/2017) v\u1ec1  <em>\u0110\u00e0o Thu H\u01b0\u01a1ng<\/em> con D7- Nguy\u1ec5n Th\u1ecb H\u1ea1nh (Chi 3 &#8211; con g\u00e1i c\u1ee5 D6-Nguy\u1ec5n Nh\u01b0 Tr\u00e1c) .<\/li>\n<\/ul>\n\n\n\n<hr class=\"wp-block-separator has-alpha-channel-opacity\"\/>\n\n\n\n<ul class=\"wp-block-list\">\n<li><a href=\"https:\/\/www.nguyentienngomua.com\/wp-content\/uploads\/2023\/05\/cu-Nguyen-Tien-Rinh_tuyen-tap-tho.pdf\" data-type=\"attachment\" data-id=\"1511\">Tuy\u1ec3n t\u1eadp th\u01a1 c\u1ee7a c\u1ee5 D5-Nguy\u1ec5n Ti\u1ebfn R\u00ednh<\/a><\/li>\n<\/ul>\n\n\n\n<div class=\"wp-block-envira-envira-gallery\"><div id=\"envira-gallery-wrap-1530\" class=\"envira-gallery-wrap envira-gallery-theme-base envira-lightbox-theme-base\" itemscope itemtype=\"https:\/\/schema.org\/ImageGallery\"><div data-row-height=\"150\" data-gallery-theme=\"normal\" id=\"envira-gallery-1530\" class=\"envira-gallery-public envira-gallery-justified-public envira-gallery-0-columns envira-clear enviratope envira-gallery-css-animations\" data-envira-columns=\"0\"><div id=\"envira-gallery-item-1529\" class=\"envira-gallery-item enviratope-item envira-gallery-item-1 envira-lazy-load\" style=\"padding-left: 1px; padding-bottom: 1px; padding-right: 1px;\"  itemscope itemtype=\"https:\/\/schema.org\/ImageObject\"><div class=\"envira-gallery-item-inner\"><div class=\"envira-gallery-position-overlay  envira-gallery-top-left\"><\/div><div class=\"envira-gallery-position-overlay  envira-gallery-top-right\"><\/div><div class=\"envira-gallery-position-overlay  envira-gallery-bottom-left\"><\/div><div class=\"envira-gallery-position-overlay  envira-gallery-bottom-right\"><\/div><a href=\"https:\/\/www.nguyentienngomua.com\/wp-content\/uploads\/2023\/05\/BaiThoYeuNuoc-1.jpg\" class=\"envira-gallery-1530 envira-gallery-link\" rel=\"enviragallery1530\" title=\"BaiThoYeuNuoc\" data-envira-caption=\"BaiThoYeuNuoc\" data-envira-retina=\"\" data-thumbnail=\"\"  itemprop=\"contentUrl\"><img decoding=\"async\" id=\"envira-gallery-image-1529\" class=\"envira-gallery-image envira-gallery-image-1 envira-normal envira-lazy\" data-envira-index=\"1\" src=\"https:\/\/www.nguyentienngomua.com\/wp-content\/uploads\/2023\/05\/BaiThoYeuNuoc-1-818x1024-640x480.jpg\" data-envira-src=\"https:\/\/www.nguyentienngomua.com\/wp-content\/uploads\/2023\/05\/BaiThoYeuNuoc-1-818x1024-640x480.jpg\" data-envira-gallery-id=\"1530\" data-envira-item-id=\"1529\" data-envira-caption=\"BaiThoYeuNuoc\" alt=\"\" title=\"BaiThoYeuNuoc\"  itemprop=\"thumbnailUrl\" data-envira-srcset=\"https:\/\/www.nguyentienngomua.com\/wp-content\/uploads\/2023\/05\/BaiThoYeuNuoc-1-818x1024-640x480.jpg 400w,https:\/\/www.nguyentienngomua.com\/wp-content\/uploads\/2023\/05\/BaiThoYeuNuoc-1-818x1024-640x480.jpg 2x\" data-envira-width=\"240\" data-envira-height=\"300\" srcset=\"data:image\/gif;base64,R0lGODlhAQABAIAAAP\/\/\/\/\/\/\/yH5BAEKAAEALAAAAAABAAEAAAICTAEAOw==\" data-safe-src=\"data:image\/gif;base64,R0lGODlhAQABAIAAAP\/\/\/\/\/\/\/yH5BAEKAAEALAAAAAABAAEAAAICTAEAOw==\" \/><\/a><\/div><\/div><\/div><\/div><noscript><img decoding=\"async\" src=\"https:\/\/www.nguyentienngomua.com\/wp-content\/uploads\/2023\/05\/BaiThoYeuNuoc-1.jpg\" alt=\"\" \/><\/noscript><\/div>\n\n\n\n<hr class=\"wp-block-separator has-alpha-channel-opacity\"\/>\n\n\n\n<ul class=\"wp-block-list\">\n<li><a href=\"https:\/\/www.nguyentienngomua.com\/wp-content\/uploads\/2023\/10\/Luoc-khao-va-lai-lich-ho-Nguyen-Tien.pdf\">L\u01b0\u1ee3c kh\u1ea3o v\u00e0 lai l\u1ecbch h\u1ecd Nguy\u1ec5n Ti\u1ebfn c\u1ee7a c\u1ee5 D5-Nguy\u1ec5n Ti\u1ebfn \u0110\u1ec5<\/a><\/li>\n<\/ul>\n\n\n\n<figure class=\"wp-block-image size-full\"><img loading=\"lazy\" decoding=\"async\" width=\"126\" height=\"184\" src=\"https:\/\/www.nguyentienngomua.com\/wp-content\/uploads\/2023\/10\/luoc-khao-1.png\" alt=\"\" class=\"wp-image-2783\"\/><\/figure>\n\n\n\n<ul class=\"wp-block-list\">\n<li>Nh\u1eefng hi\u1ec3u bi\u1ebft c\u01a1 b\u1ea3n v\u1ec1 \u0111\u1ea1o Ph\u1eadt<\/li>\n<\/ul>\n\n\n\n<figure class=\"wp-block-image size-full\"><img loading=\"lazy\" decoding=\"async\" width=\"185\" height=\"256\" src=\"https:\/\/www.nguyentienngomua.com\/wp-content\/uploads\/2024\/01\/HieuBietCoBanVeDaoPhat.jpg\" alt=\"\" class=\"wp-image-2789\"\/><\/figure>\n\n\n\n<ul class=\"wp-block-list\">\n<li>L\u1ecbch s\u1eed \u0110\u1ecbnh Qu\u1ed1c c\u00f4ng Nguy\u1ec5n B\u1eb7c &#8211; T\u1ee9 tr\u1ee5 tri\u1ec1u \u0111\u00ecnh<\/li>\n<\/ul>\n\n\n\n<figure class=\"wp-block-embed is-type-video is-provider-youtube wp-block-embed-youtube wp-embed-aspect-16-9 wp-has-aspect-ratio\"><div class=\"wp-block-embed__wrapper\">\n<iframe loading=\"lazy\" title=\"Gi\u00e1o d\u1ee5c Qu\u1ed1c ph\u00f2ng an ninh: \u0110\u1ecbnh Qu\u1ed1c c\u00f4ng Nguy\u1ec5n B\u1eb7c - T\u1ee9 tr\u1ee5 tri\u1ec1u \u0111\u00ecnh\" width=\"640\" height=\"360\" src=\"https:\/\/www.youtube.com\/embed\/8mI61CM2zJU?feature=oembed\" frameborder=\"0\" allow=\"accelerometer; autoplay; clipboard-write; encrypted-media; gyroscope; picture-in-picture; web-share\" referrerpolicy=\"strict-origin-when-cross-origin\" allowfullscreen><\/iframe>\n<\/div><\/figure>\n\n\n\n<ul class=\"wp-block-list\">\n<li>Kh\u1edfi ph\u00e1t t\u1eeb \u0111\u1ea5t Gia Mi\u00eau Ngo\u1ea1i trang, (nay l\u00e0 x\u00e3 H\u00e0 Long, huy\u1ec7n H\u00e0 Trung, t\u1ec9nh Thanh H\u00f3a) <a href=\"https:\/\/danviet.vn\/gia-mieu-o-thanh-hoa-vung-dat-co-dat-phat-tich-cua-vuong-trieu-nha-nguyen-bi-an-chua-kham-pha-20240807192939544-d1177376.html\"><strong>nh\u1eefng ng\u01b0\u1eddi con d\u00f2ng h\u1ecd Nguy\u1ec5n v\u1edbi t\u00e0i tr\u00ed, kh\u00e1t v\u1ecdng l\u1eadp th\u00e2n, l\u1eadp nghi\u1ec7p \u0111\u00e3 ghi danh s\u1eed s\u00e1ch mu\u00f4n \u0111\u1eddi<\/strong>.<\/a><\/li>\n<\/ul>\n\n\n\n<div class=\"wp-block-envira-envira-gallery\"><div id=\"envira-gallery-wrap-3074\" class=\"envira-gallery-wrap envira-gallery-theme-base envira-lightbox-theme-base\" itemscope itemtype=\"https:\/\/schema.org\/ImageGallery\"><div data-row-height=\"150\" data-gallery-theme=\"normal\" id=\"envira-gallery-3074\" class=\"envira-gallery-public envira-gallery-justified-public envira-gallery-0-columns envira-clear enviratope envira-gallery-css-animations\" data-envira-columns=\"0\"><div id=\"envira-gallery-item-3073\" class=\"envira-gallery-item enviratope-item envira-gallery-item-1 envira-lazy-load\" style=\"padding-left: 1px; padding-bottom: 1px; padding-right: 1px;\"  itemscope itemtype=\"https:\/\/schema.org\/ImageObject\"><div class=\"envira-gallery-item-inner\"><div class=\"envira-gallery-position-overlay  envira-gallery-top-left\"><\/div><div class=\"envira-gallery-position-overlay  envira-gallery-top-right\"><\/div><div class=\"envira-gallery-position-overlay  envira-gallery-bottom-left\"><\/div><div class=\"envira-gallery-position-overlay  envira-gallery-bottom-right\"><\/div><a href=\"https:\/\/www.nguyentienngomua.com\/wp-content\/uploads\/2025\/11\/dinh-gia-mieu-o-ha-trung-thanh-hoa-noi-vi-nhu-dat-phat-tich-cua-vuong-trieu-nha-nguyen-1723033322627788119401.jpg\" class=\"envira-gallery-3074 envira-gallery-link\" rel=\"enviragallery3074\" title=\"dinh-gia-mieu-o-ha-trung-thanh-hoa-noi-vi-nhu-dat-phat-tich-cua-vuong-trieu-nha-nguyen-1723033322627788119401\" data-envira-caption=\"dinh-gia-mieu-o-ha-trung-thanh-hoa-noi-vi-nhu-dat-phat-tich-cua-vuong-trieu-nha-nguyen-1723033322627788119401\" data-envira-retina=\"\" data-thumbnail=\"\"  itemprop=\"contentUrl\"><img decoding=\"async\" id=\"envira-gallery-image-3073\" class=\"envira-gallery-image envira-gallery-image-1 envira-normal envira-lazy\" data-envira-index=\"1\" src=\"https:\/\/www.nguyentienngomua.com\/wp-content\/uploads\/2025\/11\/dinh-gia-mieu-o-ha-trung-thanh-hoa-noi-vi-nhu-dat-phat-tich-cua-vuong-trieu-nha-nguyen-1723033322627788119401-640x480.jpg\" data-envira-src=\"https:\/\/www.nguyentienngomua.com\/wp-content\/uploads\/2025\/11\/dinh-gia-mieu-o-ha-trung-thanh-hoa-noi-vi-nhu-dat-phat-tich-cua-vuong-trieu-nha-nguyen-1723033322627788119401-640x480.jpg\" data-envira-gallery-id=\"3074\" data-envira-item-id=\"3073\" data-envira-caption=\"dinh-gia-mieu-o-ha-trung-thanh-hoa-noi-vi-nhu-dat-phat-tich-cua-vuong-trieu-nha-nguyen-1723033322627788119401\" alt=\"\" title=\"dinh-gia-mieu-o-ha-trung-thanh-hoa-noi-vi-nhu-dat-phat-tich-cua-vuong-trieu-nha-nguyen-1723033322627788119401\"  itemprop=\"thumbnailUrl\" data-envira-srcset=\"https:\/\/www.nguyentienngomua.com\/wp-content\/uploads\/2025\/11\/dinh-gia-mieu-o-ha-trung-thanh-hoa-noi-vi-nhu-dat-phat-tich-cua-vuong-trieu-nha-nguyen-1723033322627788119401-640x480.jpg 400w,https:\/\/www.nguyentienngomua.com\/wp-content\/uploads\/2025\/11\/dinh-gia-mieu-o-ha-trung-thanh-hoa-noi-vi-nhu-dat-phat-tich-cua-vuong-trieu-nha-nguyen-1723033322627788119401-640x480.jpg 2x\" data-envira-width=\"300\" data-envira-height=\"193\" srcset=\"data:image\/gif;base64,R0lGODlhAQABAIAAAP\/\/\/\/\/\/\/yH5BAEKAAEALAAAAAABAAEAAAICTAEAOw==\" data-safe-src=\"data:image\/gif;base64,R0lGODlhAQABAIAAAP\/\/\/\/\/\/\/yH5BAEKAAEALAAAAAABAAEAAAICTAEAOw==\" \/><\/a><\/div><\/div><div id=\"envira-gallery-item-3075\" class=\"envira-gallery-item enviratope-item envira-gallery-item-2 envira-lazy-load\" style=\"padding-left: 1px; padding-bottom: 1px; padding-right: 1px;\"  itemscope itemtype=\"https:\/\/schema.org\/ImageObject\"><div class=\"envira-gallery-item-inner\"><div class=\"envira-gallery-position-overlay  envira-gallery-top-left\"><\/div><div class=\"envira-gallery-position-overlay  envira-gallery-top-right\"><\/div><div class=\"envira-gallery-position-overlay  envira-gallery-bottom-left\"><\/div><div class=\"envira-gallery-position-overlay  envira-gallery-bottom-right\"><\/div><a href=\"https:\/\/www.nguyentienngomua.com\/wp-content\/uploads\/2025\/11\/giamieuasyk-1723033273856-17230332745681880306514.jpg\" class=\"envira-gallery-3074 envira-gallery-link\" rel=\"enviragallery3074\" title=\"giamieuasyk-1723033273856-17230332745681880306514\" data-envira-caption=\"giamieuasyk-1723033273856-17230332745681880306514\" data-envira-retina=\"\" data-thumbnail=\"\"  itemprop=\"contentUrl\"><img decoding=\"async\" id=\"envira-gallery-image-3075\" class=\"envira-gallery-image envira-gallery-image-2 envira-normal envira-lazy\" data-envira-index=\"2\" src=\"https:\/\/www.nguyentienngomua.com\/wp-content\/uploads\/2025\/11\/giamieuasyk-1723033273856-17230332745681880306514-640x480.jpg\" data-envira-src=\"https:\/\/www.nguyentienngomua.com\/wp-content\/uploads\/2025\/11\/giamieuasyk-1723033273856-17230332745681880306514-640x480.jpg\" data-envira-gallery-id=\"3074\" data-envira-item-id=\"3075\" data-envira-caption=\"giamieuasyk-1723033273856-17230332745681880306514\" alt=\"\" title=\"giamieuasyk-1723033273856-17230332745681880306514\"  itemprop=\"thumbnailUrl\" data-envira-srcset=\"https:\/\/www.nguyentienngomua.com\/wp-content\/uploads\/2025\/11\/giamieuasyk-1723033273856-17230332745681880306514-640x480.jpg 400w,https:\/\/www.nguyentienngomua.com\/wp-content\/uploads\/2025\/11\/giamieuasyk-1723033273856-17230332745681880306514-640x480.jpg 2x\" data-envira-width=\"300\" data-envira-height=\"157\" srcset=\"data:image\/gif;base64,R0lGODlhAQABAIAAAP\/\/\/\/\/\/\/yH5BAEKAAEALAAAAAABAAEAAAICTAEAOw==\" data-safe-src=\"data:image\/gif;base64,R0lGODlhAQABAIAAAP\/\/\/\/\/\/\/yH5BAEKAAEALAAAAAABAAEAAAICTAEAOw==\" \/><\/a><\/div><\/div><\/div><\/div><noscript><img decoding=\"async\" src=\"https:\/\/www.nguyentienngomua.com\/wp-content\/uploads\/2025\/11\/dinh-gia-mieu-o-ha-trung-thanh-hoa-noi-vi-nhu-dat-phat-tich-cua-vuong-trieu-nha-nguyen-1723033322627788119401.jpg\" alt=\"\" \/><img decoding=\"async\" src=\"https:\/\/www.nguyentienngomua.com\/wp-content\/uploads\/2025\/11\/giamieuasyk-1723033273856-17230332745681880306514.jpg\" alt=\"\" \/><\/noscript><\/div>\n\n\n\n<p><strong>Di t\u00edch \u0111\u00ecnh l\u00e0ng Gia Mi\u00eau, x\u00e3 H\u00e0 Long, huy\u1ec7n H\u00e0 Trung, t\u1ec9nh Thanh H\u00f3a g\u1eafn v\u1edbi v\u00f9ng \u0111\u1ea5t ph\u00e1t t\u00edch c\u1ee7a v\u01b0\u01a1ng tri\u1ec1u nh\u00e0 Nguy\u1ec5n<\/strong><\/p>\n","protected":false},"excerpt":{"rendered":"<p>Th\u01b0 vi\u1ec7n l\u01b0u tr\u1eef nh\u1eefng t\u01b0 li\u1ec7u vi\u1ebft v\u1ec1 con ch\u00e1u h\u1ecd Nguy\u1ec5n Ti\u1ebfn th\u00f4n Ng\u00f5 M\u01b0a v\u00e0 nh\u1eefng \u1ea5n ph\u1ea9m do con ch\u00e1u c\u1ee7a d\u00f2ng h\u1ecd bi\u00ean so\u1ea1n, s\u00e1ng t\u00e1c. Di t\u00edch \u0111\u00ecnh l\u00e0ng Gia Mi\u00eau, x\u00e3 H\u00e0 Long, &hellip; <a href=\"https:\/\/www.nguyentienngomua.com\/index.php\/thu-vien\/\">Continue reading <span class=\"meta-nav\">&rarr;<\/span><\/a><\/p>\n","protected":false},"author":1,"featured_media":0,"parent":0,"menu_order":0,"comment_status":"closed","ping_status":"closed","template":"","meta":{"footnotes":""},"class_list":["post-1481","page","type-page","status-publish","hentry"],"_links":{"self":[{"href":"https:\/\/www.nguyentienngomua.com\/index.php\/wp-json\/wp\/v2\/pages\/1481","targetHints":{"allow":["GET"]}}],"collection":[{"href":"https:\/\/www.nguyentienngomua.com\/index.php\/wp-json\/wp\/v2\/pages"}],"about":[{"href":"https:\/\/www.nguyentienngomua.com\/index.php\/wp-json\/wp\/v2\/types\/page"}],"author":[{"embeddable":true,"href":"https:\/\/www.nguyentienngomua.com\/index.php\/wp-json\/wp\/v2\/users\/1"}],"replies":[{"embeddable":true,"href":"https:\/\/www.nguyentienngomua.com\/index.php\/wp-json\/wp\/v2\/comments?post=1481"}],"version-history":[{"count":28,"href":"https:\/\/www.nguyentienngomua.com\/index.php\/wp-json\/wp\/v2\/pages\/1481\/revisions"}],"predecessor-version":[{"id":3076,"href":"https:\/\/www.nguyentienngomua.com\/index.php\/wp-json\/wp\/v2\/pages\/1481\/revisions\/3076"}],"wp:attachment":[{"href":"https:\/\/www.nguyentienngomua.com\/index.php\/wp-json\/wp\/v2\/media?parent=1481"}],"curies":[{"name":"wp","href":"https:\/\/api.w.org\/{rel}","templated":true}]}}