{"id":1535,"date":"2023-05-27T21:42:04","date_gmt":"2023-05-27T14:42:04","guid":{"rendered":"https:\/\/www.nguyentienngomua.com\/?page_id=1535"},"modified":"2023-05-27T22:08:19","modified_gmt":"2023-05-27T15:08:19","slug":"lich","status":"publish","type":"page","link":"https:\/\/www.nguyentienngomua.com\/index.php\/lich\/","title":{"rendered":"L\u1ecbch"},"content":{"rendered":"\n<p>Ghi ch\u00fa: Ng\u00e0y ghi trong khung m\u00e0u xanh l\u00e0 ng\u00e0y \u00e2m.<\/p>\n\n\n        <figure class=\"wp-block-embedpress-embedpress-calendar aligncenter\" style=\"width: 600px; height: 600px;\">\n                            <iframe loading=\"lazy\" src=\"https:\/\/calendar.google.com\/calendar\/embed?src=nguyentienngomua%40gmail.com&#038;ctz=Asia%2FHo_Chi_Minh\"\n                        width=\"600\"\n                        height=\"600\"\n                        frameborder=\"0\"\n                        scrolling=\"no\"\n                        title=\"L\u1ecbch\">\n                <\/iframe>\n            \n                    <\/figure>\n    ","protected":false},"excerpt":{"rendered":"<p>Ghi ch\u00fa: Ng\u00e0y ghi trong khung m\u00e0u xanh l\u00e0 ng\u00e0y \u00e2m.<\/p>\n","protected":false},"author":1,"featured_media":0,"parent":0,"menu_order":0,"comment_status":"closed","ping_status":"closed","template":"","meta":{"footnotes":""},"class_list":["post-1535","page","type-page","status-publish","hentry"],"_links":{"self":[{"href":"https:\/\/www.nguyentienngomua.com\/index.php\/wp-json\/wp\/v2\/pages\/1535","targetHints":{"allow":["GET"]}}],"collection":[{"href":"https:\/\/www.nguyentienngomua.com\/index.php\/wp-json\/wp\/v2\/pages"}],"about":[{"href":"https:\/\/www.nguyentienngomua.com\/index.php\/wp-json\/wp\/v2\/types\/page"}],"author":[{"embeddable":true,"href":"https:\/\/www.nguyentienngomua.com\/index.php\/wp-json\/wp\/v2\/users\/1"}],"replies":[{"embeddable":true,"href":"https:\/\/www.nguyentienngomua.com\/index.php\/wp-json\/wp\/v2\/comments?post=1535"}],"version-history":[{"count":6,"href":"https:\/\/www.nguyentienngomua.com\/index.php\/wp-json\/wp\/v2\/pages\/1535\/revisions"}],"predecessor-version":[{"id":1543,"href":"https:\/\/www.nguyentienngomua.com\/index.php\/wp-json\/wp\/v2\/pages\/1535\/revisions\/1543"}],"wp:attachment":[{"href":"https:\/\/www.nguyentienngomua.com\/index.php\/wp-json\/wp\/v2\/media?parent=1535"}],"curies":[{"name":"wp","href":"https:\/\/api.w.org\/{rel}","templated":true}]}}