{"id":2309,"date":"2023-06-05T00:06:24","date_gmt":"2023-06-04T17:06:24","guid":{"rendered":"https:\/\/www.nguyentienngomua.com\/index.php\/rootspersona-tree\/nguyen-thi-nho\/"},"modified":"2023-06-05T00:06:24","modified_gmt":"2023-06-04T17:06:24","slug":"nguyen-thi-nho","status":"publish","type":"page","link":"https:\/\/www.nguyentienngomua.com\/index.php\/rootspersona-tree\/nguyen-thi-nho\/","title":{"rendered":"Nguy\u1ec5n, Th\u1ecb Nh\u1ee1"},"content":{"rendered":"<section class=\"rp_truncate\"><div class=\"rp_header\" itemscope itemtype=\"https:\/\/schema.org\/Person\"><meta itemprop=\"gender\" content=\"F\"\/><div float:left;\"><a href=\"https:\/\/www.nguyentienngomua.com\/wp-content\/plugins\/rootspersona\/\/images\/girl-silhouette.gif\"><img decoding=\"async\" class=\"rp_headerbox\" src=\"https:\/\/www.nguyentienngomua.com\/wp-content\/plugins\/rootspersona\/\/images\/girl-silhouette.gif\" \/><\/a><\/div><div class=\"rp_headerbox\"><span class=\"rp_headerbox\" id=\"hdr_name\" itemprop=\"name\">D6 Th\u1ecb Nh\u1ee1  Nguy\u1ec5n<\/span><span class=\"rp_headerbox\" style=\"padding-left:15px;text-align:right;color:#EBDDE2;display:none;\">I574<\/span><\/div><\/div><\/section><section class=\"rp_truncate\"><div class=\"rp_banner\">Biography<\/div><div class=\"rp_bio\" style=\"margin:10px; 0px !important;\"> Nguy\u1ec5n Th\u1ecb Nh\u1ee1, l\u1ea5y \u00f4ng L\u0103n \u1edf  V\u0103n Qu\u00e1n, kh\u00f4ng c\u00f3 con.<\/div><\/section><section class=\"rp_truncate\"><div class=\"rp_banner\">Facts<\/div><div class=\"rp_facts\"><ul><li>Death - Y <\/li><\/ul><\/div><\/section><section class=\"rp_truncate\"><div class=\"rp_banner\">Ancestors<\/div><div class=\"rp_ancestors\"><table cellpadding=\"0\" cellspacing=\"0\" class=\"ancestors\"><tbody><tr><td colspan=\"2\" rowspan=\"6\">&#160;<\/td><td colspan=\"3\" rowspan=\"2\">&#160;<\/td><td>&#160;<\/td><td rowspan=\"2\" class=\"rp_nameBox\" style=\"border-color:brown !important\"><div class=\"nospace\" itemscope itemtype=\"https:\/\/schema.org\/Person\"><meta itemprop=\"gender\" content=\"U\"\/><span class=\"nospace\" id=\"anc0_name\" itemprop=\"name\">?<\/span><br\/><\/div><\/td><\/tr><tr><td class=\"rp_topleft\" style=\"border-color:brown !important\">&#160;<\/td><\/tr><tr><td>&#160;<\/td><td rowspan=\"2\" class=\"rp_nameBox\" style=\"border-color:brown !important\"><div class=\"nospace\" itemscope itemtype=\"https:\/\/schema.org\/Person\"><meta itemprop=\"gender\" content=\"M\"\/><a href=\"https:\/\/www.nguyentienngomua.com?page_id=2398\"><span class=\"nospace\" id=\"ancI186_name\" itemprop=\"name\">D5 Ti\u1ebfn B\u00e2n  Nguy\u1ec5n<\/span><\/a><br\/><\/div><\/td><td class=\"rp_bottom\" style=\"border-color:brown !important\">&#160;<\/td><td colspan=\"2\" rowspan=\"2\" class=\"rp_left\" style=\"border-color:brown !important\">&#160;<\/td><\/tr><tr><td class=\"rp_topleft\" style=\"border-color:brown !important\">&#160;<\/td><td>&#160;<\/td><\/tr><tr><td colspan=\"3\" rowspan=\"6\" class=\"rp_left\" style=\"border-color:brown !important\">&#160;<\/td><td class=\"rp_leftbottom\" style=\"border-color:brown !important\">&#160;<\/td><td rowspan=\"2\" class=\"rp_nameBox\" style=\"border-color:brown !important\"><div class=\"nospace\" itemscope itemtype=\"https:\/\/schema.org\/Person\"><meta itemprop=\"gender\" content=\"M\"\/><a href=\"https:\/\/www.nguyentienngomua.com?page_id=2503\"><span class=\"nospace\" id=\"ancI173_name\" itemprop=\"name\">D4 Ti\u1ebfn Nh\u00e2n  Nguy\u1ec5n<\/span><\/a><br\/><\/div><\/td><\/tr><tr><td>&#160;<\/td><\/tr><tr><td rowspan=\"2\" class=\"rp_nameBox\" style=\"border-color:brown !important\"><div class=\"nospace\" itemscope itemtype=\"https:\/\/schema.org\/Person\"><meta itemprop=\"gender\" content=\"F\"\/><a href=\"https:\/\/www.nguyentienngomua.com?page_id=2309\"><span class=\"nospace\" id=\"ancI574_name\" itemprop=\"name\">D6 Th\u1ecb Nh\u1ee1  Nguy\u1ec5n<\/span><\/a><br\/><\/div><\/td><td class=\"rp_bottom\" style=\"border-color:brown !important\">&#160;<\/td><td colspan=\"2\" rowspan=\"2\">&#160;<\/td><\/tr><tr><td>&#160;<\/td><\/tr><tr><td colspan=\"2\" rowspan=\"6\">&#160;<\/td><td>&#160;<\/td><td rowspan=\"2\" class=\"rp_nameBox\" style=\"border-color:brown !important\"><div class=\"nospace\" itemscope itemtype=\"https:\/\/schema.org\/Person\"><meta itemprop=\"gender\" content=\"U\"\/><span class=\"nospace\" id=\"anc0_name\" itemprop=\"name\">?<\/span><br\/><\/div><\/td><\/tr><tr><td class=\"rp_topleft\" style=\"border-color:brown !important\">&#160;<\/td><\/tr><tr><td class=\"rp_leftbottom\" style=\"border-color:brown !important\">&#160;<\/td><td rowspan=\"2\" class=\"rp_nameBox\" style=\"border-color:brown !important\"><div class=\"nospace\" itemscope itemtype=\"https:\/\/schema.org\/Person\"><meta itemprop=\"gender\" content=\"F\"\/><a href=\"https:\/\/www.nguyentienngomua.com?page_id=2630\"><span class=\"nospace\" id=\"ancI572_name\" itemprop=\"name\">D5 Th\u1ecb S\u00e2m  Ph\u1ea1m<\/span><\/a><br\/><\/div><\/td><td class=\"rp_bottom\" style=\"border-color:brown !important\">&#160;<\/td><td colspan=\"2\" rowspan=\"2\" class=\"rp_left\" style=\"border-color:brown !important\">&#160;<\/td><\/tr><tr><td>&#160;<\/td><td>&#160;<\/td><\/tr><tr><td colspan=\"3\" rowspan=\"2\">&#160;<\/td><td class=\"rp_leftbottom\" style=\"border-color:brown !important\">&#160;<\/td><td rowspan=\"2\" class=\"rp_nameBox\" style=\"border-color:brown !important\"><div class=\"nospace\" itemscope itemtype=\"https:\/\/schema.org\/Person\"><meta itemprop=\"gender\" content=\"U\"\/><span class=\"nospace\" id=\"anc0_name\" itemprop=\"name\">?<\/span><br\/><\/div><\/td><\/tr><tr><td>&#160;<\/td><\/tr><\/tbody><\/table><\/div><\/section><section class=\"rp_truncate\"><div class=\"rp_banner\">Family Group Sheet - Child<\/div><div class=\"rp_family\"><table class=\"familygroup\" style=\"border-color:brown !important\" itemscope itemtype=\"https:\/\/schema.org\/Family\"><tbody><tr id=\"c0pI186\" itemprop=\"parents\" itemscope itemtype=\"https:\/\/schema.org\/Person\"><td class=\"full\" colspan=\"4\" style=\"color:black;background-image:url('https:\/\/www.nguyentienngomua.com\/wp-content\/plugins\/rootspersona\/images\/familyGroupSidebar.jpg') !important;border-color:brown !important\">PARENT (<span itemprop=\"gender\">M<\/span>) <a href=\"https:\/\/www.nguyentienngomua.com?page_id=2398\" itemprop=\"name\">D5 Ti\u1ebfn B\u00e2n  Nguy\u1ec5n<\/a><span itemprop=\"birth\" itemscope itemtype=\"https:\/\/schema.org\/Event\" itemref=\"c0pI186_bdate c0pI186_bloc\"><\/span><span itemprop=\"death\" itemscope itemtype=\"https:\/\/schema.org\/Event\" itemref=\"c0pI186_ddate c0pI186_dloc\"><\/span><span itemprop=\"marriages\" itemscope itemtype=\"https:\/\/schema.org\/Event\" itemref=\"c0pI186_mdate c0pI186_mloc\"><\/span><span itemprop=\"parents\" itemscope itemtype=\"https:\/\/schema.org\/Person\" itemref=\"c0pI186_father\"><\/span><span itemprop=\"parents\" itemscope itemtype=\"https:\/\/schema.org\/Person\" itemref=\"c0pI186_mother\"><\/span><\/td><\/tr><tr id=\"c0pI186_birth\"><td class=\"inset\" rowspan=\"7\" style=\"color:black;background-image:url('https:\/\/www.nguyentienngomua.com\/wp-content\/plugins\/rootspersona\/images\/familyGroupSidebar.jpg') !important;border-color:brown !important\" ><td class=\"label\" style=\"border-color:brown !important\">Birth<\/td><td id=\"c0pI186_bdate\" itemprop=\"startDate\" class=\"rp_date\" style=\"border-color:brown !important\"><\/td><td id=\"c0pI186_bloc\" itemprop=\"location\" itemscope itemtype=\"http:\/\/schema.org\/Place\" class=\"notes\" style=\"border-color:brown !important\"><\/td><\/tr><tr id=\"c0pI186_death\"><td class=\"label\" style=\"border-color:brown !important\">Death<\/td><td id=\"c0pI186_ddate\" itemprop=\"startDate\" class=\"rp_date\" style=\"border-color:brown !important\"> <\/td><td id=\"c0pI186_dloc\" itemprop=\"location\" itemscope itemtype=\"http:\/\/schema.org\/Place\" class=\"notes\" style=\"border-color:brown !important\"><\/td><\/tr><tr id=\"c0pI1860_marriage\"><td class=\"label\" style=\"border-color:brown !important\">Marriage<\/td><td id=\"c0pI1860_mdate\" class=\"rp_date\" style=\"border-color:brown !important\" itemprop=\"startDate\"><\/td><td class=\"notes\" style=\"border-color:brown !important\">to <a href=\"https:\/\/www.nguyentienngomua.com?page_id=2630\" itemprop=\"attendees\" itemscope itemtype=\"https:\/\/schema.org\/Person\"><span itemprop=\"name\">D5 Th\u1ecb S\u00e2m  Ph\u1ea1m<\/span><\/a> <span  id=\"c0pI1860_mloc\" itemprop=\"location\" itemscope itemtype=\"http:\/\/schema.org\/Place\"><span itemprop=\"name\"><\/span><\/span><\/td><\/tr><tr id=\"c0pI1861_marriage\"><td class=\"label\" style=\"border-color:brown !important\">Marriage<\/td><td id=\"c0pI1861_mdate\" class=\"rp_date\" style=\"border-color:brown !important\" itemprop=\"startDate\"><\/td><td class=\"notes\" style=\"border-color:brown !important\">to <a href=\"https:\/\/www.nguyentienngomua.com?page_id=2633\" itemprop=\"attendees\" itemscope itemtype=\"https:\/\/schema.org\/Person\"><span itemprop=\"name\">D5 Th\u1ecb Th\u00f9y  Ph\u1ea1m<\/span><\/a> <span  id=\"c0pI1861_mloc\" itemprop=\"location\" itemscope itemtype=\"http:\/\/schema.org\/Place\"><span itemprop=\"name\"><\/span><\/span><\/td><\/tr><tr id=\"c0pI1862_marriage\"><td class=\"label\" style=\"border-color:brown !important\">Marriage<\/td><td id=\"c0pI1862_mdate\" class=\"rp_date\" style=\"border-color:brown !important\" itemprop=\"startDate\"><\/td><td class=\"notes\" style=\"border-color:brown !important\">to <a href=\"https:\/\/www.nguyentienngomua.com?page_id=2290\" itemprop=\"attendees\" itemscope itemtype=\"https:\/\/schema.org\/Person\"><span itemprop=\"name\">D5 Th\u1ecb May  Nguy\u1ec5n<\/span><\/a> <span  id=\"c0pI1862_mloc\" itemprop=\"location\" itemscope itemtype=\"http:\/\/schema.org\/Place\"><span itemprop=\"name\"><\/span><\/span><\/td><\/tr><tr id=\"c0pI186_father\"><td class=\"label\" style=\"border-color:brown !important\">Father<\/td><td class=\"parent\" colspan=\"2\" style=\"border-color:brown !important\"><a href=\"https:\/\/www.nguyentienngomua.com?page_id=2309\" itemprop=\"name\">?<\/a><\/td><\/tr><tr id=\"c0pI186_mother\"><td class=\"label\" style=\"border-color:brown !important\">Mother<\/td><td class=\"parent\" colspan=\"2\" style=\"border-color:brown !important\"><a href=\"https:\/\/www.nguyentienngomua.com?page_id=2503\" itemprop=\"name\">D4 Ti\u1ebfn Nh\u00e2n  Nguy\u1ec5n<\/a><\/td><\/tr><tr id=\"c0mI572\" itemprop=\"parents\" itemscope itemtype=\"https:\/\/schema.org\/Person\"><td class=\"full\" colspan=\"4\" style=\"color:black;background-image:url('https:\/\/www.nguyentienngomua.com\/wp-content\/plugins\/rootspersona\/images\/familyGroupSidebar.jpg') !important;border-color:brown !important\">PARENT (<span itemprop=\"gender\">F<\/span>) <a href=\"https:\/\/www.nguyentienngomua.com?page_id=2630\" itemprop=\"name\">D5 Th\u1ecb S\u00e2m  Ph\u1ea1m<\/a><span itemprop=\"birth\" itemscope itemtype=\"https:\/\/schema.org\/Event\" itemref=\"c0mI572_bdate c0mI572_bloc\"><\/span><span itemprop=\"death\" itemscope itemtype=\"https:\/\/schema.org\/Event\" itemref=\"c0mI572_ddate c0mI572_dloc\"><\/span><span itemprop=\"marriages\" itemscope itemtype=\"https:\/\/schema.org\/Event\" itemref=\"c0mI572_mdate c0mI572_mloc\"><\/span><span itemprop=\"parents\" itemscope itemtype=\"https:\/\/schema.org\/Person\" itemref=\"c0mI572_father\"><\/span><span itemprop=\"parents\" itemscope itemtype=\"https:\/\/schema.org\/Person\" itemref=\"c0mI572_mother\"><\/span><\/td><\/tr><tr id=\"c0mI572_birth\"><td class=\"inset\" rowspan=\"5\" style=\"color:black;background-image:url('https:\/\/www.nguyentienngomua.com\/wp-content\/plugins\/rootspersona\/images\/familyGroupSidebar.jpg') !important;border-color:brown !important\" ><td class=\"label\" style=\"border-color:brown !important\">Birth<\/td><td id=\"c0mI572_bdate\" itemprop=\"startDate\" class=\"rp_date\" style=\"border-color:brown !important\"><\/td><td id=\"c0mI572_bloc\" itemprop=\"location\" itemscope itemtype=\"http:\/\/schema.org\/Place\" class=\"notes\" style=\"border-color:brown !important\"><\/td><\/tr><tr id=\"c0mI572_death\"><td class=\"label\" style=\"border-color:brown !important\">Death<\/td><td id=\"c0mI572_ddate\" itemprop=\"startDate\" class=\"rp_date\" style=\"border-color:brown !important\"> <\/td><td id=\"c0mI572_dloc\" itemprop=\"location\" itemscope itemtype=\"http:\/\/schema.org\/Place\" class=\"notes\" style=\"border-color:brown !important\"><\/td><\/tr><tr id=\"c0mI5720_marriage\"><td class=\"label\" style=\"border-color:brown !important\">Marriage<\/td><td id=\"c0mI5720_mdate\" class=\"rp_date\" style=\"border-color:brown !important\" itemprop=\"startDate\"><\/td><td class=\"notes\" style=\"border-color:brown !important\">to <a href=\"https:\/\/www.nguyentienngomua.com?page_id=2398\" itemprop=\"attendees\" itemscope itemtype=\"https:\/\/schema.org\/Person\"><span itemprop=\"name\">D5 Ti\u1ebfn B\u00e2n  Nguy\u1ec5n<\/span><\/a> <span  id=\"c0mI5720_mloc\" itemprop=\"location\" itemscope itemtype=\"http:\/\/schema.org\/Place\"><span itemprop=\"name\"><\/span><\/span><\/td><\/tr><tr id=\"c0mI572_father\"><td class=\"label\" style=\"border-color:brown !important\">Father<\/td><td class=\"parent\" colspan=\"2\" style=\"border-color:brown !important\"><a href=\"https:\/\/www.nguyentienngomua.com?page_id=2309\" itemprop=\"name\">?<\/a><\/td><\/tr><tr id=\"c0mI572_mother\"><td class=\"label\" style=\"border-color:brown !important\">Mother<\/td><td class=\"parent\" colspan=\"2\" style=\"border-color:brown !important\"><a href=\"https:\/\/www.nguyentienngomua.com?page_id=2309\" itemprop=\"name\">?<\/a><\/td><\/tr><tr><td class=\"full\" colspan=\"4\" style=\"color:black;background-image:url('https:\/\/www.nguyentienngomua.com\/wp-content\/plugins\/rootspersona\/images\/familyGroupSidebar.jpg') !important;border-color:brown !important\">CHILDREN<\/td><\/tr><tr id=\"c0c0I573\" itemprop=\"children\" itemscope itemtype=\"https:\/\/schema.org\/Person\"><td class=\"gender\" style=\"color:black;background-image:url('https:\/\/www.nguyentienngomua.com\/wp-content\/plugins\/rootspersona\/images\/familyGroupSidebar.jpg') !important;border-color:brown !important\" itemprop=\"gender\">F<\/td><td class=\"child\" colspan=\"3\" style=\"color:black;background-image:url('https:\/\/www.nguyentienngomua.com\/wp-content\/plugins\/rootspersona\/images\/familyGroupSidebar.jpg') !important;border-color:brown !important\"><a href=\"https:\/\/www.nguyentienngomua.com?page_id=2293\" itemprop=\"name\">D6 Th\u1ecb M\u01a1  Nguy\u1ec5n<\/a><span itemprop=\"birth\" itemscope itemtype=\"https:\/\/schema.org\/Event\" itemref=\"c0c0I573_bdate c0c0I573_bloc\"><\/span><span itemprop=\"death\" itemscope itemtype=\"https:\/\/schema.org\/Event\" itemref=\"c0c0I573_ddate c0c0I573_dloc\"><\/span><span itemprop=\"marriages\" itemscope itemtype=\"https:\/\/schema.org\/Event\" itemref=\"c0c0I573_mdate c0c0I573_mloc\"><\/span><\/td><\/tr><tr id=\"c0c0I573_birth\"><td class=\"inset\" rowspan=\"2\" style=\"color:black;background-image:url('https:\/\/www.nguyentienngomua.com\/wp-content\/plugins\/rootspersona\/images\/familyGroupSidebar.jpg') !important;border-color:brown !important\"\/><td class=\"label\" style=\"border-color:brown !important\">Birth<\/td><td id=\"c0c0I573_bdate\" itemprop=\"startDate\" class=\"rp_date\" style=\"border-color:brown !important\"><\/td><td id=\"c0c0I573_bloc\" itemprop=\"location\" itemscope itemtype=\"http:\/\/schema.org\/Place\" class=\"notes\" style=\"border-color:brown !important\"><span itemprop=\"name\"><\/span><\/td><\/tr><tr id=\"c0c0I573_death\"><td class=\"label\" style=\"border-color:brown !important\">Death<\/td><td id=\"c0c0I573_ddate\" itemprop=\"startDate\" class=\"rp_date\" style=\"border-color:brown !important\"><\/td><td id=\"c0c0I573_dloc\" itemprop=\"location\" itemscope itemtype=\"http:\/\/schema.org\/Place\" class=\"notes\" style=\"border-color:brown !important\"><span itemprop=\"name\"><\/span><\/td><\/tr><tr id=\"c0c1I574\" itemprop=\"children\" itemscope itemtype=\"https:\/\/schema.org\/Person\"><td class=\"gender\" style=\"color:black;background-image:url('https:\/\/www.nguyentienngomua.com\/wp-content\/plugins\/rootspersona\/images\/familyGroupSidebar.jpg') !important;border-color:brown !important\" itemprop=\"gender\">F<\/td><td class=\"child\" colspan=\"3\" style=\"color:black;background-image:url('https:\/\/www.nguyentienngomua.com\/wp-content\/plugins\/rootspersona\/images\/familyGroupSidebar.jpg') !important;border-color:brown !important\"><a href=\"https:\/\/www.nguyentienngomua.com?page_id=2309\" itemprop=\"name\">D6 Th\u1ecb Nh\u1ee1  Nguy\u1ec5n<\/a><span itemprop=\"birth\" itemscope itemtype=\"https:\/\/schema.org\/Event\" itemref=\"c0c1I574_bdate c0c1I574_bloc\"><\/span><span itemprop=\"death\" itemscope itemtype=\"https:\/\/schema.org\/Event\" itemref=\"c0c1I574_ddate c0c1I574_dloc\"><\/span><span itemprop=\"marriages\" itemscope itemtype=\"https:\/\/schema.org\/Event\" itemref=\"c0c1I574_mdate c0c1I574_mloc\"><\/span><\/td><\/tr><tr id=\"c0c1I574_birth\"><td class=\"inset\" rowspan=\"2\" style=\"color:black;background-image:url('https:\/\/www.nguyentienngomua.com\/wp-content\/plugins\/rootspersona\/images\/familyGroupSidebar.jpg') !important;border-color:brown !important\"\/><td class=\"label\" style=\"border-color:brown !important\">Birth<\/td><td id=\"c0c1I574_bdate\" itemprop=\"startDate\" class=\"rp_date\" style=\"border-color:brown !important\"><\/td><td id=\"c0c1I574_bloc\" itemprop=\"location\" itemscope itemtype=\"http:\/\/schema.org\/Place\" class=\"notes\" style=\"border-color:brown !important\"><span itemprop=\"name\"><\/span><\/td><\/tr><tr id=\"c0c1I574_death\"><td class=\"label\" style=\"border-color:brown !important\">Death<\/td><td id=\"c0c1I574_ddate\" itemprop=\"startDate\" class=\"rp_date\" style=\"border-color:brown !important\"><\/td><td id=\"c0c1I574_dloc\" itemprop=\"location\" itemscope itemtype=\"http:\/\/schema.org\/Place\" class=\"notes\" style=\"border-color:brown !important\"><span itemprop=\"name\"><\/span><\/td><\/tr><\/tbody><\/table><\/div><\/section><div class=\"rp_banner\"><\/div>\n","protected":false},"excerpt":{"rendered":"","protected":false},"author":0,"featured_media":0,"parent":1983,"menu_order":0,"comment_status":"closed","ping_status":"open","template":"","meta":{"footnotes":""},"class_list":["post-2309","page","type-page","status-publish","hentry"],"_links":{"self":[{"href":"https:\/\/www.nguyentienngomua.com\/index.php\/wp-json\/wp\/v2\/pages\/2309","targetHints":{"allow":["GET"]}}],"collection":[{"href":"https:\/\/www.nguyentienngomua.com\/index.php\/wp-json\/wp\/v2\/pages"}],"about":[{"href":"https:\/\/www.nguyentienngomua.com\/index.php\/wp-json\/wp\/v2\/types\/page"}],"replies":[{"embeddable":true,"href":"https:\/\/www.nguyentienngomua.com\/index.php\/wp-json\/wp\/v2\/comments?post=2309"}],"version-history":[{"count":0,"href":"https:\/\/www.nguyentienngomua.com\/index.php\/wp-json\/wp\/v2\/pages\/2309\/revisions"}],"up":[{"embeddable":true,"href":"https:\/\/www.nguyentienngomua.com\/index.php\/wp-json\/wp\/v2\/pages\/1983"}],"wp:attachment":[{"href":"https:\/\/www.nguyentienngomua.com\/index.php\/wp-json\/wp\/v2\/media?parent=2309"}],"curies":[{"name":"wp","href":"https:\/\/api.w.org\/{rel}","templated":true}]}}