{"id":2404,"date":"2023-06-05T00:06:25","date_gmt":"2023-06-04T17:06:25","guid":{"rendered":"https:\/\/www.nguyentienngomua.com\/index.php\/rootspersona-tree\/nguyen-tien-can\/"},"modified":"2023-06-05T00:06:25","modified_gmt":"2023-06-04T17:06:25","slug":"nguyen-tien-can","status":"publish","type":"page","link":"https:\/\/www.nguyentienngomua.com\/index.php\/rootspersona-tree\/nguyen-tien-can\/","title":{"rendered":"Nguy\u1ec5n, Ti\u1ebfn C\u1eadn"},"content":{"rendered":"<section class=\"rp_truncate\"><div class=\"rp_header\" itemscope itemtype=\"https:\/\/schema.org\/Person\"><meta itemprop=\"gender\" content=\"M\"\/><div float:left;\"><a href=\"https:\/\/www.nguyentienngomua.com\/wp-content\/plugins\/rootspersona\/\/images\/boy-silhouette.gif\"><img decoding=\"async\" class=\"rp_headerbox\" src=\"https:\/\/www.nguyentienngomua.com\/wp-content\/plugins\/rootspersona\/\/images\/boy-silhouette.gif\" \/><\/a><\/div><div class=\"rp_headerbox\"><span class=\"rp_headerbox\" id=\"hdr_name\" itemprop=\"name\">D2 Ti\u1ebfn C\u1eadn  Nguy\u1ec5n<\/span><span class=\"rp_headerbox\" style=\"padding-left:15px;text-align:right;color:#EBDDE2;display:none;\">I2<\/span><\/div><\/div><\/section><section class=\"rp_truncate\"><div class=\"rp_banner\">Biography<\/div><div class=\"rp_bio\" style=\"margin:10px; 0px !important;\"> C\u1ee5 Nguy\u1ec5n Ti\u1ebfn C\u1eadn, con trai th\u1ee9 hai c\u1ee7a C\u1ee5 T\u1ed5, kh\u00f4ng c\u00f3 con trai, ch\u1ec9 sinh \u0111\u01b0\u1ee3c 1 ng\u01b0\u1eddi con g\u00e1i g\u1ea3 cho C\u1ee5 Tr\u00e0. \u0110\u1ebfn \u0111\u1eddi C\u1ee5 Tr\u00e0 c\u0169ng l\u1ea1i ch\u1ec9 sinh \u0111\u01b0\u1ee3c 1 ng\u01b0\u1eddi con g\u00e1i, th\u01b0\u1eddng g\u1ecdi l\u00e0 C\u1ee5 M\u0169n sau n\u00e0y c\u0169ng ch\u1ec9 sinh \u0111\u01b0\u1ee3c 2 b\u00e0 con g\u00e1i:<br \/>\n ** B\u00e0 Mun l\u1ea5y \u00f4ng Ho\u00e0ng B\u00e1 M\u1ecdc ng\u01b0\u1eddi Ng\u00f5 M\u01b0a<br \/>\n ** B\u00e0 C\u01a1i l\u1ea5y \u00f4ng Nguy\u1ec5n B\u00e1 Li\u1ec5n ng\u01b0\u1eddi Ng\u00f5 M\u01b0a<\/div><\/section><section class=\"rp_truncate\"><div class=\"rp_banner\">Facts<\/div><div class=\"rp_facts\"><ul><li>Death - Y <\/li><\/ul><\/div><\/section><section class=\"rp_truncate\"><div class=\"rp_banner\">Ancestors<\/div><div class=\"rp_ancestors\"><table cellpadding=\"0\" cellspacing=\"0\" class=\"ancestors\"><tbody><tr><td colspan=\"2\" rowspan=\"6\">&#160;<\/td><td colspan=\"3\" rowspan=\"2\">&#160;<\/td><td>&#160;<\/td><td rowspan=\"2\" class=\"rp_nameBox\" style=\"border-color:brown !important\"><div class=\"nospace\" itemscope itemtype=\"https:\/\/schema.org\/Person\"><meta itemprop=\"gender\" content=\"U\"\/><span class=\"nospace\" id=\"anc0_name\" itemprop=\"name\">?<\/span><br\/><\/div><\/td><\/tr><tr><td class=\"rp_topleft\" style=\"border-color:brown !important\">&#160;<\/td><\/tr><tr><td>&#160;<\/td><td rowspan=\"2\" class=\"rp_nameBox\" style=\"border-color:brown !important\"><div class=\"nospace\" itemscope itemtype=\"https:\/\/schema.org\/Person\"><meta itemprop=\"gender\" content=\"U\"\/><span class=\"nospace\" id=\"anc0_name\" itemprop=\"name\">?<\/span><br\/><\/div><\/td><td class=\"rp_bottom\" style=\"border-color:brown !important\">&#160;<\/td><td colspan=\"2\" rowspan=\"2\" class=\"rp_left\" style=\"border-color:brown !important\">&#160;<\/td><\/tr><tr><td class=\"rp_topleft\" style=\"border-color:brown !important\">&#160;<\/td><td>&#160;<\/td><\/tr><tr><td colspan=\"3\" rowspan=\"6\" class=\"rp_left\" style=\"border-color:brown !important\">&#160;<\/td><td class=\"rp_leftbottom\" style=\"border-color:brown !important\">&#160;<\/td><td rowspan=\"2\" class=\"rp_nameBox\" style=\"border-color:brown !important\"><div class=\"nospace\" itemscope itemtype=\"https:\/\/schema.org\/Person\"><meta itemprop=\"gender\" content=\"U\"\/><span class=\"nospace\" id=\"anc0_name\" itemprop=\"name\">?<\/span><br\/><\/div><\/td><\/tr><tr><td>&#160;<\/td><\/tr><tr><td rowspan=\"2\" class=\"rp_nameBox\" style=\"border-color:brown !important\"><div class=\"nospace\" itemscope itemtype=\"https:\/\/schema.org\/Person\"><meta itemprop=\"gender\" content=\"M\"\/><a href=\"https:\/\/www.nguyentienngomua.com?page_id=2404\"><span class=\"nospace\" id=\"ancI2_name\" itemprop=\"name\">D2 Ti\u1ebfn C\u1eadn  Nguy\u1ec5n<\/span><\/a><br\/><\/div><\/td><td class=\"rp_bottom\" style=\"border-color:brown !important\">&#160;<\/td><td colspan=\"2\" rowspan=\"2\">&#160;<\/td><\/tr><tr><td>&#160;<\/td><\/tr><tr><td colspan=\"2\" rowspan=\"6\">&#160;<\/td><td>&#160;<\/td><td rowspan=\"2\" class=\"rp_nameBox\" style=\"border-color:brown !important\"><div class=\"nospace\" itemscope itemtype=\"https:\/\/schema.org\/Person\"><meta itemprop=\"gender\" content=\"U\"\/><span class=\"nospace\" id=\"anc0_name\" itemprop=\"name\">?<\/span><br\/><\/div><\/td><\/tr><tr><td class=\"rp_topleft\" style=\"border-color:brown !important\">&#160;<\/td><\/tr><tr><td class=\"rp_leftbottom\" style=\"border-color:brown !important\">&#160;<\/td><td rowspan=\"2\" class=\"rp_nameBox\" style=\"border-color:brown !important\"><div class=\"nospace\" itemscope itemtype=\"https:\/\/schema.org\/Person\"><meta itemprop=\"gender\" content=\"M\"\/><a href=\"https:\/\/www.nguyentienngomua.com?page_id=2480\"><span class=\"nospace\" id=\"ancI0_name\" itemprop=\"name\">D1 Ti\u1ebfn Kim  Nguy\u1ec5n<\/span><\/a><br\/><\/div><\/td><td class=\"rp_bottom\" style=\"border-color:brown !important\">&#160;<\/td><td colspan=\"2\" rowspan=\"2\" class=\"rp_left\" style=\"border-color:brown !important\">&#160;<\/td><\/tr><tr><td>&#160;<\/td><td>&#160;<\/td><\/tr><tr><td colspan=\"3\" rowspan=\"2\">&#160;<\/td><td class=\"rp_leftbottom\" style=\"border-color:brown !important\">&#160;<\/td><td rowspan=\"2\" class=\"rp_nameBox\" style=\"border-color:brown !important\"><div class=\"nospace\" itemscope itemtype=\"https:\/\/schema.org\/Person\"><meta itemprop=\"gender\" content=\"U\"\/><span class=\"nospace\" id=\"anc0_name\" itemprop=\"name\">?<\/span><br\/><\/div><\/td><\/tr><tr><td>&#160;<\/td><\/tr><\/tbody><\/table><\/div><\/section><section class=\"rp_truncate\"><div class=\"rp_banner\">Family Group Sheet - Child<\/div><div class=\"rp_family\"><table class=\"familygroup\" style=\"border-color:brown !important\" itemscope itemtype=\"https:\/\/schema.org\/Family\"><tbody><tr id=\"c0p0\" itemprop=\"parents\" itemscope itemtype=\"https:\/\/schema.org\/Person\"><td class=\"full\" colspan=\"4\" style=\"color:black;background-image:url('https:\/\/www.nguyentienngomua.com\/wp-content\/plugins\/rootspersona\/images\/familyGroupSidebar.jpg') !important;border-color:brown !important\">PARENT (<span itemprop=\"gender\">U<\/span>) ?<span itemprop=\"birth\" itemscope itemtype=\"https:\/\/schema.org\/Event\" itemref=\"c0p0_bdate c0p0_bloc\"><\/span><span itemprop=\"death\" itemscope itemtype=\"https:\/\/schema.org\/Event\" itemref=\"c0p0_ddate c0p0_dloc\"><\/span><span itemprop=\"marriages\" itemscope itemtype=\"https:\/\/schema.org\/Event\" itemref=\"c0p0_mdate c0p0_mloc\"><\/span><span itemprop=\"parents\" itemscope itemtype=\"https:\/\/schema.org\/Person\" itemref=\"c0p0_father\"><\/span><span itemprop=\"parents\" itemscope itemtype=\"https:\/\/schema.org\/Person\" itemref=\"c0p0_mother\"><\/span><\/td><\/tr><tr id=\"c0p0_birth\"><td class=\"inset\" rowspan=\"4\" style=\"color:black;background-image:url('https:\/\/www.nguyentienngomua.com\/wp-content\/plugins\/rootspersona\/images\/familyGroupSidebar.jpg') !important;border-color:brown !important\" ><td class=\"label\" style=\"border-color:brown !important\">Birth<\/td><td id=\"c0p0_bdate\" itemprop=\"startDate\" class=\"rp_date\" style=\"border-color:brown !important\"><\/td><td id=\"c0p0_bloc\" itemprop=\"location\" itemscope itemtype=\"http:\/\/schema.org\/Place\" class=\"notes\" style=\"border-color:brown !important\"><\/td><\/tr><tr id=\"c0p0_death\"><td class=\"label\" style=\"border-color:brown !important\">Death<\/td><td id=\"c0p0_ddate\" itemprop=\"startDate\" class=\"rp_date\" style=\"border-color:brown !important\"> <\/td><td id=\"c0p0_dloc\" itemprop=\"location\" itemscope itemtype=\"http:\/\/schema.org\/Place\" class=\"notes\" style=\"border-color:brown !important\"><\/td><\/tr><tr id=\"c0p0_father\"><td class=\"label\" style=\"border-color:brown !important\">Father<\/td><td class=\"parent\" colspan=\"2\" style=\"border-color:brown !important\"><a href=\"https:\/\/www.nguyentienngomua.com?page_id=2404\" itemprop=\"name\">?<\/a><\/td><\/tr><tr id=\"c0p0_mother\"><td class=\"label\" style=\"border-color:brown !important\">Mother<\/td><td class=\"parent\" colspan=\"2\" style=\"border-color:brown !important\"><a href=\"https:\/\/www.nguyentienngomua.com?page_id=2404\" itemprop=\"name\">?<\/a><\/td><\/tr><tr id=\"c0mI0\" itemprop=\"parents\" itemscope itemtype=\"https:\/\/schema.org\/Person\"><td class=\"full\" colspan=\"4\" style=\"color:black;background-image:url('https:\/\/www.nguyentienngomua.com\/wp-content\/plugins\/rootspersona\/images\/familyGroupSidebar.jpg') !important;border-color:brown !important\">PARENT (<span itemprop=\"gender\">M<\/span>) <a href=\"https:\/\/www.nguyentienngomua.com?page_id=2480\" itemprop=\"name\">D1 Ti\u1ebfn Kim  Nguy\u1ec5n<\/a><span itemprop=\"birth\" itemscope itemtype=\"https:\/\/schema.org\/Event\" itemref=\"c0mI0_bdate c0mI0_bloc\"><\/span><span itemprop=\"death\" itemscope itemtype=\"https:\/\/schema.org\/Event\" itemref=\"c0mI0_ddate c0mI0_dloc\"><\/span><span itemprop=\"marriages\" itemscope itemtype=\"https:\/\/schema.org\/Event\" itemref=\"c0mI0_mdate c0mI0_mloc\"><\/span><span itemprop=\"parents\" itemscope itemtype=\"https:\/\/schema.org\/Person\" itemref=\"c0mI0_father\"><\/span><span itemprop=\"parents\" itemscope itemtype=\"https:\/\/schema.org\/Person\" itemref=\"c0mI0_mother\"><\/span><\/td><\/tr><tr id=\"c0mI0_birth\"><td class=\"inset\" rowspan=\"5\" style=\"color:black;background-image:url('https:\/\/www.nguyentienngomua.com\/wp-content\/plugins\/rootspersona\/images\/familyGroupSidebar.jpg') !important;border-color:brown !important\" ><td class=\"label\" style=\"border-color:brown !important\">Birth<\/td><td id=\"c0mI0_bdate\" itemprop=\"startDate\" class=\"rp_date\" style=\"border-color:brown !important\"><\/td><td id=\"c0mI0_bloc\" itemprop=\"location\" itemscope itemtype=\"http:\/\/schema.org\/Place\" class=\"notes\" style=\"border-color:brown !important\"><\/td><\/tr><tr id=\"c0mI0_death\"><td class=\"label\" style=\"border-color:brown !important\">Death<\/td><td id=\"c0mI0_ddate\" itemprop=\"startDate\" class=\"rp_date\" style=\"border-color:brown !important\"> <\/td><td id=\"c0mI0_dloc\" itemprop=\"location\" itemscope itemtype=\"http:\/\/schema.org\/Place\" class=\"notes\" style=\"border-color:brown !important\"><\/td><\/tr><tr id=\"c0mI00_marriage\"><td class=\"label\" style=\"border-color:brown !important\">Marriage<\/td><td id=\"c0mI00_mdate\" class=\"rp_date\" style=\"border-color:brown !important\" itemprop=\"startDate\"><\/td><td class=\"notes\" style=\"border-color:brown !important\">to <a href=\"https:\/\/www.nguyentienngomua.com?page_id=#\" itemprop=\"attendees\" itemscope itemtype=\"https:\/\/schema.org\/Person\"><span itemprop=\"name\">?<\/span><\/a> <span  id=\"c0mI00_mloc\" itemprop=\"location\" itemscope itemtype=\"http:\/\/schema.org\/Place\"><span itemprop=\"name\"><\/span><\/span><\/td><\/tr><tr id=\"c0mI0_father\"><td class=\"label\" style=\"border-color:brown !important\">Father<\/td><td class=\"parent\" colspan=\"2\" style=\"border-color:brown !important\"><a href=\"https:\/\/www.nguyentienngomua.com?page_id=2404\" itemprop=\"name\">?<\/a><\/td><\/tr><tr id=\"c0mI0_mother\"><td class=\"label\" style=\"border-color:brown !important\">Mother<\/td><td class=\"parent\" colspan=\"2\" style=\"border-color:brown !important\"><a href=\"https:\/\/www.nguyentienngomua.com?page_id=2404\" itemprop=\"name\">?<\/a><\/td><\/tr><tr><td class=\"full\" colspan=\"4\" style=\"color:black;background-image:url('https:\/\/www.nguyentienngomua.com\/wp-content\/plugins\/rootspersona\/images\/familyGroupSidebar.jpg') !important;border-color:brown !important\">CHILDREN<\/td><\/tr><tr id=\"c0c0I1\" itemprop=\"children\" itemscope itemtype=\"https:\/\/schema.org\/Person\"><td class=\"gender\" style=\"color:black;background-image:url('https:\/\/www.nguyentienngomua.com\/wp-content\/plugins\/rootspersona\/images\/familyGroupSidebar.jpg') !important;border-color:brown !important\" itemprop=\"gender\">M<\/td><td class=\"child\" colspan=\"3\" style=\"color:black;background-image:url('https:\/\/www.nguyentienngomua.com\/wp-content\/plugins\/rootspersona\/images\/familyGroupSidebar.jpg') !important;border-color:brown !important\"><a href=\"https:\/\/www.nguyentienngomua.com?page_id=2573\" itemprop=\"name\">D2 Ti\u1ebfn Tr\u01b0\u1edfng  Nguy\u1ec5n<\/a><span itemprop=\"birth\" itemscope itemtype=\"https:\/\/schema.org\/Event\" itemref=\"c0c0I1_bdate c0c0I1_bloc\"><\/span><span itemprop=\"death\" itemscope itemtype=\"https:\/\/schema.org\/Event\" itemref=\"c0c0I1_ddate c0c0I1_dloc\"><\/span><span itemprop=\"marriages\" itemscope itemtype=\"https:\/\/schema.org\/Event\" itemref=\"c0c0I1_mdate c0c0I1_mloc\"><\/span><\/td><\/tr><tr id=\"c0c0I1_birth\"><td class=\"inset\" rowspan=\"3\" style=\"color:black;background-image:url('https:\/\/www.nguyentienngomua.com\/wp-content\/plugins\/rootspersona\/images\/familyGroupSidebar.jpg') !important;border-color:brown !important\"\/><td class=\"label\" style=\"border-color:brown !important\">Birth<\/td><td id=\"c0c0I1_bdate\" itemprop=\"startDate\" class=\"rp_date\" style=\"border-color:brown !important\"><\/td><td id=\"c0c0I1_bloc\" itemprop=\"location\" itemscope itemtype=\"http:\/\/schema.org\/Place\" class=\"notes\" style=\"border-color:brown !important\"><span itemprop=\"name\"><\/span><\/td><\/tr><tr id=\"c0c0I1_death\"><td class=\"label\" style=\"border-color:brown !important\">Death<\/td><td id=\"c0c0I1_ddate\" itemprop=\"startDate\" class=\"rp_date\" style=\"border-color:brown !important\"><\/td><td id=\"c0c0I1_dloc\" itemprop=\"location\" itemscope itemtype=\"http:\/\/schema.org\/Place\" class=\"notes\" style=\"border-color:brown !important\"><span itemprop=\"name\"><\/span><\/td><\/tr><tr id=\"c0c0I10_marriage\"><td class=\"label\" style=\"border-color:brown !important\">Marriage<\/td><td id=\"c0c0I10_mdate\" class=\"rp_date\" style=\"border-color:brown !important\" itemprop=\"startDate\"><\/td><td class=\"notes\" style=\"border-color:brown !important\">to <a href=\"https:\/\/www.nguyentienngomua.com?page_id=2333\" itemprop=\"attendees\" itemscope itemtype=\"https:\/\/schema.org\/Person\"><span itemprop=\"name\">D2 Th\u1ecb Th\u00e1i  Nguy\u1ec5n<\/span><\/a> <span  id=\"c0c0I10_mloc\" itemprop=\"location\" itemscope itemtype=\"http:\/\/schema.org\/Place\"><span itemprop=\"name\"><\/span><\/span><\/td><\/tr><tr id=\"c0c1I2\" itemprop=\"children\" itemscope itemtype=\"https:\/\/schema.org\/Person\"><td class=\"gender\" style=\"color:black;background-image:url('https:\/\/www.nguyentienngomua.com\/wp-content\/plugins\/rootspersona\/images\/familyGroupSidebar.jpg') !important;border-color:brown !important\" itemprop=\"gender\">M<\/td><td class=\"child\" colspan=\"3\" style=\"color:black;background-image:url('https:\/\/www.nguyentienngomua.com\/wp-content\/plugins\/rootspersona\/images\/familyGroupSidebar.jpg') !important;border-color:brown !important\"><a href=\"https:\/\/www.nguyentienngomua.com?page_id=2404\" itemprop=\"name\">D2 Ti\u1ebfn C\u1eadn  Nguy\u1ec5n<\/a><span itemprop=\"birth\" itemscope itemtype=\"https:\/\/schema.org\/Event\" itemref=\"c0c1I2_bdate c0c1I2_bloc\"><\/span><span itemprop=\"death\" itemscope itemtype=\"https:\/\/schema.org\/Event\" itemref=\"c0c1I2_ddate c0c1I2_dloc\"><\/span><span itemprop=\"marriages\" itemscope itemtype=\"https:\/\/schema.org\/Event\" itemref=\"c0c1I2_mdate c0c1I2_mloc\"><\/span><\/td><\/tr><tr id=\"c0c1I2_birth\"><td class=\"inset\" rowspan=\"3\" style=\"color:black;background-image:url('https:\/\/www.nguyentienngomua.com\/wp-content\/plugins\/rootspersona\/images\/familyGroupSidebar.jpg') !important;border-color:brown !important\"\/><td class=\"label\" style=\"border-color:brown !important\">Birth<\/td><td id=\"c0c1I2_bdate\" itemprop=\"startDate\" class=\"rp_date\" style=\"border-color:brown !important\"><\/td><td id=\"c0c1I2_bloc\" itemprop=\"location\" itemscope itemtype=\"http:\/\/schema.org\/Place\" class=\"notes\" style=\"border-color:brown !important\"><span itemprop=\"name\"><\/span><\/td><\/tr><tr id=\"c0c1I2_death\"><td class=\"label\" style=\"border-color:brown !important\">Death<\/td><td id=\"c0c1I2_ddate\" itemprop=\"startDate\" class=\"rp_date\" style=\"border-color:brown !important\"><\/td><td id=\"c0c1I2_dloc\" itemprop=\"location\" itemscope itemtype=\"http:\/\/schema.org\/Place\" class=\"notes\" style=\"border-color:brown !important\"><span itemprop=\"name\"><\/span><\/td><\/tr><tr id=\"c0c1I20_marriage\"><td class=\"label\" style=\"border-color:brown !important\">Marriage<\/td><td id=\"c0c1I20_mdate\" class=\"rp_date\" style=\"border-color:brown !important\" itemprop=\"startDate\"><\/td><td class=\"notes\" style=\"border-color:brown !important\">to <a href=\"https:\/\/www.nguyentienngomua.com?page_id=#\" itemprop=\"attendees\" itemscope itemtype=\"https:\/\/schema.org\/Person\"><span itemprop=\"name\">?<\/span><\/a> <span  id=\"c0c1I20_mloc\" itemprop=\"location\" itemscope itemtype=\"http:\/\/schema.org\/Place\"><span itemprop=\"name\"><\/span><\/span><\/td><\/tr><tr id=\"c0c2I3\" itemprop=\"children\" itemscope itemtype=\"https:\/\/schema.org\/Person\"><td class=\"gender\" style=\"color:black;background-image:url('https:\/\/www.nguyentienngomua.com\/wp-content\/plugins\/rootspersona\/images\/familyGroupSidebar.jpg') !important;border-color:brown !important\" itemprop=\"gender\">F<\/td><td class=\"child\" colspan=\"3\" style=\"color:black;background-image:url('https:\/\/www.nguyentienngomua.com\/wp-content\/plugins\/rootspersona\/images\/familyGroupSidebar.jpg') !important;border-color:brown !important\"><a href=\"https:\/\/www.nguyentienngomua.com?page_id=2118\" itemprop=\"name\">D2 C\u1ee5 b\u00e0 l\u00e1i Th\u1ea1c  Nguy\u1ec5n<\/a><span itemprop=\"birth\" itemscope itemtype=\"https:\/\/schema.org\/Event\" itemref=\"c0c2I3_bdate c0c2I3_bloc\"><\/span><span itemprop=\"death\" itemscope itemtype=\"https:\/\/schema.org\/Event\" itemref=\"c0c2I3_ddate c0c2I3_dloc\"><\/span><span itemprop=\"marriages\" itemscope itemtype=\"https:\/\/schema.org\/Event\" itemref=\"c0c2I3_mdate c0c2I3_mloc\"><\/span><\/td><\/tr><tr id=\"c0c2I3_birth\"><td class=\"inset\" rowspan=\"2\" style=\"color:black;background-image:url('https:\/\/www.nguyentienngomua.com\/wp-content\/plugins\/rootspersona\/images\/familyGroupSidebar.jpg') !important;border-color:brown !important\"\/><td class=\"label\" style=\"border-color:brown !important\">Birth<\/td><td id=\"c0c2I3_bdate\" itemprop=\"startDate\" class=\"rp_date\" style=\"border-color:brown !important\"><\/td><td id=\"c0c2I3_bloc\" itemprop=\"location\" itemscope itemtype=\"http:\/\/schema.org\/Place\" class=\"notes\" style=\"border-color:brown !important\"><span itemprop=\"name\"><\/span><\/td><\/tr><tr id=\"c0c2I3_death\"><td class=\"label\" style=\"border-color:brown !important\">Death<\/td><td id=\"c0c2I3_ddate\" itemprop=\"startDate\" class=\"rp_date\" style=\"border-color:brown !important\"><\/td><td id=\"c0c2I3_dloc\" itemprop=\"location\" itemscope itemtype=\"http:\/\/schema.org\/Place\" class=\"notes\" style=\"border-color:brown !important\"><span itemprop=\"name\"><\/span><\/td><\/tr><\/tbody><\/table><\/div><\/section><section class=\"rp_truncate\"><div class=\"rp_banner\">Descendancy Chart<\/div><div class=\"rp_descendants\" style=\"padding:10px 4px;\"><div style=\"padding-left:0em;\" itemscope itemtype=\"https:\/\/schema.org\/Person\"><meta itemprop=\"gender\" content=\"M\"\/>1&nbsp;<a href=\"https:\/\/www.nguyentienngomua.com?page_id=2404\"><span class=\"nospace\" itemprop=\"name\">D2 Ti\u1ebfn C\u1eadn  Nguy\u1ec5n<\/span><\/a><\/div><div style=\"padding-left:1em;\" itemscope itemtype=\"https:\/\/schema.org\/Person\"><meta itemprop=\"gender\" content=\"U\"\/>+&nbsp;<a href=\"https:\/\/www.nguyentienngomua.com?page_id=#\"><span class=\"nospace\" itemprop=\"name\">?<\/span><\/a><\/div><div style=\"padding-left:2em;\" itemscope itemtype=\"https:\/\/schema.org\/Person\"><meta itemprop=\"gender\" content=\"F\"\/>2&nbsp;<a href=\"https:\/\/www.nguyentienngomua.com?page_id=2131\"><span class=\"nospace\" itemprop=\"name\">D3 C\u1ee5 b\u00e0 Tr\u00e0  Nguy\u1ec5n<\/span><\/a><\/div><\/div><\/section><div class=\"rp_banner\"><\/div>\n","protected":false},"excerpt":{"rendered":"","protected":false},"author":0,"featured_media":0,"parent":1983,"menu_order":0,"comment_status":"closed","ping_status":"open","template":"","meta":{"footnotes":""},"class_list":["post-2404","page","type-page","status-publish","hentry"],"_links":{"self":[{"href":"https:\/\/www.nguyentienngomua.com\/index.php\/wp-json\/wp\/v2\/pages\/2404","targetHints":{"allow":["GET"]}}],"collection":[{"href":"https:\/\/www.nguyentienngomua.com\/index.php\/wp-json\/wp\/v2\/pages"}],"about":[{"href":"https:\/\/www.nguyentienngomua.com\/index.php\/wp-json\/wp\/v2\/types\/page"}],"replies":[{"embeddable":true,"href":"https:\/\/www.nguyentienngomua.com\/index.php\/wp-json\/wp\/v2\/comments?post=2404"}],"version-history":[{"count":0,"href":"https:\/\/www.nguyentienngomua.com\/index.php\/wp-json\/wp\/v2\/pages\/2404\/revisions"}],"up":[{"embeddable":true,"href":"https:\/\/www.nguyentienngomua.com\/index.php\/wp-json\/wp\/v2\/pages\/1983"}],"wp:attachment":[{"href":"https:\/\/www.nguyentienngomua.com\/index.php\/wp-json\/wp\/v2\/media?parent=2404"}],"curies":[{"name":"wp","href":"https:\/\/api.w.org\/{rel}","templated":true}]}}