{"id":2416,"date":"2023-06-05T00:06:25","date_gmt":"2023-06-04T17:06:25","guid":{"rendered":"https:\/\/www.nguyentienngomua.com\/index.php\/rootspersona-tree\/nguyen-tien-duan\/"},"modified":"2023-06-05T00:06:25","modified_gmt":"2023-06-04T17:06:25","slug":"nguyen-tien-duan","status":"publish","type":"page","link":"https:\/\/www.nguyentienngomua.com\/index.php\/rootspersona-tree\/nguyen-tien-duan\/","title":{"rendered":"Nguy\u1ec5n, Ti\u1ebfn Du\u00e2n"},"content":{"rendered":"<section class=\"rp_truncate\"><div class=\"rp_header\" itemscope itemtype=\"https:\/\/schema.org\/Person\"><meta itemprop=\"gender\" content=\"M\"\/><div float:left;\"><a href=\"https:\/\/www.nguyentienngomua.com\/wp-content\/plugins\/rootspersona\/\/images\/boy-silhouette.gif\"><img decoding=\"async\" class=\"rp_headerbox\" src=\"https:\/\/www.nguyentienngomua.com\/wp-content\/plugins\/rootspersona\/\/images\/boy-silhouette.gif\" \/><\/a><\/div><div class=\"rp_headerbox\"><span class=\"rp_headerbox\" id=\"hdr_name\" itemprop=\"name\">D8 Ti\u1ebfn Du\u00e2n  Nguy\u1ec5n<\/span><span class=\"rp_headerbox\" style=\"padding-left:15px;text-align:right;color:#EBDDE2;display:none;\">I310<\/span><\/div><\/div><\/section><section class=\"rp_truncate\"><div class=\"rp_banner\">Biography<\/div><div class=\"rp_bio\" style=\"margin:10px; 0px !important;\"> Nguy\u1ec5n Ti\u1ebfn Du\u00e2n, sinh n\u0103m 1961, c\u00f4ng nh\u00e2n m\u00e1y k\u00e9o Qu\u1ef3nh Ph\u1ee5, Th\u00e1i B\u00ecnh, m\u1ea5t n\u0103m 2004. V\u1ee3 l\u00e0 Nguy\u1ec5n Th\u1ecb Long, n\u1ed9i tr\u1ee3, \u1edf th\u00e0nh ph\u1ed1 Th\u00e1i B\u00ecnh. Sinh \u0111\u01b0\u1ee3c 2 ng\u01b0\u1eddi con.<br \/>\n Nguy\u1ec5n Th\u1ecb Dung,      sinh n\u0103m 1997<br \/>\n Nguy\u1ec5n Ti\u1ebfn D\u01b0\u01a1ng,  sinh n\u0103m 1999<\/div><\/section><section class=\"rp_truncate\"><div class=\"rp_banner\">Facts<\/div><div class=\"rp_facts\"><ul><\/ul><\/div><\/section><section class=\"rp_truncate\"><div class=\"rp_banner\">Ancestors<\/div><div class=\"rp_ancestors\"><table cellpadding=\"0\" cellspacing=\"0\" class=\"ancestors\"><tbody><tr><td colspan=\"2\" rowspan=\"6\">&#160;<\/td><td colspan=\"3\" rowspan=\"2\">&#160;<\/td><td>&#160;<\/td><td rowspan=\"2\" class=\"rp_nameBox\" style=\"border-color:brown !important\"><div class=\"nospace\" itemscope itemtype=\"https:\/\/schema.org\/Person\"><meta itemprop=\"gender\" content=\"M\"\/><a href=\"https:\/\/www.nguyentienngomua.com?page_id=2580\"><span class=\"nospace\" id=\"ancI283_name\" itemprop=\"name\">D6 Ti\u1ebfn T\u00fay  Nguy\u1ec5n<\/span><\/a><br\/><\/div><\/td><\/tr><tr><td class=\"rp_topleft\" style=\"border-color:brown !important\">&#160;<\/td><\/tr><tr><td>&#160;<\/td><td rowspan=\"2\" class=\"rp_nameBox\" style=\"border-color:brown !important\"><div class=\"nospace\" itemscope itemtype=\"https:\/\/schema.org\/Person\"><meta itemprop=\"gender\" content=\"M\"\/><a href=\"https:\/\/www.nguyentienngomua.com?page_id=2439\"><span class=\"nospace\" id=\"ancI308_name\" itemprop=\"name\">D7 Ti\u1ebfn H\u1ec7  Nguy\u1ec5n<\/span><\/a><br\/><\/div><\/td><td class=\"rp_bottom\" style=\"border-color:brown !important\">&#160;<\/td><td colspan=\"2\" rowspan=\"2\" class=\"rp_left\" style=\"border-color:brown !important\">&#160;<\/td><\/tr><tr><td class=\"rp_topleft\" style=\"border-color:brown !important\">&#160;<\/td><td>&#160;<\/td><\/tr><tr><td colspan=\"3\" rowspan=\"6\" class=\"rp_left\" style=\"border-color:brown !important\">&#160;<\/td><td class=\"rp_leftbottom\" style=\"border-color:brown !important\">&#160;<\/td><td rowspan=\"2\" class=\"rp_nameBox\" style=\"border-color:brown !important\"><div class=\"nospace\" itemscope itemtype=\"https:\/\/schema.org\/Person\"><meta itemprop=\"gender\" content=\"F\"\/><a href=\"https:\/\/www.nguyentienngomua.com?page_id=2659\"><span class=\"nospace\" id=\"ancI284_name\" itemprop=\"name\">D6 Th\u1ecb M\u1ea1n  Tr\u1ea7n<\/span><\/a><br\/><\/div><\/td><\/tr><tr><td>&#160;<\/td><\/tr><tr><td rowspan=\"2\" class=\"rp_nameBox\" style=\"border-color:brown !important\"><div class=\"nospace\" itemscope itemtype=\"https:\/\/schema.org\/Person\"><meta itemprop=\"gender\" content=\"M\"\/><a href=\"https:\/\/www.nguyentienngomua.com?page_id=2416\"><span class=\"nospace\" id=\"ancI310_name\" itemprop=\"name\">D8 Ti\u1ebfn Du\u00e2n  Nguy\u1ec5n<\/span><\/a><br\/><\/div><\/td><td class=\"rp_bottom\" style=\"border-color:brown !important\">&#160;<\/td><td colspan=\"2\" rowspan=\"2\">&#160;<\/td><\/tr><tr><td>&#160;<\/td><\/tr><tr><td colspan=\"2\" rowspan=\"6\">&#160;<\/td><td>&#160;<\/td><td rowspan=\"2\" class=\"rp_nameBox\" style=\"border-color:brown !important\"><div class=\"nospace\" itemscope itemtype=\"https:\/\/schema.org\/Person\"><meta itemprop=\"gender\" content=\"U\"\/><span class=\"nospace\" id=\"anc0_name\" itemprop=\"name\">?<\/span><br\/><\/div><\/td><\/tr><tr><td class=\"rp_topleft\" style=\"border-color:brown !important\">&#160;<\/td><\/tr><tr><td class=\"rp_leftbottom\" style=\"border-color:brown !important\">&#160;<\/td><td rowspan=\"2\" class=\"rp_nameBox\" style=\"border-color:brown !important\"><div class=\"nospace\" itemscope itemtype=\"https:\/\/schema.org\/Person\"><meta itemprop=\"gender\" content=\"\"\/><a href=\"https:\/\/www.nguyentienngomua.com?page_id=\"><span class=\"nospace\" id=\"ancI309_name\" itemprop=\"name\">Private<\/span><\/a><br\/><\/div><\/td><td class=\"rp_bottom\" style=\"border-color:brown !important\">&#160;<\/td><td colspan=\"2\" rowspan=\"2\" class=\"rp_left\" style=\"border-color:brown !important\">&#160;<\/td><\/tr><tr><td>&#160;<\/td><td>&#160;<\/td><\/tr><tr><td colspan=\"3\" rowspan=\"2\">&#160;<\/td><td class=\"rp_leftbottom\" style=\"border-color:brown !important\">&#160;<\/td><td rowspan=\"2\" class=\"rp_nameBox\" style=\"border-color:brown !important\"><div class=\"nospace\" itemscope itemtype=\"https:\/\/schema.org\/Person\"><meta itemprop=\"gender\" content=\"U\"\/><span class=\"nospace\" id=\"anc0_name\" itemprop=\"name\">?<\/span><br\/><\/div><\/td><\/tr><tr><td>&#160;<\/td><\/tr><\/tbody><\/table><\/div><\/section><section class=\"rp_truncate\"><div class=\"rp_banner\">Family Group Sheet - Child<\/div><div class=\"rp_family\"><table class=\"familygroup\" style=\"border-color:brown !important\" itemscope itemtype=\"https:\/\/schema.org\/Family\"><tbody><tr id=\"c0pI308\" itemprop=\"parents\" itemscope itemtype=\"https:\/\/schema.org\/Person\"><td class=\"full\" colspan=\"4\" style=\"color:black;background-image:url('https:\/\/www.nguyentienngomua.com\/wp-content\/plugins\/rootspersona\/images\/familyGroupSidebar.jpg') !important;border-color:brown !important\">PARENT (<span itemprop=\"gender\">M<\/span>) <a href=\"https:\/\/www.nguyentienngomua.com?page_id=2439\" itemprop=\"name\">D7 Ti\u1ebfn H\u1ec7  Nguy\u1ec5n<\/a><span itemprop=\"birth\" itemscope itemtype=\"https:\/\/schema.org\/Event\" itemref=\"c0pI308_bdate c0pI308_bloc\"><\/span><span itemprop=\"death\" itemscope itemtype=\"https:\/\/schema.org\/Event\" itemref=\"c0pI308_ddate c0pI308_dloc\"><\/span><span itemprop=\"marriages\" itemscope itemtype=\"https:\/\/schema.org\/Event\" itemref=\"c0pI308_mdate c0pI308_mloc\"><\/span><span itemprop=\"parents\" itemscope itemtype=\"https:\/\/schema.org\/Person\" itemref=\"c0pI308_father\"><\/span><span itemprop=\"parents\" itemscope itemtype=\"https:\/\/schema.org\/Person\" itemref=\"c0pI308_mother\"><\/span><\/td><\/tr><tr id=\"c0pI308_birth\"><td class=\"inset\" rowspan=\"5\" style=\"color:black;background-image:url('https:\/\/www.nguyentienngomua.com\/wp-content\/plugins\/rootspersona\/images\/familyGroupSidebar.jpg') !important;border-color:brown !important\" ><td class=\"label\" style=\"border-color:brown !important\">Birth<\/td><td id=\"c0pI308_bdate\" itemprop=\"startDate\" class=\"rp_date\" style=\"border-color:brown !important\"><\/td><td id=\"c0pI308_bloc\" itemprop=\"location\" itemscope itemtype=\"http:\/\/schema.org\/Place\" class=\"notes\" style=\"border-color:brown !important\"><\/td><\/tr><tr id=\"c0pI308_death\"><td class=\"label\" style=\"border-color:brown !important\">Death<\/td><td id=\"c0pI308_ddate\" itemprop=\"startDate\" class=\"rp_date\" style=\"border-color:brown !important\"> <\/td><td id=\"c0pI308_dloc\" itemprop=\"location\" itemscope itemtype=\"http:\/\/schema.org\/Place\" class=\"notes\" style=\"border-color:brown !important\"><\/td><\/tr><tr id=\"c0pI3080_marriage\"><td class=\"label\" style=\"border-color:brown !important\">Marriage<\/td><td id=\"c0pI3080_mdate\" class=\"rp_date\" style=\"border-color:brown !important\" itemprop=\"startDate\"><\/td><td class=\"notes\" style=\"border-color:brown !important\">to <a href=\"https:\/\/www.nguyentienngomua.com?page_id=\" itemprop=\"attendees\" itemscope itemtype=\"https:\/\/schema.org\/Person\"><span itemprop=\"name\">Private<\/span><\/a> <span  id=\"c0pI3080_mloc\" itemprop=\"location\" itemscope itemtype=\"http:\/\/schema.org\/Place\"><span itemprop=\"name\"><\/span><\/span><\/td><\/tr><tr id=\"c0pI308_father\"><td class=\"label\" style=\"border-color:brown !important\">Father<\/td><td class=\"parent\" colspan=\"2\" style=\"border-color:brown !important\"><a href=\"https:\/\/www.nguyentienngomua.com?page_id=2580\" itemprop=\"name\">D6 Ti\u1ebfn T\u00fay  Nguy\u1ec5n<\/a><\/td><\/tr><tr id=\"c0pI308_mother\"><td class=\"label\" style=\"border-color:brown !important\">Mother<\/td><td class=\"parent\" colspan=\"2\" style=\"border-color:brown !important\"><a href=\"https:\/\/www.nguyentienngomua.com?page_id=2659\" itemprop=\"name\">D6 Th\u1ecb M\u1ea1n  Tr\u1ea7n<\/a><\/td><\/tr><tr id=\"c0mI309\" itemprop=\"parents\" itemscope itemtype=\"https:\/\/schema.org\/Person\"><td class=\"full\" colspan=\"4\" style=\"color:black;background-image:url('https:\/\/www.nguyentienngomua.com\/wp-content\/plugins\/rootspersona\/images\/familyGroupSidebar.jpg') !important;border-color:brown !important\">PARENT (<span itemprop=\"gender\"><\/span>) <a href=\"https:\/\/www.nguyentienngomua.com?page_id=\" itemprop=\"name\">Private<\/a><span itemprop=\"birth\" itemscope itemtype=\"https:\/\/schema.org\/Event\" itemref=\"c0mI309_bdate c0mI309_bloc\"><\/span><span itemprop=\"death\" itemscope itemtype=\"https:\/\/schema.org\/Event\" itemref=\"c0mI309_ddate c0mI309_dloc\"><\/span><span itemprop=\"marriages\" itemscope itemtype=\"https:\/\/schema.org\/Event\" itemref=\"c0mI309_mdate c0mI309_mloc\"><\/span><span itemprop=\"parents\" itemscope itemtype=\"https:\/\/schema.org\/Person\" itemref=\"c0mI309_father\"><\/span><span itemprop=\"parents\" itemscope itemtype=\"https:\/\/schema.org\/Person\" itemref=\"c0mI309_mother\"><\/span><\/td><\/tr><tr id=\"c0mI309_birth\"><td class=\"inset\" rowspan=\"5\" style=\"color:black;background-image:url('https:\/\/www.nguyentienngomua.com\/wp-content\/plugins\/rootspersona\/images\/familyGroupSidebar.jpg') !important;border-color:brown !important\" ><td class=\"label\" style=\"border-color:brown !important\">Birth<\/td><td id=\"c0mI309_bdate\" itemprop=\"startDate\" class=\"rp_date\" style=\"border-color:brown !important\"><\/td><td id=\"c0mI309_bloc\" itemprop=\"location\" itemscope itemtype=\"http:\/\/schema.org\/Place\" class=\"notes\" style=\"border-color:brown !important\"><\/td><\/tr><tr id=\"c0mI309_death\"><td class=\"label\" style=\"border-color:brown !important\">Death<\/td><td id=\"c0mI309_ddate\" itemprop=\"startDate\" class=\"rp_date\" style=\"border-color:brown !important\"> <\/td><td id=\"c0mI309_dloc\" itemprop=\"location\" itemscope itemtype=\"http:\/\/schema.org\/Place\" class=\"notes\" style=\"border-color:brown !important\"><\/td><\/tr><tr id=\"c0mI3090_marriage\"><td class=\"label\" style=\"border-color:brown !important\">Marriage<\/td><td id=\"c0mI3090_mdate\" class=\"rp_date\" style=\"border-color:brown !important\" itemprop=\"startDate\"><\/td><td class=\"notes\" style=\"border-color:brown !important\">to <a href=\"https:\/\/www.nguyentienngomua.com?page_id=2439\" itemprop=\"attendees\" itemscope itemtype=\"https:\/\/schema.org\/Person\"><span itemprop=\"name\">D7 Ti\u1ebfn H\u1ec7  Nguy\u1ec5n<\/span><\/a> <span  id=\"c0mI3090_mloc\" itemprop=\"location\" itemscope itemtype=\"http:\/\/schema.org\/Place\"><span itemprop=\"name\"><\/span><\/span><\/td><\/tr><tr id=\"c0mI309_father\"><td class=\"label\" style=\"border-color:brown !important\">Father<\/td><td class=\"parent\" colspan=\"2\" style=\"border-color:brown !important\"><a href=\"https:\/\/www.nguyentienngomua.com?page_id=2416\" itemprop=\"name\">?<\/a><\/td><\/tr><tr id=\"c0mI309_mother\"><td class=\"label\" style=\"border-color:brown !important\">Mother<\/td><td class=\"parent\" colspan=\"2\" style=\"border-color:brown !important\"><a href=\"https:\/\/www.nguyentienngomua.com?page_id=2416\" itemprop=\"name\">?<\/a><\/td><\/tr><tr><td class=\"full\" colspan=\"4\" style=\"color:black;background-image:url('https:\/\/www.nguyentienngomua.com\/wp-content\/plugins\/rootspersona\/images\/familyGroupSidebar.jpg') !important;border-color:brown !important\">CHILDREN<\/td><\/tr><tr id=\"c0c0I310\" itemprop=\"children\" itemscope itemtype=\"https:\/\/schema.org\/Person\"><td class=\"gender\" style=\"color:black;background-image:url('https:\/\/www.nguyentienngomua.com\/wp-content\/plugins\/rootspersona\/images\/familyGroupSidebar.jpg') !important;border-color:brown !important\" itemprop=\"gender\">M<\/td><td class=\"child\" colspan=\"3\" style=\"color:black;background-image:url('https:\/\/www.nguyentienngomua.com\/wp-content\/plugins\/rootspersona\/images\/familyGroupSidebar.jpg') !important;border-color:brown !important\"><a href=\"https:\/\/www.nguyentienngomua.com?page_id=2416\" itemprop=\"name\">D8 Ti\u1ebfn Du\u00e2n  Nguy\u1ec5n<\/a><span itemprop=\"birth\" itemscope itemtype=\"https:\/\/schema.org\/Event\" itemref=\"c0c0I310_bdate c0c0I310_bloc\"><\/span><span itemprop=\"death\" itemscope itemtype=\"https:\/\/schema.org\/Event\" itemref=\"c0c0I310_ddate c0c0I310_dloc\"><\/span><span itemprop=\"marriages\" itemscope itemtype=\"https:\/\/schema.org\/Event\" itemref=\"c0c0I310_mdate c0c0I310_mloc\"><\/span><\/td><\/tr><tr id=\"c0c0I310_birth\"><td class=\"inset\" rowspan=\"3\" style=\"color:black;background-image:url('https:\/\/www.nguyentienngomua.com\/wp-content\/plugins\/rootspersona\/images\/familyGroupSidebar.jpg') !important;border-color:brown !important\"\/><td class=\"label\" style=\"border-color:brown !important\">Birth<\/td><td id=\"c0c0I310_bdate\" itemprop=\"startDate\" class=\"rp_date\" style=\"border-color:brown !important\"><\/td><td id=\"c0c0I310_bloc\" itemprop=\"location\" itemscope itemtype=\"http:\/\/schema.org\/Place\" class=\"notes\" style=\"border-color:brown !important\"><span itemprop=\"name\"><\/span><\/td><\/tr><tr id=\"c0c0I310_death\"><td class=\"label\" style=\"border-color:brown !important\">Death<\/td><td id=\"c0c0I310_ddate\" itemprop=\"startDate\" class=\"rp_date\" style=\"border-color:brown !important\"><\/td><td id=\"c0c0I310_dloc\" itemprop=\"location\" itemscope itemtype=\"http:\/\/schema.org\/Place\" class=\"notes\" style=\"border-color:brown !important\"><span itemprop=\"name\"><\/span><\/td><\/tr><tr id=\"c0c0I3100_marriage\"><td class=\"label\" style=\"border-color:brown !important\">Marriage<\/td><td id=\"c0c0I3100_mdate\" class=\"rp_date\" style=\"border-color:brown !important\" itemprop=\"startDate\"><\/td><td class=\"notes\" style=\"border-color:brown !important\">to <a href=\"https:\/\/www.nguyentienngomua.com?page_id=2276\" itemprop=\"attendees\" itemscope itemtype=\"https:\/\/schema.org\/Person\"><span itemprop=\"name\">D8 Th\u1ecb Long  Nguy\u1ec5n<\/span><\/a> <span  id=\"c0c0I3100_mloc\" itemprop=\"location\" itemscope itemtype=\"http:\/\/schema.org\/Place\"><span itemprop=\"name\"><\/span><\/span><\/td><\/tr><tr id=\"c0c1I314\" itemprop=\"children\" itemscope itemtype=\"https:\/\/schema.org\/Person\"><td class=\"gender\" style=\"color:black;background-image:url('https:\/\/www.nguyentienngomua.com\/wp-content\/plugins\/rootspersona\/images\/familyGroupSidebar.jpg') !important;border-color:brown !important\" itemprop=\"gender\"><\/td><td class=\"child\" colspan=\"3\" style=\"color:black;background-image:url('https:\/\/www.nguyentienngomua.com\/wp-content\/plugins\/rootspersona\/images\/familyGroupSidebar.jpg') !important;border-color:brown !important\"><a href=\"https:\/\/www.nguyentienngomua.com?page_id=\" itemprop=\"name\">Private<\/a><span itemprop=\"birth\" itemscope itemtype=\"https:\/\/schema.org\/Event\" itemref=\"c0c1I314_bdate c0c1I314_bloc\"><\/span><span itemprop=\"death\" itemscope itemtype=\"https:\/\/schema.org\/Event\" itemref=\"c0c1I314_ddate c0c1I314_dloc\"><\/span><span itemprop=\"marriages\" itemscope itemtype=\"https:\/\/schema.org\/Event\" itemref=\"c0c1I314_mdate c0c1I314_mloc\"><\/span><\/td><\/tr><tr id=\"c0c1I314_birth\"><td class=\"inset\" rowspan=\"3\" style=\"color:black;background-image:url('https:\/\/www.nguyentienngomua.com\/wp-content\/plugins\/rootspersona\/images\/familyGroupSidebar.jpg') !important;border-color:brown !important\"\/><td class=\"label\" style=\"border-color:brown !important\">Birth<\/td><td id=\"c0c1I314_bdate\" itemprop=\"startDate\" class=\"rp_date\" style=\"border-color:brown !important\"><\/td><td id=\"c0c1I314_bloc\" itemprop=\"location\" itemscope itemtype=\"http:\/\/schema.org\/Place\" class=\"notes\" style=\"border-color:brown !important\"><span itemprop=\"name\"><\/span><\/td><\/tr><tr id=\"c0c1I314_death\"><td class=\"label\" style=\"border-color:brown !important\">Death<\/td><td id=\"c0c1I314_ddate\" itemprop=\"startDate\" class=\"rp_date\" style=\"border-color:brown !important\"><\/td><td id=\"c0c1I314_dloc\" itemprop=\"location\" itemscope itemtype=\"http:\/\/schema.org\/Place\" class=\"notes\" style=\"border-color:brown !important\"><span itemprop=\"name\"><\/span><\/td><\/tr><tr id=\"c0c1I3140_marriage\"><td class=\"label\" style=\"border-color:brown !important\">Marriage<\/td><td id=\"c0c1I3140_mdate\" class=\"rp_date\" style=\"border-color:brown !important\" itemprop=\"startDate\"><\/td><td class=\"notes\" style=\"border-color:brown !important\">to <a href=\"https:\/\/www.nguyentienngomua.com?page_id=2622\" itemprop=\"attendees\" itemscope itemtype=\"https:\/\/schema.org\/Person\"><span itemprop=\"name\">D8 Vi\u1ebft Qu\u00e2n  Nguy\u1ec5n<\/span><\/a> <span  id=\"c0c1I3140_mloc\" itemprop=\"location\" itemscope itemtype=\"http:\/\/schema.org\/Place\"><span itemprop=\"name\"><\/span><\/span><\/td><\/tr><tr id=\"c0c2I316\" itemprop=\"children\" itemscope itemtype=\"https:\/\/schema.org\/Person\"><td class=\"gender\" style=\"color:black;background-image:url('https:\/\/www.nguyentienngomua.com\/wp-content\/plugins\/rootspersona\/images\/familyGroupSidebar.jpg') !important;border-color:brown !important\" itemprop=\"gender\"><\/td><td class=\"child\" colspan=\"3\" style=\"color:black;background-image:url('https:\/\/www.nguyentienngomua.com\/wp-content\/plugins\/rootspersona\/images\/familyGroupSidebar.jpg') !important;border-color:brown !important\"><a href=\"https:\/\/www.nguyentienngomua.com?page_id=\" itemprop=\"name\">Private<\/a><span itemprop=\"birth\" itemscope itemtype=\"https:\/\/schema.org\/Event\" itemref=\"c0c2I316_bdate c0c2I316_bloc\"><\/span><span itemprop=\"death\" itemscope itemtype=\"https:\/\/schema.org\/Event\" itemref=\"c0c2I316_ddate c0c2I316_dloc\"><\/span><span itemprop=\"marriages\" itemscope itemtype=\"https:\/\/schema.org\/Event\" itemref=\"c0c2I316_mdate c0c2I316_mloc\"><\/span><\/td><\/tr><tr id=\"c0c2I316_birth\"><td class=\"inset\" rowspan=\"3\" style=\"color:black;background-image:url('https:\/\/www.nguyentienngomua.com\/wp-content\/plugins\/rootspersona\/images\/familyGroupSidebar.jpg') !important;border-color:brown !important\"\/><td class=\"label\" style=\"border-color:brown !important\">Birth<\/td><td id=\"c0c2I316_bdate\" itemprop=\"startDate\" class=\"rp_date\" style=\"border-color:brown !important\"><\/td><td id=\"c0c2I316_bloc\" itemprop=\"location\" itemscope itemtype=\"http:\/\/schema.org\/Place\" class=\"notes\" style=\"border-color:brown !important\"><span itemprop=\"name\"><\/span><\/td><\/tr><tr id=\"c0c2I316_death\"><td class=\"label\" style=\"border-color:brown !important\">Death<\/td><td id=\"c0c2I316_ddate\" itemprop=\"startDate\" class=\"rp_date\" style=\"border-color:brown !important\"><\/td><td id=\"c0c2I316_dloc\" itemprop=\"location\" itemscope itemtype=\"http:\/\/schema.org\/Place\" class=\"notes\" style=\"border-color:brown !important\"><span itemprop=\"name\"><\/span><\/td><\/tr><tr id=\"c0c2I3160_marriage\"><td class=\"label\" style=\"border-color:brown !important\">Marriage<\/td><td id=\"c0c2I3160_mdate\" class=\"rp_date\" style=\"border-color:brown !important\" itemprop=\"startDate\"><\/td><td class=\"notes\" style=\"border-color:brown !important\">to <a href=\"https:\/\/www.nguyentienngomua.com?page_id=2671\" itemprop=\"attendees\" itemscope itemtype=\"https:\/\/schema.org\/Person\"><span itemprop=\"name\">D8 V\u0103n L\u1ee3i  Tr\u1ea7n<\/span><\/a> <span  id=\"c0c2I3160_mloc\" itemprop=\"location\" itemscope itemtype=\"http:\/\/schema.org\/Place\"><span itemprop=\"name\"><\/span><\/span><\/td><\/tr><tr id=\"c0c3I318\" itemprop=\"children\" itemscope itemtype=\"https:\/\/schema.org\/Person\"><td class=\"gender\" style=\"color:black;background-image:url('https:\/\/www.nguyentienngomua.com\/wp-content\/plugins\/rootspersona\/images\/familyGroupSidebar.jpg') !important;border-color:brown !important\" itemprop=\"gender\"><\/td><td class=\"child\" colspan=\"3\" style=\"color:black;background-image:url('https:\/\/www.nguyentienngomua.com\/wp-content\/plugins\/rootspersona\/images\/familyGroupSidebar.jpg') !important;border-color:brown !important\"><a href=\"https:\/\/www.nguyentienngomua.com?page_id=\" itemprop=\"name\">Private<\/a><span itemprop=\"birth\" itemscope itemtype=\"https:\/\/schema.org\/Event\" itemref=\"c0c3I318_bdate c0c3I318_bloc\"><\/span><span itemprop=\"death\" itemscope itemtype=\"https:\/\/schema.org\/Event\" itemref=\"c0c3I318_ddate c0c3I318_dloc\"><\/span><span itemprop=\"marriages\" itemscope itemtype=\"https:\/\/schema.org\/Event\" itemref=\"c0c3I318_mdate c0c3I318_mloc\"><\/span><\/td><\/tr><tr id=\"c0c3I318_birth\"><td class=\"inset\" rowspan=\"3\" style=\"color:black;background-image:url('https:\/\/www.nguyentienngomua.com\/wp-content\/plugins\/rootspersona\/images\/familyGroupSidebar.jpg') !important;border-color:brown !important\"\/><td class=\"label\" style=\"border-color:brown !important\">Birth<\/td><td id=\"c0c3I318_bdate\" itemprop=\"startDate\" class=\"rp_date\" style=\"border-color:brown !important\"><\/td><td id=\"c0c3I318_bloc\" itemprop=\"location\" itemscope itemtype=\"http:\/\/schema.org\/Place\" class=\"notes\" style=\"border-color:brown !important\"><span itemprop=\"name\"><\/span><\/td><\/tr><tr id=\"c0c3I318_death\"><td class=\"label\" style=\"border-color:brown !important\">Death<\/td><td id=\"c0c3I318_ddate\" itemprop=\"startDate\" class=\"rp_date\" style=\"border-color:brown !important\"><\/td><td id=\"c0c3I318_dloc\" itemprop=\"location\" itemscope itemtype=\"http:\/\/schema.org\/Place\" class=\"notes\" style=\"border-color:brown !important\"><span itemprop=\"name\"><\/span><\/td><\/tr><tr id=\"c0c3I3180_marriage\"><td class=\"label\" style=\"border-color:brown !important\">Marriage<\/td><td id=\"c0c3I3180_mdate\" class=\"rp_date\" style=\"border-color:brown !important\" itemprop=\"startDate\"><\/td><td class=\"notes\" style=\"border-color:brown !important\">to <a href=\"https:\/\/www.nguyentienngomua.com?page_id=2209\" itemprop=\"attendees\" itemscope itemtype=\"https:\/\/schema.org\/Person\"><span itemprop=\"name\">D8 Th\u1ecb H\u1eb1ng  Nguy\u1ec5n<\/span><\/a> <span  id=\"c0c3I3180_mloc\" itemprop=\"location\" itemscope itemtype=\"http:\/\/schema.org\/Place\"><span itemprop=\"name\"><\/span><\/span><\/td><\/tr><\/tbody><\/table><\/div><\/section><section class=\"rp_truncate\"><div class=\"rp_banner\">Descendancy Chart<\/div><div class=\"rp_descendants\" style=\"padding:10px 4px;\"><div style=\"padding-left:0em;\" itemscope itemtype=\"https:\/\/schema.org\/Person\"><meta itemprop=\"gender\" content=\"M\"\/>1&nbsp;<a href=\"https:\/\/www.nguyentienngomua.com?page_id=2416\"><span class=\"nospace\" itemprop=\"name\">D8 Ti\u1ebfn Du\u00e2n  Nguy\u1ec5n<\/span><\/a><\/div><div style=\"padding-left:1em;\" itemscope itemtype=\"https:\/\/schema.org\/Person\"><meta itemprop=\"gender\" content=\"F\"\/>+&nbsp;<a href=\"https:\/\/www.nguyentienngomua.com?page_id=2276\"><span class=\"nospace\" itemprop=\"name\">D8 Th\u1ecb Long  Nguy\u1ec5n<\/span><\/a><\/div><\/div><\/section><div class=\"rp_banner\"><\/div>\n","protected":false},"excerpt":{"rendered":"","protected":false},"author":0,"featured_media":0,"parent":1983,"menu_order":0,"comment_status":"closed","ping_status":"open","template":"","meta":{"footnotes":""},"class_list":["post-2416","page","type-page","status-publish","hentry"],"_links":{"self":[{"href":"https:\/\/www.nguyentienngomua.com\/index.php\/wp-json\/wp\/v2\/pages\/2416","targetHints":{"allow":["GET"]}}],"collection":[{"href":"https:\/\/www.nguyentienngomua.com\/index.php\/wp-json\/wp\/v2\/pages"}],"about":[{"href":"https:\/\/www.nguyentienngomua.com\/index.php\/wp-json\/wp\/v2\/types\/page"}],"replies":[{"embeddable":true,"href":"https:\/\/www.nguyentienngomua.com\/index.php\/wp-json\/wp\/v2\/comments?post=2416"}],"version-history":[{"count":0,"href":"https:\/\/www.nguyentienngomua.com\/index.php\/wp-json\/wp\/v2\/pages\/2416\/revisions"}],"up":[{"embeddable":true,"href":"https:\/\/www.nguyentienngomua.com\/index.php\/wp-json\/wp\/v2\/pages\/1983"}],"wp:attachment":[{"href":"https:\/\/www.nguyentienngomua.com\/index.php\/wp-json\/wp\/v2\/media?parent=2416"}],"curies":[{"name":"wp","href":"https:\/\/api.w.org\/{rel}","templated":true}]}}