{"id":2510,"date":"2023-06-05T00:06:26","date_gmt":"2023-06-04T17:06:26","guid":{"rendered":"https:\/\/www.nguyentienngomua.com\/index.php\/rootspersona-tree\/nguyen-tien-phang\/"},"modified":"2023-06-05T00:06:26","modified_gmt":"2023-06-04T17:06:26","slug":"nguyen-tien-phang","status":"publish","type":"page","link":"https:\/\/www.nguyentienngomua.com\/index.php\/rootspersona-tree\/nguyen-tien-phang\/","title":{"rendered":"Nguy\u1ec5n, Ti\u1ebfn Ph\u1ea3ng"},"content":{"rendered":"<section class=\"rp_truncate\"><div class=\"rp_header\" itemscope itemtype=\"https:\/\/schema.org\/Person\"><meta itemprop=\"gender\" content=\"M\"\/><div float:left;\"><a href=\"https:\/\/www.nguyentienngomua.com\/wp-content\/plugins\/rootspersona\/\/images\/boy-silhouette.gif\"><img decoding=\"async\" class=\"rp_headerbox\" src=\"https:\/\/www.nguyentienngomua.com\/wp-content\/plugins\/rootspersona\/\/images\/boy-silhouette.gif\" \/><\/a><\/div><div class=\"rp_headerbox\"><span class=\"rp_headerbox\" id=\"hdr_name\" itemprop=\"name\">D6 Ti\u1ebfn Ph\u1ea3ng  Nguy\u1ec5n<\/span><span class=\"rp_headerbox\" style=\"padding-left:15px;text-align:right;color:#EBDDE2;display:none;\">I366<\/span><\/div><\/div><\/section><section class=\"rp_truncate\"><div class=\"rp_banner\">Biography<\/div><div class=\"rp_bio\" style=\"margin:10px; 0px !important;\"> Nguy\u1ec5n Ti\u1ebfn Ph\u1ea3ng, sinh n\u0103m 1925 m\u1ea5t n\u0103m 1995 v\u1ee3 ng\u01b0\u1eddi Thanh Ho\u00e1, gia \u0111\u00ecnh \u1edf H\u00e0 N\u1ed9i. Sinh \u0111\u01b0\u1ee3c 3 ng\u01b0\u1eddi con.<\/div><\/section><section class=\"rp_truncate\"><div class=\"rp_banner\">Facts<\/div><div class=\"rp_facts\"><ul><\/ul><\/div><\/section><section class=\"rp_truncate\"><div class=\"rp_banner\">Ancestors<\/div><div class=\"rp_ancestors\"><table cellpadding=\"0\" cellspacing=\"0\" class=\"ancestors\"><tbody><tr><td colspan=\"2\" rowspan=\"6\">&#160;<\/td><td colspan=\"3\" rowspan=\"2\">&#160;<\/td><td>&#160;<\/td><td rowspan=\"2\" class=\"rp_nameBox\" style=\"border-color:brown !important\"><div class=\"nospace\" itemscope itemtype=\"https:\/\/schema.org\/Person\"><meta itemprop=\"gender\" content=\"U\"\/><span class=\"nospace\" id=\"anc0_name\" itemprop=\"name\">?<\/span><br\/><\/div><\/td><\/tr><tr><td class=\"rp_topleft\" style=\"border-color:brown !important\">&#160;<\/td><\/tr><tr><td>&#160;<\/td><td rowspan=\"2\" class=\"rp_nameBox\" style=\"border-color:brown !important\"><div class=\"nospace\" itemscope itemtype=\"https:\/\/schema.org\/Person\"><meta itemprop=\"gender\" content=\"\"\/><a href=\"https:\/\/www.nguyentienngomua.com?page_id=\"><span class=\"nospace\" id=\"ancI175_name\" itemprop=\"name\">Private<\/span><\/a><br\/><\/div><\/td><td class=\"rp_bottom\" style=\"border-color:brown !important\">&#160;<\/td><td colspan=\"2\" rowspan=\"2\" class=\"rp_left\" style=\"border-color:brown !important\">&#160;<\/td><\/tr><tr><td class=\"rp_topleft\" style=\"border-color:brown !important\">&#160;<\/td><td>&#160;<\/td><\/tr><tr><td colspan=\"3\" rowspan=\"6\" class=\"rp_left\" style=\"border-color:brown !important\">&#160;<\/td><td class=\"rp_leftbottom\" style=\"border-color:brown !important\">&#160;<\/td><td rowspan=\"2\" class=\"rp_nameBox\" style=\"border-color:brown !important\"><div class=\"nospace\" itemscope itemtype=\"https:\/\/schema.org\/Person\"><meta itemprop=\"gender\" content=\"M\"\/><a href=\"https:\/\/www.nguyentienngomua.com?page_id=2527\"><span class=\"nospace\" id=\"ancI167_name\" itemprop=\"name\">D4 Ti\u1ebfn So\u1ea1n  Nguy\u1ec5n<\/span><\/a><br\/><\/div><\/td><\/tr><tr><td>&#160;<\/td><\/tr><tr><td rowspan=\"2\" class=\"rp_nameBox\" style=\"border-color:brown !important\"><div class=\"nospace\" itemscope itemtype=\"https:\/\/schema.org\/Person\"><meta itemprop=\"gender\" content=\"M\"\/><a href=\"https:\/\/www.nguyentienngomua.com?page_id=2510\"><span class=\"nospace\" id=\"ancI366_name\" itemprop=\"name\">D6 Ti\u1ebfn Ph\u1ea3ng  Nguy\u1ec5n<\/span><\/a><br\/><\/div><\/td><td class=\"rp_bottom\" style=\"border-color:brown !important\">&#160;<\/td><td colspan=\"2\" rowspan=\"2\">&#160;<\/td><\/tr><tr><td>&#160;<\/td><\/tr><tr><td colspan=\"2\" rowspan=\"6\">&#160;<\/td><td>&#160;<\/td><td rowspan=\"2\" class=\"rp_nameBox\" style=\"border-color:brown !important\"><div class=\"nospace\" itemscope itemtype=\"https:\/\/schema.org\/Person\"><meta itemprop=\"gender\" content=\"U\"\/><span class=\"nospace\" id=\"anc0_name\" itemprop=\"name\">?<\/span><br\/><\/div><\/td><\/tr><tr><td class=\"rp_topleft\" style=\"border-color:brown !important\">&#160;<\/td><\/tr><tr><td class=\"rp_leftbottom\" style=\"border-color:brown !important\">&#160;<\/td><td rowspan=\"2\" class=\"rp_nameBox\" style=\"border-color:brown !important\"><div class=\"nospace\" itemscope itemtype=\"https:\/\/schema.org\/Person\"><meta itemprop=\"gender\" content=\"F\"\/><a href=\"https:\/\/www.nguyentienngomua.com?page_id=2325\"><span class=\"nospace\" id=\"ancI191_name\" itemprop=\"name\">D5 Th\u1ecb Sen  Nguy\u1ec5n<\/span><\/a><br\/><\/div><\/td><td class=\"rp_bottom\" style=\"border-color:brown !important\">&#160;<\/td><td colspan=\"2\" rowspan=\"2\" class=\"rp_left\" style=\"border-color:brown !important\">&#160;<\/td><\/tr><tr><td>&#160;<\/td><td>&#160;<\/td><\/tr><tr><td colspan=\"3\" rowspan=\"2\">&#160;<\/td><td class=\"rp_leftbottom\" style=\"border-color:brown !important\">&#160;<\/td><td rowspan=\"2\" class=\"rp_nameBox\" style=\"border-color:brown !important\"><div class=\"nospace\" itemscope itemtype=\"https:\/\/schema.org\/Person\"><meta itemprop=\"gender\" content=\"U\"\/><span class=\"nospace\" id=\"anc0_name\" itemprop=\"name\">?<\/span><br\/><\/div><\/td><\/tr><tr><td>&#160;<\/td><\/tr><\/tbody><\/table><\/div><\/section><section class=\"rp_truncate\"><div class=\"rp_banner\">Family Group Sheet - Child<\/div><div class=\"rp_family\"><table class=\"familygroup\" style=\"border-color:brown !important\" itemscope itemtype=\"https:\/\/schema.org\/Family\"><tbody><tr id=\"c0pI175\" itemprop=\"parents\" itemscope itemtype=\"https:\/\/schema.org\/Person\"><td class=\"full\" colspan=\"4\" style=\"color:black;background-image:url('https:\/\/www.nguyentienngomua.com\/wp-content\/plugins\/rootspersona\/images\/familyGroupSidebar.jpg') !important;border-color:brown !important\">PARENT (<span itemprop=\"gender\"><\/span>) <a href=\"https:\/\/www.nguyentienngomua.com?page_id=\" itemprop=\"name\">Private<\/a><span itemprop=\"birth\" itemscope itemtype=\"https:\/\/schema.org\/Event\" itemref=\"c0pI175_bdate c0pI175_bloc\"><\/span><span itemprop=\"death\" itemscope itemtype=\"https:\/\/schema.org\/Event\" itemref=\"c0pI175_ddate c0pI175_dloc\"><\/span><span itemprop=\"marriages\" itemscope itemtype=\"https:\/\/schema.org\/Event\" itemref=\"c0pI175_mdate c0pI175_mloc\"><\/span><span itemprop=\"parents\" itemscope itemtype=\"https:\/\/schema.org\/Person\" itemref=\"c0pI175_father\"><\/span><span itemprop=\"parents\" itemscope itemtype=\"https:\/\/schema.org\/Person\" itemref=\"c0pI175_mother\"><\/span><\/td><\/tr><tr id=\"c0pI175_birth\"><td class=\"inset\" rowspan=\"6\" style=\"color:black;background-image:url('https:\/\/www.nguyentienngomua.com\/wp-content\/plugins\/rootspersona\/images\/familyGroupSidebar.jpg') !important;border-color:brown !important\" ><td class=\"label\" style=\"border-color:brown !important\">Birth<\/td><td id=\"c0pI175_bdate\" itemprop=\"startDate\" class=\"rp_date\" style=\"border-color:brown !important\"><\/td><td id=\"c0pI175_bloc\" itemprop=\"location\" itemscope itemtype=\"http:\/\/schema.org\/Place\" class=\"notes\" style=\"border-color:brown !important\"><\/td><\/tr><tr id=\"c0pI175_death\"><td class=\"label\" style=\"border-color:brown !important\">Death<\/td><td id=\"c0pI175_ddate\" itemprop=\"startDate\" class=\"rp_date\" style=\"border-color:brown !important\"> <\/td><td id=\"c0pI175_dloc\" itemprop=\"location\" itemscope itemtype=\"http:\/\/schema.org\/Place\" class=\"notes\" style=\"border-color:brown !important\"><\/td><\/tr><tr id=\"c0pI1750_marriage\"><td class=\"label\" style=\"border-color:brown !important\">Marriage<\/td><td id=\"c0pI1750_mdate\" class=\"rp_date\" style=\"border-color:brown !important\" itemprop=\"startDate\"><\/td><td class=\"notes\" style=\"border-color:brown !important\">to <a href=\"https:\/\/www.nguyentienngomua.com?page_id=2323\" itemprop=\"attendees\" itemscope itemtype=\"https:\/\/schema.org\/Person\"><span itemprop=\"name\">D5 Th\u1ecb Sa  Nguy\u1ec5n<\/span><\/a> <span  id=\"c0pI1750_mloc\" itemprop=\"location\" itemscope itemtype=\"http:\/\/schema.org\/Place\"><span itemprop=\"name\"><\/span><\/span><\/td><\/tr><tr id=\"c0pI1751_marriage\"><td class=\"label\" style=\"border-color:brown !important\">Marriage<\/td><td id=\"c0pI1751_mdate\" class=\"rp_date\" style=\"border-color:brown !important\" itemprop=\"startDate\"><\/td><td class=\"notes\" style=\"border-color:brown !important\">to <a href=\"https:\/\/www.nguyentienngomua.com?page_id=2325\" itemprop=\"attendees\" itemscope itemtype=\"https:\/\/schema.org\/Person\"><span itemprop=\"name\">D5 Th\u1ecb Sen  Nguy\u1ec5n<\/span><\/a> <span  id=\"c0pI1751_mloc\" itemprop=\"location\" itemscope itemtype=\"http:\/\/schema.org\/Place\"><span itemprop=\"name\"><\/span><\/span><\/td><\/tr><tr id=\"c0pI175_father\"><td class=\"label\" style=\"border-color:brown !important\">Father<\/td><td class=\"parent\" colspan=\"2\" style=\"border-color:brown !important\"><a href=\"https:\/\/www.nguyentienngomua.com?page_id=2510\" itemprop=\"name\">?<\/a><\/td><\/tr><tr id=\"c0pI175_mother\"><td class=\"label\" style=\"border-color:brown !important\">Mother<\/td><td class=\"parent\" colspan=\"2\" style=\"border-color:brown !important\"><a href=\"https:\/\/www.nguyentienngomua.com?page_id=2527\" itemprop=\"name\">D4 Ti\u1ebfn So\u1ea1n  Nguy\u1ec5n<\/a><\/td><\/tr><tr id=\"c0mI191\" itemprop=\"parents\" itemscope itemtype=\"https:\/\/schema.org\/Person\"><td class=\"full\" colspan=\"4\" style=\"color:black;background-image:url('https:\/\/www.nguyentienngomua.com\/wp-content\/plugins\/rootspersona\/images\/familyGroupSidebar.jpg') !important;border-color:brown !important\">PARENT (<span itemprop=\"gender\">F<\/span>) <a href=\"https:\/\/www.nguyentienngomua.com?page_id=2325\" itemprop=\"name\">D5 Th\u1ecb Sen  Nguy\u1ec5n<\/a><span itemprop=\"birth\" itemscope itemtype=\"https:\/\/schema.org\/Event\" itemref=\"c0mI191_bdate c0mI191_bloc\"><\/span><span itemprop=\"death\" itemscope itemtype=\"https:\/\/schema.org\/Event\" itemref=\"c0mI191_ddate c0mI191_dloc\"><\/span><span itemprop=\"marriages\" itemscope itemtype=\"https:\/\/schema.org\/Event\" itemref=\"c0mI191_mdate c0mI191_mloc\"><\/span><span itemprop=\"parents\" itemscope itemtype=\"https:\/\/schema.org\/Person\" itemref=\"c0mI191_father\"><\/span><span itemprop=\"parents\" itemscope itemtype=\"https:\/\/schema.org\/Person\" itemref=\"c0mI191_mother\"><\/span><\/td><\/tr><tr id=\"c0mI191_birth\"><td class=\"inset\" rowspan=\"5\" style=\"color:black;background-image:url('https:\/\/www.nguyentienngomua.com\/wp-content\/plugins\/rootspersona\/images\/familyGroupSidebar.jpg') !important;border-color:brown !important\" ><td class=\"label\" style=\"border-color:brown !important\">Birth<\/td><td id=\"c0mI191_bdate\" itemprop=\"startDate\" class=\"rp_date\" style=\"border-color:brown !important\"><\/td><td id=\"c0mI191_bloc\" itemprop=\"location\" itemscope itemtype=\"http:\/\/schema.org\/Place\" class=\"notes\" style=\"border-color:brown !important\"><\/td><\/tr><tr id=\"c0mI191_death\"><td class=\"label\" style=\"border-color:brown !important\">Death<\/td><td id=\"c0mI191_ddate\" itemprop=\"startDate\" class=\"rp_date\" style=\"border-color:brown !important\"> <\/td><td id=\"c0mI191_dloc\" itemprop=\"location\" itemscope itemtype=\"http:\/\/schema.org\/Place\" class=\"notes\" style=\"border-color:brown !important\"><\/td><\/tr><tr id=\"c0mI1910_marriage\"><td class=\"label\" style=\"border-color:brown !important\">Marriage<\/td><td id=\"c0mI1910_mdate\" class=\"rp_date\" style=\"border-color:brown !important\" itemprop=\"startDate\"><\/td><td class=\"notes\" style=\"border-color:brown !important\">to <a href=\"https:\/\/www.nguyentienngomua.com?page_id=\" itemprop=\"attendees\" itemscope itemtype=\"https:\/\/schema.org\/Person\"><span itemprop=\"name\">Private<\/span><\/a> <span  id=\"c0mI1910_mloc\" itemprop=\"location\" itemscope itemtype=\"http:\/\/schema.org\/Place\"><span itemprop=\"name\"><\/span><\/span><\/td><\/tr><tr id=\"c0mI191_father\"><td class=\"label\" style=\"border-color:brown !important\">Father<\/td><td class=\"parent\" colspan=\"2\" style=\"border-color:brown !important\"><a href=\"https:\/\/www.nguyentienngomua.com?page_id=2510\" itemprop=\"name\">?<\/a><\/td><\/tr><tr id=\"c0mI191_mother\"><td class=\"label\" style=\"border-color:brown !important\">Mother<\/td><td class=\"parent\" colspan=\"2\" style=\"border-color:brown !important\"><a href=\"https:\/\/www.nguyentienngomua.com?page_id=2510\" itemprop=\"name\">?<\/a><\/td><\/tr><tr><td class=\"full\" colspan=\"4\" style=\"color:black;background-image:url('https:\/\/www.nguyentienngomua.com\/wp-content\/plugins\/rootspersona\/images\/familyGroupSidebar.jpg') !important;border-color:brown !important\">CHILDREN<\/td><\/tr><tr id=\"c0c0I340\" itemprop=\"children\" itemscope itemtype=\"https:\/\/schema.org\/Person\"><td class=\"gender\" style=\"color:black;background-image:url('https:\/\/www.nguyentienngomua.com\/wp-content\/plugins\/rootspersona\/images\/familyGroupSidebar.jpg') !important;border-color:brown !important\" itemprop=\"gender\">F<\/td><td class=\"child\" colspan=\"3\" style=\"color:black;background-image:url('https:\/\/www.nguyentienngomua.com\/wp-content\/plugins\/rootspersona\/images\/familyGroupSidebar.jpg') !important;border-color:brown !important\"><a href=\"https:\/\/www.nguyentienngomua.com?page_id=2189\" itemprop=\"name\">D6 Th\u1ecb Do\u00e3n  Nguy\u1ec5n<\/a><span itemprop=\"birth\" itemscope itemtype=\"https:\/\/schema.org\/Event\" itemref=\"c0c0I340_bdate c0c0I340_bloc\"><\/span><span itemprop=\"death\" itemscope itemtype=\"https:\/\/schema.org\/Event\" itemref=\"c0c0I340_ddate c0c0I340_dloc\"><\/span><span itemprop=\"marriages\" itemscope itemtype=\"https:\/\/schema.org\/Event\" itemref=\"c0c0I340_mdate c0c0I340_mloc\"><\/span><\/td><\/tr><tr id=\"c0c0I340_birth\"><td class=\"inset\" rowspan=\"2\" style=\"color:black;background-image:url('https:\/\/www.nguyentienngomua.com\/wp-content\/plugins\/rootspersona\/images\/familyGroupSidebar.jpg') !important;border-color:brown !important\"\/><td class=\"label\" style=\"border-color:brown !important\">Birth<\/td><td id=\"c0c0I340_bdate\" itemprop=\"startDate\" class=\"rp_date\" style=\"border-color:brown !important\"><\/td><td id=\"c0c0I340_bloc\" itemprop=\"location\" itemscope itemtype=\"http:\/\/schema.org\/Place\" class=\"notes\" style=\"border-color:brown !important\"><span itemprop=\"name\"><\/span><\/td><\/tr><tr id=\"c0c0I340_death\"><td class=\"label\" style=\"border-color:brown !important\">Death<\/td><td id=\"c0c0I340_ddate\" itemprop=\"startDate\" class=\"rp_date\" style=\"border-color:brown !important\"><\/td><td id=\"c0c0I340_dloc\" itemprop=\"location\" itemscope itemtype=\"http:\/\/schema.org\/Place\" class=\"notes\" style=\"border-color:brown !important\"><span itemprop=\"name\"><\/span><\/td><\/tr><tr id=\"c0c1I341\" itemprop=\"children\" itemscope itemtype=\"https:\/\/schema.org\/Person\"><td class=\"gender\" style=\"color:black;background-image:url('https:\/\/www.nguyentienngomua.com\/wp-content\/plugins\/rootspersona\/images\/familyGroupSidebar.jpg') !important;border-color:brown !important\" itemprop=\"gender\">M<\/td><td class=\"child\" colspan=\"3\" style=\"color:black;background-image:url('https:\/\/www.nguyentienngomua.com\/wp-content\/plugins\/rootspersona\/images\/familyGroupSidebar.jpg') !important;border-color:brown !important\"><a href=\"https:\/\/www.nguyentienngomua.com?page_id=2551\" itemprop=\"name\">D6 Ti\u1ebfn Thi\u1ec7p  Nguy\u1ec5n<\/a><span itemprop=\"birth\" itemscope itemtype=\"https:\/\/schema.org\/Event\" itemref=\"c0c1I341_bdate c0c1I341_bloc\"><\/span><span itemprop=\"death\" itemscope itemtype=\"https:\/\/schema.org\/Event\" itemref=\"c0c1I341_ddate c0c1I341_dloc\"><\/span><span itemprop=\"marriages\" itemscope itemtype=\"https:\/\/schema.org\/Event\" itemref=\"c0c1I341_mdate c0c1I341_mloc\"><\/span><\/td><\/tr><tr id=\"c0c1I341_birth\"><td class=\"inset\" rowspan=\"3\" style=\"color:black;background-image:url('https:\/\/www.nguyentienngomua.com\/wp-content\/plugins\/rootspersona\/images\/familyGroupSidebar.jpg') !important;border-color:brown !important\"\/><td class=\"label\" style=\"border-color:brown !important\">Birth<\/td><td id=\"c0c1I341_bdate\" itemprop=\"startDate\" class=\"rp_date\" style=\"border-color:brown !important\"><\/td><td id=\"c0c1I341_bloc\" itemprop=\"location\" itemscope itemtype=\"http:\/\/schema.org\/Place\" class=\"notes\" style=\"border-color:brown !important\"><span itemprop=\"name\"><\/span><\/td><\/tr><tr id=\"c0c1I341_death\"><td class=\"label\" style=\"border-color:brown !important\">Death<\/td><td id=\"c0c1I341_ddate\" itemprop=\"startDate\" class=\"rp_date\" style=\"border-color:brown !important\"><\/td><td id=\"c0c1I341_dloc\" itemprop=\"location\" itemscope itemtype=\"http:\/\/schema.org\/Place\" class=\"notes\" style=\"border-color:brown !important\"><span itemprop=\"name\"><\/span><\/td><\/tr><tr id=\"c0c1I3410_marriage\"><td class=\"label\" style=\"border-color:brown !important\">Marriage<\/td><td id=\"c0c1I3410_mdate\" class=\"rp_date\" style=\"border-color:brown !important\" itemprop=\"startDate\"><\/td><td class=\"notes\" style=\"border-color:brown !important\">to <a href=\"https:\/\/www.nguyentienngomua.com?page_id=2667\" itemprop=\"attendees\" itemscope itemtype=\"https:\/\/schema.org\/Person\"><span itemprop=\"name\">D6 Th\u1ecb T\u00e8o  Tr\u1ea7n<\/span><\/a> <span  id=\"c0c1I3410_mloc\" itemprop=\"location\" itemscope itemtype=\"http:\/\/schema.org\/Place\"><span itemprop=\"name\"><\/span><\/span><\/td><\/tr><tr id=\"c0c2I366\" itemprop=\"children\" itemscope itemtype=\"https:\/\/schema.org\/Person\"><td class=\"gender\" style=\"color:black;background-image:url('https:\/\/www.nguyentienngomua.com\/wp-content\/plugins\/rootspersona\/images\/familyGroupSidebar.jpg') !important;border-color:brown !important\" itemprop=\"gender\">M<\/td><td class=\"child\" colspan=\"3\" style=\"color:black;background-image:url('https:\/\/www.nguyentienngomua.com\/wp-content\/plugins\/rootspersona\/images\/familyGroupSidebar.jpg') !important;border-color:brown !important\"><a href=\"https:\/\/www.nguyentienngomua.com?page_id=2510\" itemprop=\"name\">D6 Ti\u1ebfn Ph\u1ea3ng  Nguy\u1ec5n<\/a><span itemprop=\"birth\" itemscope itemtype=\"https:\/\/schema.org\/Event\" itemref=\"c0c2I366_bdate c0c2I366_bloc\"><\/span><span itemprop=\"death\" itemscope itemtype=\"https:\/\/schema.org\/Event\" itemref=\"c0c2I366_ddate c0c2I366_dloc\"><\/span><span itemprop=\"marriages\" itemscope itemtype=\"https:\/\/schema.org\/Event\" itemref=\"c0c2I366_mdate c0c2I366_mloc\"><\/span><\/td><\/tr><tr id=\"c0c2I366_birth\"><td class=\"inset\" rowspan=\"3\" style=\"color:black;background-image:url('https:\/\/www.nguyentienngomua.com\/wp-content\/plugins\/rootspersona\/images\/familyGroupSidebar.jpg') !important;border-color:brown !important\"\/><td class=\"label\" style=\"border-color:brown !important\">Birth<\/td><td id=\"c0c2I366_bdate\" itemprop=\"startDate\" class=\"rp_date\" style=\"border-color:brown !important\"><\/td><td id=\"c0c2I366_bloc\" itemprop=\"location\" itemscope itemtype=\"http:\/\/schema.org\/Place\" class=\"notes\" style=\"border-color:brown !important\"><span itemprop=\"name\"><\/span><\/td><\/tr><tr id=\"c0c2I366_death\"><td class=\"label\" style=\"border-color:brown !important\">Death<\/td><td id=\"c0c2I366_ddate\" itemprop=\"startDate\" class=\"rp_date\" style=\"border-color:brown !important\"><\/td><td id=\"c0c2I366_dloc\" itemprop=\"location\" itemscope itemtype=\"http:\/\/schema.org\/Place\" class=\"notes\" style=\"border-color:brown !important\"><span itemprop=\"name\"><\/span><\/td><\/tr><tr id=\"c0c2I3660_marriage\"><td class=\"label\" style=\"border-color:brown !important\">Marriage<\/td><td id=\"c0c2I3660_mdate\" class=\"rp_date\" style=\"border-color:brown !important\" itemprop=\"startDate\"><\/td><td class=\"notes\" style=\"border-color:brown !important\">to <a href=\"https:\/\/www.nguyentienngomua.com?page_id=#\" itemprop=\"attendees\" itemscope itemtype=\"https:\/\/schema.org\/Person\"><span itemprop=\"name\">?<\/span><\/a> <span  id=\"c0c2I3660_mloc\" itemprop=\"location\" itemscope itemtype=\"http:\/\/schema.org\/Place\"><span itemprop=\"name\"><\/span><\/span><\/td><\/tr><tr id=\"c0c3I375\" itemprop=\"children\" itemscope itemtype=\"https:\/\/schema.org\/Person\"><td class=\"gender\" style=\"color:black;background-image:url('https:\/\/www.nguyentienngomua.com\/wp-content\/plugins\/rootspersona\/images\/familyGroupSidebar.jpg') !important;border-color:brown !important\" itemprop=\"gender\"><\/td><td class=\"child\" colspan=\"3\" style=\"color:black;background-image:url('https:\/\/www.nguyentienngomua.com\/wp-content\/plugins\/rootspersona\/images\/familyGroupSidebar.jpg') !important;border-color:brown !important\"><a href=\"https:\/\/www.nguyentienngomua.com?page_id=\" itemprop=\"name\">Private<\/a><span itemprop=\"birth\" itemscope itemtype=\"https:\/\/schema.org\/Event\" itemref=\"c0c3I375_bdate c0c3I375_bloc\"><\/span><span itemprop=\"death\" itemscope itemtype=\"https:\/\/schema.org\/Event\" itemref=\"c0c3I375_ddate c0c3I375_dloc\"><\/span><span itemprop=\"marriages\" itemscope itemtype=\"https:\/\/schema.org\/Event\" itemref=\"c0c3I375_mdate c0c3I375_mloc\"><\/span><\/td><\/tr><tr id=\"c0c3I375_birth\"><td class=\"inset\" rowspan=\"3\" style=\"color:black;background-image:url('https:\/\/www.nguyentienngomua.com\/wp-content\/plugins\/rootspersona\/images\/familyGroupSidebar.jpg') !important;border-color:brown !important\"\/><td class=\"label\" style=\"border-color:brown !important\">Birth<\/td><td id=\"c0c3I375_bdate\" itemprop=\"startDate\" class=\"rp_date\" style=\"border-color:brown !important\"><\/td><td id=\"c0c3I375_bloc\" itemprop=\"location\" itemscope itemtype=\"http:\/\/schema.org\/Place\" class=\"notes\" style=\"border-color:brown !important\"><span itemprop=\"name\"><\/span><\/td><\/tr><tr id=\"c0c3I375_death\"><td class=\"label\" style=\"border-color:brown !important\">Death<\/td><td id=\"c0c3I375_ddate\" itemprop=\"startDate\" class=\"rp_date\" style=\"border-color:brown !important\"><\/td><td id=\"c0c3I375_dloc\" itemprop=\"location\" itemscope itemtype=\"http:\/\/schema.org\/Place\" class=\"notes\" style=\"border-color:brown !important\"><span itemprop=\"name\"><\/span><\/td><\/tr><tr id=\"c0c3I3750_marriage\"><td class=\"label\" style=\"border-color:brown !important\">Marriage<\/td><td id=\"c0c3I3750_mdate\" class=\"rp_date\" style=\"border-color:brown !important\" itemprop=\"startDate\"><\/td><td class=\"notes\" style=\"border-color:brown !important\">to <a href=\"https:\/\/www.nguyentienngomua.com?page_id=#\" itemprop=\"attendees\" itemscope itemtype=\"https:\/\/schema.org\/Person\"><span itemprop=\"name\">?<\/span><\/a> <span  id=\"c0c3I3750_mloc\" itemprop=\"location\" itemscope itemtype=\"http:\/\/schema.org\/Place\"><span itemprop=\"name\"><\/span><\/span><\/td><\/tr><\/tbody><\/table><\/div><\/section><section class=\"rp_truncate\"><div class=\"rp_banner\">Descendancy Chart<\/div><div class=\"rp_descendants\" style=\"padding:10px 4px;\"><div style=\"padding-left:0em;\" itemscope itemtype=\"https:\/\/schema.org\/Person\"><meta itemprop=\"gender\" content=\"M\"\/>1&nbsp;<a href=\"https:\/\/www.nguyentienngomua.com?page_id=2510\"><span class=\"nospace\" itemprop=\"name\">D6 Ti\u1ebfn Ph\u1ea3ng  Nguy\u1ec5n<\/span><\/a><\/div><div style=\"padding-left:1em;\" itemscope itemtype=\"https:\/\/schema.org\/Person\"><meta itemprop=\"gender\" content=\"U\"\/>+&nbsp;<a href=\"https:\/\/www.nguyentienngomua.com?page_id=#\"><span class=\"nospace\" itemprop=\"name\">?<\/span><\/a><\/div><\/div><\/section><div class=\"rp_banner\"><\/div>\n","protected":false},"excerpt":{"rendered":"","protected":false},"author":0,"featured_media":0,"parent":1983,"menu_order":0,"comment_status":"closed","ping_status":"open","template":"","meta":{"footnotes":""},"class_list":["post-2510","page","type-page","status-publish","hentry"],"_links":{"self":[{"href":"https:\/\/www.nguyentienngomua.com\/index.php\/wp-json\/wp\/v2\/pages\/2510","targetHints":{"allow":["GET"]}}],"collection":[{"href":"https:\/\/www.nguyentienngomua.com\/index.php\/wp-json\/wp\/v2\/pages"}],"about":[{"href":"https:\/\/www.nguyentienngomua.com\/index.php\/wp-json\/wp\/v2\/types\/page"}],"replies":[{"embeddable":true,"href":"https:\/\/www.nguyentienngomua.com\/index.php\/wp-json\/wp\/v2\/comments?post=2510"}],"version-history":[{"count":0,"href":"https:\/\/www.nguyentienngomua.com\/index.php\/wp-json\/wp\/v2\/pages\/2510\/revisions"}],"up":[{"embeddable":true,"href":"https:\/\/www.nguyentienngomua.com\/index.php\/wp-json\/wp\/v2\/pages\/1983"}],"wp:attachment":[{"href":"https:\/\/www.nguyentienngomua.com\/index.php\/wp-json\/wp\/v2\/media?parent=2510"}],"curies":[{"name":"wp","href":"https:\/\/api.w.org\/{rel}","templated":true}]}}