{"id":2528,"date":"2023-06-05T00:06:26","date_gmt":"2023-06-04T17:06:26","guid":{"rendered":"https:\/\/www.nguyentienngomua.com\/index.php\/rootspersona-tree\/nguyen-tien-son\/"},"modified":"2023-06-05T00:06:26","modified_gmt":"2023-06-04T17:06:26","slug":"nguyen-tien-son","status":"publish","type":"page","link":"https:\/\/www.nguyentienngomua.com\/index.php\/rootspersona-tree\/nguyen-tien-son\/","title":{"rendered":"Nguy\u1ec5n, Ti\u1ebfn S\u01a1n"},"content":{"rendered":"<section class=\"rp_truncate\"><div class=\"rp_header\" itemscope itemtype=\"https:\/\/schema.org\/Person\"><meta itemprop=\"gender\" content=\"M\"\/><div float:left;\"><a href=\"https:\/\/www.nguyentienngomua.com\/wp-content\/plugins\/rootspersona\/\/images\/boy-silhouette.gif\"><img decoding=\"async\" class=\"rp_headerbox\" src=\"https:\/\/www.nguyentienngomua.com\/wp-content\/plugins\/rootspersona\/\/images\/boy-silhouette.gif\" \/><\/a><\/div><div class=\"rp_headerbox\"><span class=\"rp_headerbox\" id=\"hdr_name\" itemprop=\"name\">D7 Ti\u1ebfn S\u01a1n  Nguy\u1ec5n<\/span><span class=\"rp_headerbox\" style=\"padding-left:15px;text-align:right;color:#EBDDE2;display:none;\">I28<\/span><\/div><\/div><\/section><section class=\"rp_truncate\"><div class=\"rp_banner\">Biography<\/div><div class=\"rp_bio\" style=\"margin:10px; 0px !important;\"> C\u1ee5 Nguy\u1ec5n Ti\u1ebfn S\u01a1n hi\u1ec7n \u0111ang l\u00e0 tr\u01b0\u1edfng t\u1ed9c h\u1ecd Nguy\u1ec5n Ti\u1ebfn, v\u1ee3 l\u00e0 Nguy\u1ec5n Th\u1ecb Kha ng\u01b0\u1eddi l\u00e0ng \u0110\u1ed3ng Tr\u1ef1c, sinh \u0111\u01b0\u1ee3c 5 ng\u01b0\u1eddi con:<br \/>\n 1. Nguy\u1ec5n Ti\u1ebfn Thuy\u1ebft, sinh n\u0103m 1959 v\u1ee3 l\u00e0 Nguy\u1ec5n Th\u1ecb T\u00fd sinh n\u0103m 1962 ng\u01b0\u1eddi h\u1ecd Nguy\u1ec5n B\u00e1 , sinh \u0111\u01b0\u1ee3c 2 con trai l\u00e0 :<br \/>\n 2. Nguy\u1ec5n Ti\u1ebfn Thi\u1ec1m sinh n\u0103m 1966 v\u1ee3 l\u00e0 Nguy\u1ec5n Th\u1ecb H\u1ed3ng sinh n\u0103m 1967 ng\u01b0\u1eddi Q\u00f9ynh Ng\u1ecdc , sinh \u0111\u01b0\u1ee3c 2 ng\u01b0\u1eddi con l\u00e0 :<br \/>\n 3. Nguy\u1ec5n Ti\u1ebfn Hu\u1ec7 sinh n\u0103m 1972 v\u1ee3 l\u00e0 Nguy\u1ec5n Th\u1ecb \u0110\u00e0o ( con \u00f4ng Thai ng\u01b0\u1eddi l\u00e0ng Ng\u00f5 M\u01b0a ) sinh ra 02 ng\u01b0\u1eddi con l\u00e0 :<br \/>\n 4. Nguy\u1ec5n Th\u1ecb G\u00e1i sinh n\u0103m 1963 l\u1ea5y ch\u1ed3ng H\u1ea3i D\u01b0\u01a1ng<br \/>\n 5. Nguy\u1ec5n Th\u1ecb H\u1ea1nh sinh  n\u0103m 1970 l\u1ea5y ch\u1ed3ng \u0110\u1ed3ng Ni\u00ean.<\/div><\/section><section class=\"rp_truncate\"><div class=\"rp_banner\">Facts<\/div><div class=\"rp_facts\"><ul><li>Death - Y <\/li><\/ul><\/div><\/section><section class=\"rp_truncate\"><div class=\"rp_banner\">Ancestors<\/div><div class=\"rp_ancestors\"><table cellpadding=\"0\" cellspacing=\"0\" class=\"ancestors\"><tbody><tr><td colspan=\"2\" rowspan=\"6\">&#160;<\/td><td colspan=\"3\" rowspan=\"2\">&#160;<\/td><td>&#160;<\/td><td rowspan=\"2\" class=\"rp_nameBox\" style=\"border-color:brown !important\"><div class=\"nospace\" itemscope itemtype=\"https:\/\/schema.org\/Person\"><meta itemprop=\"gender\" content=\"U\"\/><span class=\"nospace\" id=\"anc0_name\" itemprop=\"name\">?<\/span><br\/><\/div><\/td><\/tr><tr><td class=\"rp_topleft\" style=\"border-color:brown !important\">&#160;<\/td><\/tr><tr><td>&#160;<\/td><td rowspan=\"2\" class=\"rp_nameBox\" style=\"border-color:brown !important\"><div class=\"nospace\" itemscope itemtype=\"https:\/\/schema.org\/Person\"><meta itemprop=\"gender\" content=\"M\"\/><a href=\"https:\/\/www.nguyentienngomua.com?page_id=2433\"><span class=\"nospace\" id=\"ancI16_name\" itemprop=\"name\">D6 Ti\u1ebfn H\u1ea3i  Nguy\u1ec5n<\/span><\/a><br\/><\/div><\/td><td class=\"rp_bottom\" style=\"border-color:brown !important\">&#160;<\/td><td colspan=\"2\" rowspan=\"2\" class=\"rp_left\" style=\"border-color:brown !important\">&#160;<\/td><\/tr><tr><td class=\"rp_topleft\" style=\"border-color:brown !important\">&#160;<\/td><td>&#160;<\/td><\/tr><tr><td colspan=\"3\" rowspan=\"6\" class=\"rp_left\" style=\"border-color:brown !important\">&#160;<\/td><td class=\"rp_leftbottom\" style=\"border-color:brown !important\">&#160;<\/td><td rowspan=\"2\" class=\"rp_nameBox\" style=\"border-color:brown !important\"><div class=\"nospace\" itemscope itemtype=\"https:\/\/schema.org\/Person\"><meta itemprop=\"gender\" content=\"M\"\/><a href=\"https:\/\/www.nguyentienngomua.com?page_id=2585\"><span class=\"nospace\" id=\"ancI11_name\" itemprop=\"name\">D5 Ti\u1ebfn V\u0103n  Nguy\u1ec5n<\/span><\/a><br\/><\/div><\/td><\/tr><tr><td>&#160;<\/td><\/tr><tr><td rowspan=\"2\" class=\"rp_nameBox\" style=\"border-color:brown !important\"><div class=\"nospace\" itemscope itemtype=\"https:\/\/schema.org\/Person\"><meta itemprop=\"gender\" content=\"M\"\/><a href=\"https:\/\/www.nguyentienngomua.com?page_id=2528\"><span class=\"nospace\" id=\"ancI28_name\" itemprop=\"name\">D7 Ti\u1ebfn S\u01a1n  Nguy\u1ec5n<\/span><\/a><br\/><\/div><\/td><td class=\"rp_bottom\" style=\"border-color:brown !important\">&#160;<\/td><td colspan=\"2\" rowspan=\"2\">&#160;<\/td><\/tr><tr><td>&#160;<\/td><\/tr><tr><td colspan=\"2\" rowspan=\"6\">&#160;<\/td><td>&#160;<\/td><td rowspan=\"2\" class=\"rp_nameBox\" style=\"border-color:brown !important\"><div class=\"nospace\" itemscope itemtype=\"https:\/\/schema.org\/Person\"><meta itemprop=\"gender\" content=\"U\"\/><span class=\"nospace\" id=\"anc0_name\" itemprop=\"name\">?<\/span><br\/><\/div><\/td><\/tr><tr><td class=\"rp_topleft\" style=\"border-color:brown !important\">&#160;<\/td><\/tr><tr><td class=\"rp_leftbottom\" style=\"border-color:brown !important\">&#160;<\/td><td rowspan=\"2\" class=\"rp_nameBox\" style=\"border-color:brown !important\"><div class=\"nospace\" itemscope itemtype=\"https:\/\/schema.org\/Person\"><meta itemprop=\"gender\" content=\"F\"\/><a href=\"https:\/\/www.nguyentienngomua.com?page_id=2655\"><span class=\"nospace\" id=\"ancI25_name\" itemprop=\"name\">D6 Th\u1ecb Di\u1ec7m  Tr\u1ea7n<\/span><\/a><br\/><\/div><\/td><td class=\"rp_bottom\" style=\"border-color:brown !important\">&#160;<\/td><td colspan=\"2\" rowspan=\"2\" class=\"rp_left\" style=\"border-color:brown !important\">&#160;<\/td><\/tr><tr><td>&#160;<\/td><td>&#160;<\/td><\/tr><tr><td colspan=\"3\" rowspan=\"2\">&#160;<\/td><td class=\"rp_leftbottom\" style=\"border-color:brown !important\">&#160;<\/td><td rowspan=\"2\" class=\"rp_nameBox\" style=\"border-color:brown !important\"><div class=\"nospace\" itemscope itemtype=\"https:\/\/schema.org\/Person\"><meta itemprop=\"gender\" content=\"U\"\/><span class=\"nospace\" id=\"anc0_name\" itemprop=\"name\">?<\/span><br\/><\/div><\/td><\/tr><tr><td>&#160;<\/td><\/tr><\/tbody><\/table><\/div><\/section><section class=\"rp_truncate\"><div class=\"rp_banner\">Family Group Sheet - Child<\/div><div class=\"rp_family\"><table class=\"familygroup\" style=\"border-color:brown !important\" itemscope itemtype=\"https:\/\/schema.org\/Family\"><tbody><tr id=\"c0pI16\" itemprop=\"parents\" itemscope itemtype=\"https:\/\/schema.org\/Person\"><td class=\"full\" colspan=\"4\" style=\"color:black;background-image:url('https:\/\/www.nguyentienngomua.com\/wp-content\/plugins\/rootspersona\/images\/familyGroupSidebar.jpg') !important;border-color:brown !important\">PARENT (<span itemprop=\"gender\">M<\/span>) <a href=\"https:\/\/www.nguyentienngomua.com?page_id=2433\" itemprop=\"name\">D6 Ti\u1ebfn H\u1ea3i  Nguy\u1ec5n<\/a><span itemprop=\"birth\" itemscope itemtype=\"https:\/\/schema.org\/Event\" itemref=\"c0pI16_bdate c0pI16_bloc\"><\/span><span itemprop=\"death\" itemscope itemtype=\"https:\/\/schema.org\/Event\" itemref=\"c0pI16_ddate c0pI16_dloc\"><\/span><span itemprop=\"marriages\" itemscope itemtype=\"https:\/\/schema.org\/Event\" itemref=\"c0pI16_mdate c0pI16_mloc\"><\/span><span itemprop=\"parents\" itemscope itemtype=\"https:\/\/schema.org\/Person\" itemref=\"c0pI16_father\"><\/span><span itemprop=\"parents\" itemscope itemtype=\"https:\/\/schema.org\/Person\" itemref=\"c0pI16_mother\"><\/span><\/td><\/tr><tr id=\"c0pI16_birth\"><td class=\"inset\" rowspan=\"5\" style=\"color:black;background-image:url('https:\/\/www.nguyentienngomua.com\/wp-content\/plugins\/rootspersona\/images\/familyGroupSidebar.jpg') !important;border-color:brown !important\" ><td class=\"label\" style=\"border-color:brown !important\">Birth<\/td><td id=\"c0pI16_bdate\" itemprop=\"startDate\" class=\"rp_date\" style=\"border-color:brown !important\"><\/td><td id=\"c0pI16_bloc\" itemprop=\"location\" itemscope itemtype=\"http:\/\/schema.org\/Place\" class=\"notes\" style=\"border-color:brown !important\"><\/td><\/tr><tr id=\"c0pI16_death\"><td class=\"label\" style=\"border-color:brown !important\">Death<\/td><td id=\"c0pI16_ddate\" itemprop=\"startDate\" class=\"rp_date\" style=\"border-color:brown !important\"> <\/td><td id=\"c0pI16_dloc\" itemprop=\"location\" itemscope itemtype=\"http:\/\/schema.org\/Place\" class=\"notes\" style=\"border-color:brown !important\"><\/td><\/tr><tr id=\"c0pI160_marriage\"><td class=\"label\" style=\"border-color:brown !important\">Marriage<\/td><td id=\"c0pI160_mdate\" class=\"rp_date\" style=\"border-color:brown !important\" itemprop=\"startDate\"><\/td><td class=\"notes\" style=\"border-color:brown !important\">to <a href=\"https:\/\/www.nguyentienngomua.com?page_id=2655\" itemprop=\"attendees\" itemscope itemtype=\"https:\/\/schema.org\/Person\"><span itemprop=\"name\">D6 Th\u1ecb Di\u1ec7m  Tr\u1ea7n<\/span><\/a> <span  id=\"c0pI160_mloc\" itemprop=\"location\" itemscope itemtype=\"http:\/\/schema.org\/Place\"><span itemprop=\"name\"><\/span><\/span><\/td><\/tr><tr id=\"c0pI16_father\"><td class=\"label\" style=\"border-color:brown !important\">Father<\/td><td class=\"parent\" colspan=\"2\" style=\"border-color:brown !important\"><a href=\"https:\/\/www.nguyentienngomua.com?page_id=2528\" itemprop=\"name\">?<\/a><\/td><\/tr><tr id=\"c0pI16_mother\"><td class=\"label\" style=\"border-color:brown !important\">Mother<\/td><td class=\"parent\" colspan=\"2\" style=\"border-color:brown !important\"><a href=\"https:\/\/www.nguyentienngomua.com?page_id=2585\" itemprop=\"name\">D5 Ti\u1ebfn V\u0103n  Nguy\u1ec5n<\/a><\/td><\/tr><tr id=\"c0mI25\" itemprop=\"parents\" itemscope itemtype=\"https:\/\/schema.org\/Person\"><td class=\"full\" colspan=\"4\" style=\"color:black;background-image:url('https:\/\/www.nguyentienngomua.com\/wp-content\/plugins\/rootspersona\/images\/familyGroupSidebar.jpg') !important;border-color:brown !important\">PARENT (<span itemprop=\"gender\">F<\/span>) <a href=\"https:\/\/www.nguyentienngomua.com?page_id=2655\" itemprop=\"name\">D6 Th\u1ecb Di\u1ec7m  Tr\u1ea7n<\/a><span itemprop=\"birth\" itemscope itemtype=\"https:\/\/schema.org\/Event\" itemref=\"c0mI25_bdate c0mI25_bloc\"><\/span><span itemprop=\"death\" itemscope itemtype=\"https:\/\/schema.org\/Event\" itemref=\"c0mI25_ddate c0mI25_dloc\"><\/span><span itemprop=\"marriages\" itemscope itemtype=\"https:\/\/schema.org\/Event\" itemref=\"c0mI25_mdate c0mI25_mloc\"><\/span><span itemprop=\"parents\" itemscope itemtype=\"https:\/\/schema.org\/Person\" itemref=\"c0mI25_father\"><\/span><span itemprop=\"parents\" itemscope itemtype=\"https:\/\/schema.org\/Person\" itemref=\"c0mI25_mother\"><\/span><\/td><\/tr><tr id=\"c0mI25_birth\"><td class=\"inset\" rowspan=\"5\" style=\"color:black;background-image:url('https:\/\/www.nguyentienngomua.com\/wp-content\/plugins\/rootspersona\/images\/familyGroupSidebar.jpg') !important;border-color:brown !important\" ><td class=\"label\" style=\"border-color:brown !important\">Birth<\/td><td id=\"c0mI25_bdate\" itemprop=\"startDate\" class=\"rp_date\" style=\"border-color:brown !important\"><\/td><td id=\"c0mI25_bloc\" itemprop=\"location\" itemscope itemtype=\"http:\/\/schema.org\/Place\" class=\"notes\" style=\"border-color:brown !important\"><\/td><\/tr><tr id=\"c0mI25_death\"><td class=\"label\" style=\"border-color:brown !important\">Death<\/td><td id=\"c0mI25_ddate\" itemprop=\"startDate\" class=\"rp_date\" style=\"border-color:brown !important\"> <\/td><td id=\"c0mI25_dloc\" itemprop=\"location\" itemscope itemtype=\"http:\/\/schema.org\/Place\" class=\"notes\" style=\"border-color:brown !important\"><\/td><\/tr><tr id=\"c0mI250_marriage\"><td class=\"label\" style=\"border-color:brown !important\">Marriage<\/td><td id=\"c0mI250_mdate\" class=\"rp_date\" style=\"border-color:brown !important\" itemprop=\"startDate\"><\/td><td class=\"notes\" style=\"border-color:brown !important\">to <a href=\"https:\/\/www.nguyentienngomua.com?page_id=2433\" itemprop=\"attendees\" itemscope itemtype=\"https:\/\/schema.org\/Person\"><span itemprop=\"name\">D6 Ti\u1ebfn H\u1ea3i  Nguy\u1ec5n<\/span><\/a> <span  id=\"c0mI250_mloc\" itemprop=\"location\" itemscope itemtype=\"http:\/\/schema.org\/Place\"><span itemprop=\"name\"><\/span><\/span><\/td><\/tr><tr id=\"c0mI25_father\"><td class=\"label\" style=\"border-color:brown !important\">Father<\/td><td class=\"parent\" colspan=\"2\" style=\"border-color:brown !important\"><a href=\"https:\/\/www.nguyentienngomua.com?page_id=2528\" itemprop=\"name\">?<\/a><\/td><\/tr><tr id=\"c0mI25_mother\"><td class=\"label\" style=\"border-color:brown !important\">Mother<\/td><td class=\"parent\" colspan=\"2\" style=\"border-color:brown !important\"><a href=\"https:\/\/www.nguyentienngomua.com?page_id=2528\" itemprop=\"name\">?<\/a><\/td><\/tr><tr><td class=\"full\" colspan=\"4\" style=\"color:black;background-image:url('https:\/\/www.nguyentienngomua.com\/wp-content\/plugins\/rootspersona\/images\/familyGroupSidebar.jpg') !important;border-color:brown !important\">CHILDREN<\/td><\/tr><tr id=\"c0c0I26\" itemprop=\"children\" itemscope itemtype=\"https:\/\/schema.org\/Person\"><td class=\"gender\" style=\"color:black;background-image:url('https:\/\/www.nguyentienngomua.com\/wp-content\/plugins\/rootspersona\/images\/familyGroupSidebar.jpg') !important;border-color:brown !important\" itemprop=\"gender\">F<\/td><td class=\"child\" colspan=\"3\" style=\"color:black;background-image:url('https:\/\/www.nguyentienngomua.com\/wp-content\/plugins\/rootspersona\/images\/familyGroupSidebar.jpg') !important;border-color:brown !important\"><a href=\"https:\/\/www.nguyentienngomua.com?page_id=2319\" itemprop=\"name\">Th\u1ecb R\u1ea1m  Nguy\u1ec5n<\/a><span itemprop=\"birth\" itemscope itemtype=\"https:\/\/schema.org\/Event\" itemref=\"c0c0I26_bdate c0c0I26_bloc\"><\/span><span itemprop=\"death\" itemscope itemtype=\"https:\/\/schema.org\/Event\" itemref=\"c0c0I26_ddate c0c0I26_dloc\"><\/span><span itemprop=\"marriages\" itemscope itemtype=\"https:\/\/schema.org\/Event\" itemref=\"c0c0I26_mdate c0c0I26_mloc\"><\/span><\/td><\/tr><tr id=\"c0c0I26_birth\"><td class=\"inset\" rowspan=\"3\" style=\"color:black;background-image:url('https:\/\/www.nguyentienngomua.com\/wp-content\/plugins\/rootspersona\/images\/familyGroupSidebar.jpg') !important;border-color:brown !important\"\/><td class=\"label\" style=\"border-color:brown !important\">Birth<\/td><td id=\"c0c0I26_bdate\" itemprop=\"startDate\" class=\"rp_date\" style=\"border-color:brown !important\"><\/td><td id=\"c0c0I26_bloc\" itemprop=\"location\" itemscope itemtype=\"http:\/\/schema.org\/Place\" class=\"notes\" style=\"border-color:brown !important\"><span itemprop=\"name\"><\/span><\/td><\/tr><tr id=\"c0c0I26_death\"><td class=\"label\" style=\"border-color:brown !important\">Death<\/td><td id=\"c0c0I26_ddate\" itemprop=\"startDate\" class=\"rp_date\" style=\"border-color:brown !important\"><\/td><td id=\"c0c0I26_dloc\" itemprop=\"location\" itemscope itemtype=\"http:\/\/schema.org\/Place\" class=\"notes\" style=\"border-color:brown !important\"><span itemprop=\"name\"><\/span><\/td><\/tr><tr id=\"c0c0I260_marriage\"><td class=\"label\" style=\"border-color:brown !important\">Marriage<\/td><td id=\"c0c0I260_mdate\" class=\"rp_date\" style=\"border-color:brown !important\" itemprop=\"startDate\"><\/td><td class=\"notes\" style=\"border-color:brown !important\">to <a href=\"https:\/\/www.nguyentienngomua.com?page_id=2109\" itemprop=\"attendees\" itemscope itemtype=\"https:\/\/schema.org\/Person\"><span itemprop=\"name\">D7 B\u00e1  Nguy\u1ec5n<\/span><\/a> <span  id=\"c0c0I260_mloc\" itemprop=\"location\" itemscope itemtype=\"http:\/\/schema.org\/Place\"><span itemprop=\"name\"><\/span><\/span><\/td><\/tr><tr id=\"c0c1I28\" itemprop=\"children\" itemscope itemtype=\"https:\/\/schema.org\/Person\"><td class=\"gender\" style=\"color:black;background-image:url('https:\/\/www.nguyentienngomua.com\/wp-content\/plugins\/rootspersona\/images\/familyGroupSidebar.jpg') !important;border-color:brown !important\" itemprop=\"gender\">M<\/td><td class=\"child\" colspan=\"3\" style=\"color:black;background-image:url('https:\/\/www.nguyentienngomua.com\/wp-content\/plugins\/rootspersona\/images\/familyGroupSidebar.jpg') !important;border-color:brown !important\"><a href=\"https:\/\/www.nguyentienngomua.com?page_id=2528\" itemprop=\"name\">D7 Ti\u1ebfn S\u01a1n  Nguy\u1ec5n<\/a><span itemprop=\"birth\" itemscope itemtype=\"https:\/\/schema.org\/Event\" itemref=\"c0c1I28_bdate c0c1I28_bloc\"><\/span><span itemprop=\"death\" itemscope itemtype=\"https:\/\/schema.org\/Event\" itemref=\"c0c1I28_ddate c0c1I28_dloc\"><\/span><span itemprop=\"marriages\" itemscope itemtype=\"https:\/\/schema.org\/Event\" itemref=\"c0c1I28_mdate c0c1I28_mloc\"><\/span><\/td><\/tr><tr id=\"c0c1I28_birth\"><td class=\"inset\" rowspan=\"3\" style=\"color:black;background-image:url('https:\/\/www.nguyentienngomua.com\/wp-content\/plugins\/rootspersona\/images\/familyGroupSidebar.jpg') !important;border-color:brown !important\"\/><td class=\"label\" style=\"border-color:brown !important\">Birth<\/td><td id=\"c0c1I28_bdate\" itemprop=\"startDate\" class=\"rp_date\" style=\"border-color:brown !important\"><\/td><td id=\"c0c1I28_bloc\" itemprop=\"location\" itemscope itemtype=\"http:\/\/schema.org\/Place\" class=\"notes\" style=\"border-color:brown !important\"><span itemprop=\"name\"><\/span><\/td><\/tr><tr id=\"c0c1I28_death\"><td class=\"label\" style=\"border-color:brown !important\">Death<\/td><td id=\"c0c1I28_ddate\" itemprop=\"startDate\" class=\"rp_date\" style=\"border-color:brown !important\"><\/td><td id=\"c0c1I28_dloc\" itemprop=\"location\" itemscope itemtype=\"http:\/\/schema.org\/Place\" class=\"notes\" style=\"border-color:brown !important\"><span itemprop=\"name\"><\/span><\/td><\/tr><tr id=\"c0c1I280_marriage\"><td class=\"label\" style=\"border-color:brown !important\">Marriage<\/td><td id=\"c0c1I280_mdate\" class=\"rp_date\" style=\"border-color:brown !important\" itemprop=\"startDate\"><\/td><td class=\"notes\" style=\"border-color:brown !important\">to <a href=\"https:\/\/www.nguyentienngomua.com?page_id=2249\" itemprop=\"attendees\" itemscope itemtype=\"https:\/\/schema.org\/Person\"><span itemprop=\"name\">D7 Th\u1ecb Kha  Nguy\u1ec5n<\/span><\/a> <span  id=\"c0c1I280_mloc\" itemprop=\"location\" itemscope itemtype=\"http:\/\/schema.org\/Place\"><span itemprop=\"name\"><\/span><\/span><\/td><\/tr><\/tbody><\/table><\/div><\/section><section class=\"rp_truncate\"><div class=\"rp_banner\">Descendancy Chart<\/div><div class=\"rp_descendants\" style=\"padding:10px 4px;\"><div style=\"padding-left:0em;\" itemscope itemtype=\"https:\/\/schema.org\/Person\"><meta itemprop=\"gender\" content=\"M\"\/>1&nbsp;<a href=\"https:\/\/www.nguyentienngomua.com?page_id=2528\"><span class=\"nospace\" itemprop=\"name\">D7 Ti\u1ebfn S\u01a1n  Nguy\u1ec5n<\/span><\/a><\/div><div style=\"padding-left:1em;\" itemscope itemtype=\"https:\/\/schema.org\/Person\"><meta itemprop=\"gender\" content=\"F\"\/>+&nbsp;<a href=\"https:\/\/www.nguyentienngomua.com?page_id=2249\"><span class=\"nospace\" itemprop=\"name\">D7 Th\u1ecb Kha  Nguy\u1ec5n<\/span><\/a><\/div><\/div><\/section><div class=\"rp_banner\"><\/div>\n","protected":false},"excerpt":{"rendered":"","protected":false},"author":0,"featured_media":0,"parent":1983,"menu_order":0,"comment_status":"closed","ping_status":"open","template":"","meta":{"footnotes":""},"class_list":["post-2528","page","type-page","status-publish","hentry"],"_links":{"self":[{"href":"https:\/\/www.nguyentienngomua.com\/index.php\/wp-json\/wp\/v2\/pages\/2528","targetHints":{"allow":["GET"]}}],"collection":[{"href":"https:\/\/www.nguyentienngomua.com\/index.php\/wp-json\/wp\/v2\/pages"}],"about":[{"href":"https:\/\/www.nguyentienngomua.com\/index.php\/wp-json\/wp\/v2\/types\/page"}],"replies":[{"embeddable":true,"href":"https:\/\/www.nguyentienngomua.com\/index.php\/wp-json\/wp\/v2\/comments?post=2528"}],"version-history":[{"count":0,"href":"https:\/\/www.nguyentienngomua.com\/index.php\/wp-json\/wp\/v2\/pages\/2528\/revisions"}],"up":[{"embeddable":true,"href":"https:\/\/www.nguyentienngomua.com\/index.php\/wp-json\/wp\/v2\/pages\/1983"}],"wp:attachment":[{"href":"https:\/\/www.nguyentienngomua.com\/index.php\/wp-json\/wp\/v2\/media?parent=2528"}],"curies":[{"name":"wp","href":"https:\/\/api.w.org\/{rel}","templated":true}]}}