{"id":29,"date":"2023-04-22T07:48:58","date_gmt":"2023-04-22T07:48:58","guid":{"rendered":"https:\/\/www.nguyentienngomua.com\/?page_id=29"},"modified":"2026-04-09T20:19:35","modified_gmt":"2026-04-09T13:19:35","slug":"hinh-anh-tu-lieu","status":"publish","type":"page","link":"https:\/\/www.nguyentienngomua.com\/index.php\/hinh-anh-tu-lieu\/","title":{"rendered":"H\u00ecnh \u1ea3nh t\u01b0 li\u1ec7u"},"content":{"rendered":"\n<p><\/p>\n\n\n\n<ul class=\"wp-block-list\">\n<li><a href=\"https:\/\/www.nguyentienngomua.com\/index.php\/thanh-minh-nam-2026\/\">Thanh minh n\u0103m 2026<\/a><\/li>\n\n\n\n<li><a href=\"https:\/\/www.nguyentienngomua.com\/index.php\/gio-to-nam-2024\/\">L\u00ea gi\u1ed7 t\u1ed5 n\u0103m 2024<\/a><\/li>\n\n\n\n<li><a href=\"https:\/\/www.nguyentienngomua.com\/index.php\/tham-ho-tai-khu-vuc-hai-phong\/\">Th\u0103m h\u1ecd t\u1ea1i khu v\u1ef1c H\u1ea3i Ph\u00f2ng (2021)<\/a><\/li>\n\n\n\n<li><a href=\"https:\/\/www.nguyentienngomua.com\/index.php\/tao-mo-2018-2023\/\">T\u1ea3o m\u1ed9 (2018 &#8211; 2022)<\/a><\/li>\n\n\n\n<li><a href=\"https:\/\/www.nguyentienngomua.com\/index.php\/khanh-thanh-nha-tho-ho\/\" data-type=\"page\" data-id=\"1467\">Kh\u00e1nh th\u00e0nh nh\u00e0 th\u1eddi h\u1ecd<\/a><\/li>\n\n\n\n<li><a href=\"https:\/\/www.nguyentienngomua.com\/index.php\/le-dong-tho-xay-dung-nha-tho-ho\/\" data-type=\"page\" data-id=\"1455\">Kh\u1edfi c\u00f4ng x\u00e2y d\u1ef1ng nh\u00e0 th\u1edd h\u1ecd<\/a><\/li>\n\n\n\n<li><a href=\"https:\/\/www.nguyentienngomua.com\/index.php\/anh-tu-lieu-cu\/\" data-type=\"page\" data-id=\"1549\">\u1ea2nh t\u01b0 li\u1ec7u c\u0169<\/a><\/li>\n\n\n\n<li><a href=\"https:\/\/www.nguyentienngomua.com\/index.php\/thu-vien\/\" data-type=\"page\" data-id=\"1481\">Th\u01b0 vi\u1ec7n t\u01b0 li\u1ec7u<\/a><\/li>\n\n\n\n<li><a href=\"https:\/\/www.nguyentienngomua.com\/index.php\/category\/tanvan\/\" data-type=\"category\" data-id=\"38\">T\u1ea3n V\u0103n<\/a><\/li>\n<\/ul>\n\n\n\n<p><\/p>\n","protected":false},"excerpt":{"rendered":"","protected":false},"author":1,"featured_media":0,"parent":0,"menu_order":0,"comment_status":"closed","ping_status":"closed","template":"","meta":{"footnotes":""},"class_list":["post-29","page","type-page","status-publish","hentry"],"_links":{"self":[{"href":"https:\/\/www.nguyentienngomua.com\/index.php\/wp-json\/wp\/v2\/pages\/29","targetHints":{"allow":["GET"]}}],"collection":[{"href":"https:\/\/www.nguyentienngomua.com\/index.php\/wp-json\/wp\/v2\/pages"}],"about":[{"href":"https:\/\/www.nguyentienngomua.com\/index.php\/wp-json\/wp\/v2\/types\/page"}],"author":[{"embeddable":true,"href":"https:\/\/www.nguyentienngomua.com\/index.php\/wp-json\/wp\/v2\/users\/1"}],"replies":[{"embeddable":true,"href":"https:\/\/www.nguyentienngomua.com\/index.php\/wp-json\/wp\/v2\/comments?post=29"}],"version-history":[{"count":21,"href":"https:\/\/www.nguyentienngomua.com\/index.php\/wp-json\/wp\/v2\/pages\/29\/revisions"}],"predecessor-version":[{"id":3181,"href":"https:\/\/www.nguyentienngomua.com\/index.php\/wp-json\/wp\/v2\/pages\/29\/revisions\/3181"}],"wp:attachment":[{"href":"https:\/\/www.nguyentienngomua.com\/index.php\/wp-json\/wp\/v2\/media?parent=29"}],"curies":[{"name":"wp","href":"https:\/\/api.w.org\/{rel}","templated":true}]}}