{"id":837,"date":"2023-05-07T18:52:29","date_gmt":"2023-05-07T11:52:29","guid":{"rendered":"https:\/\/www.nguyentienngomua.com\/?page_id=837"},"modified":"2024-04-12T14:17:04","modified_gmt":"2024-04-12T07:17:04","slug":"cay-gia-pha-2","status":"publish","type":"page","link":"https:\/\/www.nguyentienngomua.com\/index.php\/cay-gia-pha-2\/","title":{"rendered":"Ph\u1ea3 \u0111\u1ed3"},"content":{"rendered":"\n<p><a href=\"https:\/\/www.nguyentienngomua.com\/index.php\/cay-gia-pha-3\/\" data-type=\"page\" data-id=\"2698\">C\u00e2y gia ph\u1ea3 h\u1ecd Nguy\u1ec5n Ti\u1ebfn Th\u00f4ng Ng\u00f5 M\u01b0a<\/a><\/p>\n\n\n\n<p><a href=\"https:\/\/www.nguyentienngomua.com\/index.php\/pha-do-tu-doi-i-vi\/\" data-type=\"page\" data-id=\"2706\">T\u1ed5 h\u1ecd t\u1eeb \u0111\u1eddi I &#8211; VI<\/a><\/p>\n\n\n\n<p><a href=\"https:\/\/www.nguyentienngomua.com\/index.php\/chi-a-con-chau-cu-nguyen-tien-dich\/\" data-type=\"page\" data-id=\"2715\">Chi A \u2013 Con ch\u00e1u c\u1ee5 Nguy\u1ec5n Ti\u1ebfn Thi<\/a><\/p>\n\n\n\n<p><a href=\"https:\/\/www.nguyentienngomua.com\/index.php\/chi-b-con-chau-cu-nguyen-tien-gia\/\" data-type=\"page\" data-id=\"2717\">Chi B \u2013 Con ch\u00e1u c\u1ee5 Nguy\u1ec5n Ti\u1ebfn Gia<\/a><\/p>\n\n\n\n<p><a href=\"https:\/\/www.nguyentienngomua.com\/index.php\/chi-c-con-chau-cu-nguyen-tien-bao\/\" data-type=\"page\" data-id=\"2720\">Chi C \u2013 Con ch\u00e1u c\u1ee5 Nguy\u1ec5n Ti\u1ebfn B\u1ea3o<\/a><\/p>\n\n\n\n<p><a href=\"https:\/\/www.nguyentienngomua.com\/index.php\/chi-d-con-chau-cu-nguyen-tien-tu\/\" data-type=\"page\" data-id=\"2722\">Chi D \u2013 Con ch\u00e1u c\u1ee5 Nguy\u1ec5n Ti\u00ean T\u01b0<\/a><\/p>\n\n\n<hr \/>\n<p>\u25ca\u00a0Hi\u1ec7n nay c\u00e1c t\u01b0 li\u1ec7u cho trang web v\u1eabn c\u00f2n thi\u1ebfu v\u00e0 c\u00f3 th\u1ec3 c\u00f2n sai s\u00f3t, k\u00ednh mong c\u00e1c gia \u0111inh ph\u1ea3n h\u1ed3i v\u00e0 g\u1eedi th\u00eam t\u01b0 li\u1ec7u cho nh\u00f3m ph\u00e1t tri\u1ec3n trang th\u00f4ng tin \u0111i\u1ec7n t\u1eed c\u1ee7a h\u1ecd theo \u0111\u1ecba ch\u1ec9 h\u00f2m th\u01b0 \u0111i\u1ec7n t\u1eed <a href=\"mailto:nguyentienngomua@gmail.com\">nguyentienngomua@gmail.com<\/a><\/p>","protected":false},"excerpt":{"rendered":"<p>C\u00e2y gia ph\u1ea3 h\u1ecd Nguy\u1ec5n Ti\u1ebfn Th\u00f4ng Ng\u00f5 M\u01b0a T\u1ed5 h\u1ecd t\u1eeb \u0111\u1eddi I &#8211; VI Chi A \u2013 Con ch\u00e1u c\u1ee5 Nguy\u1ec5n Ti\u1ebfn Thi Chi B \u2013 Con ch\u00e1u c\u1ee5 Nguy\u1ec5n Ti\u1ebfn Gia Chi C \u2013 Con ch\u00e1u c\u1ee5 &hellip; <a href=\"https:\/\/www.nguyentienngomua.com\/index.php\/cay-gia-pha-2\/\">Continue reading <span class=\"meta-nav\">&rarr;<\/span><\/a><\/p>\n","protected":false},"author":1,"featured_media":0,"parent":0,"menu_order":0,"comment_status":"closed","ping_status":"closed","template":"","meta":{"footnotes":""},"class_list":["post-837","page","type-page","status-publish","hentry"],"_links":{"self":[{"href":"https:\/\/www.nguyentienngomua.com\/index.php\/wp-json\/wp\/v2\/pages\/837","targetHints":{"allow":["GET"]}}],"collection":[{"href":"https:\/\/www.nguyentienngomua.com\/index.php\/wp-json\/wp\/v2\/pages"}],"about":[{"href":"https:\/\/www.nguyentienngomua.com\/index.php\/wp-json\/wp\/v2\/types\/page"}],"author":[{"embeddable":true,"href":"https:\/\/www.nguyentienngomua.com\/index.php\/wp-json\/wp\/v2\/users\/1"}],"replies":[{"embeddable":true,"href":"https:\/\/www.nguyentienngomua.com\/index.php\/wp-json\/wp\/v2\/comments?post=837"}],"version-history":[{"count":39,"href":"https:\/\/www.nguyentienngomua.com\/index.php\/wp-json\/wp\/v2\/pages\/837\/revisions"}],"predecessor-version":[{"id":2996,"href":"https:\/\/www.nguyentienngomua.com\/index.php\/wp-json\/wp\/v2\/pages\/837\/revisions\/2996"}],"wp:attachment":[{"href":"https:\/\/www.nguyentienngomua.com\/index.php\/wp-json\/wp\/v2\/media?parent=837"}],"curies":[{"name":"wp","href":"https:\/\/api.w.org\/{rel}","templated":true}]}}