{"id":9,"date":"2023-04-16T18:40:17","date_gmt":"2023-04-16T18:40:17","guid":{"rendered":"https:\/\/www.nguyentienngomua.com\/?page_id=9"},"modified":"2023-05-06T20:18:56","modified_gmt":"2023-05-06T13:18:56","slug":"about","status":"publish","type":"page","link":"https:\/\/www.nguyentienngomua.com\/index.php\/about\/","title":{"rendered":"Gi\u1edbi thi\u1ec7u"},"content":{"rendered":"<p>Trang web n\u00e0y \u0111\u01b0\u1ee3c x\u00e2y d\u1ef1ng nh\u1eb1m l\u01b0u gi\u1eef l\u1ea1i l\u1ecbch s\u1eed d\u00f2ng h\u1ecd Nguy\u1ec5n Ti\u1ebfn, th\u00f4n Ng\u00f5 M\u01b0a, Qu\u1ef3nh Ho\u00e0ng, Qu\u1ef3nh Ph\u1ee5, Th\u00e1i B\u00ecnh; \u0111\u1ec3 ti\u1ec7n cho con ch\u00e1u trong h\u1ecd t\u00ecm v\u1ec1 ngu\u1ed3n c\u1ed9i c\u1ee7a m\u00ecnh v\u00e0 g\u1eafn k\u1ebft c\u00e1c th\u00e0nh vi\u00ean trong d\u00f2ng t\u1ed9c.<\/p>\n<p style=\"text-align: left;\">C\u00e1c th\u00f4ng tin \u0111\u01b0\u1ee3c s\u01b0u t\u1ea7m t\u1eeb c\u00e1c c\u1ee5 cao ni\u00ean v\u00e0 t\u01b0 li\u1ec7u c\u1ee7a d\u00f2ng h\u1ecd, c\u1eadp nh\u1eadt l\u1ea1i t\u1eeb cu\u1ed1n T\u1ed9c ph\u1ea3 n\u0103m 2014, do v\u1eady c\u00f3 th\u1ec3 c\u00f2n thi\u1ebfu s\u00f3t. N\u1ebfu ph\u00e1t hi\u1ec7n nh\u1eefng th\u00f4ng tin ch\u01b0a ch\u00ednh x\u00e1c, c\u1ea3m phi\u1ec1n b\u00e0 con ph\u1ea3n h\u1ed3i l\u1ea1i cho \u0111\u1ea1i di\u1ec7n khu v\u1ef1c c\u1ee7a H\u1ecd \u0111\u1ec3 x\u00e1c minh v\u00e0 c\u1eadp nh\u1eadt th\u00f4ng tin.<\/p>\n<p><strong>K\u00ednh ch\u00fac b\u00e0 con h\u1ea1nh ph\u00fac, an l\u00e0nh!<\/strong><\/p>\n<hr \/>\n<p><em>L\u1eddi t\u1ef1a cu\u1ed1n T\u1ed9c ph\u1ea3 n\u0103m 2014.<\/em><\/p>\n<p style=\"text-align: center;\"><strong>S\u00f4ng c\u00f3 ngu\u1ed3n, c\u00e2y c\u00f3 c\u1ed9i, con ng\u01b0\u1eddi c\u00f3 t\u1ed5 ti\u00ean.<br \/><\/strong><strong>\u0110\u00e3 l\u00e0 ng\u01b0\u1eddi c\u1ea7n ph\u1ea3i bi\u1ebft, lu\u00f4n nh\u1edb \u0111\u1ebfn v\u00e0 bi\u1ebft \u01a1n t\u1ed5 ti\u00ean c\u1ee7a m\u00ecnh.<\/strong><\/p>\n<p><strong>\u00a0<\/strong> \u00a0\u00a0\u00a0\u00a0\u00a0\u00a0\u00a0\u00a0 T\u00f4i sinh ra v\u00e0 l\u1edbn l\u00ean trong h\u00f2an c\u1ea3nh \u0111\u1ea5t n\u01b0\u1edbc b\u1ecb gi\u1eb7c Ph\u00e1p chi\u1ebfm \u0111\u00f3ng, nh\u00e2n d\u00e2n s\u1ed1ng trong c\u1ea3nh n\u00f4 l\u1ec7, l\u1ea7m than. V\u1eeba \u0111\u00e1nh Ph\u00e1p xong, gi\u1eb7c M\u1ef9 l\u1ea1i nh\u1ea3y v\u00e0p x\u00e2m l\u01b0\u1ee3c. Tr\u1ea3i qua 30 n\u0103m kh\u00e1ng chi\u1ebfn tr\u01b0\u1eddng k\u1ef3 ch\u1ed1ng Ph\u00e1p v\u00e0 ch\u1ed1ng M\u1ef9 (1945-1975) \u0111\u1ea5t n\u01b0\u1edbc ta m\u1edbi \u0111\u01b0\u1ee3c ho\u00e0n to\u00e0n \u0111\u1ed9c l\u1eadp t\u1ef1 do.<\/p>\n<p>\u00a0\u00a0\u00a0\u00a0\u00a0\u00a0\u00a0\u00a0\u00a0 Trong b\u1ed1i c\u1ea3nh \u1ea5y, m\u1ed7i gia \u0111\u00ecnh, d\u00f2ng h\u1ecd kh\u00f4ng kh\u1ecfi b\u1ecb chi ph\u1ed1i n\u1eb7ng n\u1ec1. Chi\u1ebfn tranh li\u00ean mi\u00ean, dai d\u1eb3ng, n\u00ean ch\u01b0a ai c\u00f3 \u0111i\u1ec1u ki\u1ec7n \u0111\u1ec3 ngh\u0129 t\u1edbi vi\u1ec7c l\u1eadp l\u1ea1i m\u1ed9t cu\u1ed1n s\u1ed5 truy\u1ec1n th\u1ed1ng c\u1ee7a d\u00f2ng h\u1ecd \u0111\u1ec3 con ch\u00e1u v\u1ec1 sau bi\u1ebft \u0111\u01b0\u1ee3c g\u1ed1c t\u00edch c\u1ee7a m\u00ecnh.<\/p>\n<p>\u00a0\u00a0\u00a0\u00a0\u00a0\u00a0\u00a0\u00a0\u00a0 R\u1ed3i th\u1eddi gian c\u1ee9 tr\u00f4i, \u0111\u1ebfn nay t\u00f4i \u0111\u00e3 sang tu\u1ed5i 60, v\u1eeba \u0111\u01b0\u1ee3c ngh\u1ec9 h\u01b0u. C\u00f3 th\u1eddi gian \u0111\u1ec3 m\u00e0 suy ng\u1eabm, t\u00f4i th\u1ea5y m\u00ecnh c\u1ea7n ph\u1ea3i l\u00e0m m\u1ed9t c\u00e1i g\u00ec \u0111\u00f3 \u0111\u1ec3 h\u00f4m nay gi\u00fap m\u1ecdi ng\u01b0\u1eddi \u00f4n l\u1ea1i v\u00e0 cho con ch\u00e1u mai sau bi\u1ebft \u0111\u01b0\u1ee3c ngu\u1ed3n g\u1ed1c, T\u1ed5 ti\u00ean, \u0111\u1ec3 t\u1eeb \u0111\u00f3 v\u1eeba ki\u00eau h\u00e3nh, t\u1ef1 h\u00e0o v\u1ec1 truy\u1ec1n th\u1ed1ng hi\u1ebfu h\u1ecdc, v\u1ec1 t\u01b0 ch\u1ea5t th\u00f4ng minh, l\u00f2ng nh\u00e2n \u00e1i, \u0111\u1ee9c t\u00ednh \u0111\u00f4n h\u1eadu, trung th\u1ef1c m\u00e0 T\u1ed5 ti\u00ean truy\u1ec1n l\u1ea1i m\u00e0 ki\u00eau h\u00e3nh ng\u1ea9ng cao \u0111\u1ea7u b\u01b0\u1edbc ti\u1ebfp c\u00f9ng tr\u00e0o l\u01b0u l\u1ecbch s\u1eed v\u00e0 ra s\u1ee9c t\u00f4 th\u1eafm th\u00eam nh\u1eefng trang s\u1eed v\u1ebb vang c\u1ee7a d\u00f2ng h\u1ecd Nguy\u1ec5n Ti\u1ebfn ng\u00e0y c\u00e0ng r\u1ea1ng r\u1ee1 h\u01a1n.<\/p>\n<p>\u00a0\u00a0\u00a0\u00a0\u00a0\u00a0\u00a0\u00a0\u00a0 T\u00f4i c\u00f3 m\u1eb7t h\u1ea1n ch\u1ebf l\u00e0 h\u1eadu sinh, l\u1ea1i \u00edt \u0111\u01b0\u1ee3c ai k\u1ec3 cho n\u00ean bi\u1ebft kh\u00f4ng nhi\u1ec1u v\u1ec1 c\u00e1c \u0111\u1eddi tr\u01b0\u1edbc. Vi\u1ebft t\u1ed9c ph\u1ea3 c\u0169ng kh\u00f4ng ph\u1ea3i l\u00e0 tr\u00e1ch nhi\u1ec7m c\u1ee7a t\u00f4i. Nh\u01b0ng bi\u1ebft tr\u00f4ng ch\u1edd \u1edf ai\u00a0 \u0111\u00e2y? c\u00e1c b\u1eadc cao ni\u00ean trong d\u00f2ng h\u1ecd c\u0169ng l\u1ea7n l\u01b0\u1ee3t qua \u0111\u1eddi. M\u1ed9t s\u1ed1 v\u1ecb hi\u1ec7n th\u00ec c\u0169ng \u0111\u00e3 70- 80 tu\u1ed5i r\u1ed3i. N\u1ebfu t\u00f4i kh\u00f4ng l\u00e0m th\u00ec \u00edt n\u0103m n\u1eefa s\u1ebd c\u0169ng gi\u00e0 m\u1ea5t, kh\u00f4ng l\u1ebd c\u1ee9 \u0111\u1ec3 kh\u00f4ng nh\u01b0 v\u1eady ch\u0103ng ?. T\u00f4i quy\u1ebft \u0111\u1ecbnh vi\u1ebft l\u1ea1i nh\u1eefng g\u00ec m\u00ecnh bi\u1ebft \u0111\u01b0\u1ee3c ho\u1eb7c c\u00f3 th\u1ec3 s\u01b0u t\u1ea7m \u0111\u01b0\u1ee3c. V\u1edbi tinh th\u1ea7n th\u1ef1c s\u1ef1 c\u1ea7u th\u1ecb v\u00e0 kh\u00f4ng c\u1ea7u to\u00e0n, t\u00f4i t\u1ef1 l\u0129nh tr\u00e1ch nhi\u1ec7m tr\u01b0\u1edbc d\u00f2ng t\u1ed9c, tr\u01b0\u1edbc c\u00e1c th\u1ebf h\u1ec7 mai sau \u0111\u1ec3 bi\u00ean so\u1ea1n cu\u1ed1c s\u00e1ch n\u00e0y, mong r\u1eb1ng n\u00f3 s\u1ebd gi\u00fap \u00edch cho m\u1ecdi ng\u01b0\u1eddi l\u00e0m c\u0103n c\u1ee9 kh\u1eafc ghi v\u1ec1 cu\u1ed9i ngu\u1ed3n, b\u1ea3o t\u1ed3n truy\u1ec1n th\u1ed1ng v\u00e0 h\u01b0\u1edbng t\u1edbi t\u01b0\u01a1ng lai, c\u00f9ng nhau ti\u1ebfn b\u01b0\u1edbc, May thay, \u0111ang l\u00fac c\u00f2n \u00edt nhi\u1ec1u nghi v\u1ea5n v\u1ec1 c\u00e1c \u0111\u1eddi tr\u01b0\u1edbc th\u00ec t\u00f4i nh\u1eadn \u0111\u01b0\u1ee3c cu\u1ed1n \u201cL\u01b0\u1ee3c kh\u1ea3o v\u1ec1 lai l\u1ecbch h\u1ecd Nguy\u1ec5n Ti\u1ebfn\u201d c\u1ee7a \u00f4ng Nguy\u1ec5n Ti\u1ebfn \u0110\u1ec5. Con c\u1ee7a C\u1ee5 Nguy\u1ec5n Ti\u1ebfn T\u1ed1n l\u00e0 ch\u00fa ru\u1ed9t t\u00f4i. Cu\u1ed1n s\u00e1ch vi\u1ebft n\u0103m 1975 n\u00e0y th\u1ef1c s\u1ef1 l\u00e0 m\u1ed9t t\u01b0 li\u1ec7u qu\u00fd gi\u00e1 gi\u00fap t\u00f4i gi\u1ea3i t\u1ecfa nhi\u1ec1u th\u1eafc m\u1eafc, ghi ng\u1edd, th\u00eam v\u00e0o \u0111\u00f3 anh Nguy\u1ec5n Ti\u1ebfn Kh\u00e1ch l\u00e0 con tr\u01b0\u1edfng \u00f4ng Nguy\u1ec5n Ti\u1ebfn \u0110\u1ec5 \u0111\u00e3 gi\u00fap t\u00f4i l\u00e0m s\u00e1ng t\u1ecf th\u00eam nhi\u1ec1u v\u1ea5n \u0111\u1ec1 c\u1ea7n thi\u1ebft. Tuy nhi\u00ean c\u00f2n m\u1ed9t kho\u1ea3ng tr\u1ed1ng t\u1eeb n\u0103m 1975 \u0111\u1ebfn nay ch\u01b0a ai vi\u1ebft, c\u00e0ng \u0111\u1ec3 l\u00e2u s\u1ebd c\u00e0ng kh\u00f3 kh\u0103n. T\u00f4i cho r\u1eb1ng bi\u00ean so\u1ea1n h\u00f2an ch\u1ec9nh cu\u1ed1n t\u1ed9c ph\u1ea3 c\u1ee7a d\u00f2ng h\u1ecd Nguy\u1ec5n Ti\u1ebfn l\u00e0 vi\u1ec7c l\u00e0m v\u00f4 c\u00f9ng c\u1ea7n thi\u1ebft. T\u1eeb \u0111\u00f3 m\u1edbi c\u00f3 c\u01a1 s\u1edf \u0111\u1ec3 c\u00e1c \u0111\u1eddi sau ti\u1ebfp t\u1ee5c duy tr\u00ec.<\/p>\n<p style=\"text-align: left;\"><strong>T\u00f4i vi\u1ebft cu\u1ed1n \u201c T\u1ed9c ph\u1ea3 h\u1ecd Nguy\u1ec5n Ti\u1ebfn\u201d nh\u1eb1m m\u1ee5c \u0111\u00edch g\u00ec? <\/strong><\/p>\n<p>\u00a0\u00a0\u00a0\u00a0\u00a0\u00a0\u00a0\u00a0\u00a0 1- T\u1ea1o c\u01a1 s\u1edf c\u0103n b\u1ea3n \u0111\u1ec3 b\u1ea3o t\u1ed3n v\u00e0 ph\u00e1t huy \u0111\u1ea1o l\u00fd gia t\u1ed9c, trong \u0111\u00f3 vi\u1ec7c th\u1edd ph\u1ee5ng t\u1ed5 ti\u00ean \u00f4ng b\u00e0 cha m\u1eb9 l\u00e0 b\u1ed5n ph\u1eadn thi\u00eang li\u00eang, quan tr\u1ecdng h\u00e0ng \u0111\u1ea7u c\u1ee7a m\u1ecdi ng\u01b0\u1eddi. C\u00e1c th\u1ebf h\u1ec7 c\u1ea7n lu\u00f4n ghi nh\u1edb c\u00e1c b\u1eadc ti\u1ec1n nh\u00e2n m\u00e0 lo vi\u1ec7c th\u1edd ph\u1ee5ng, c\u00fang gi\u1ed7. Nh\u1eefng ng\u01b0\u1edbi c\u00f3 tr\u00e1ch nhi\u1ec7m v\u00e0 hi\u1ec3u bi\u1ebft c\u1ea7n gi\u1ea3ng gi\u1ea3i cho m\u1ecdi ng\u01b0\u1eddi, nh\u1ea5t l\u00e0 nh\u1eefng ng\u01b0\u1eddi tr\u1ebb tu\u1ed5i th\u00f4ng su\u1ed1t \u0111\u01b0\u1ee3c v\u1ecb tr\u00ed c\u1ee7a t\u1ed9c h\u1ecd m\u00ecnh trong su\u1ed1t chi\u1ec1u d\u00e0i m\u1ed9t th\u1eddi k\u1ef3 l\u1ecbch s\u1ef1, s\u1ef1 l\u01b0u truy\u1ec1n huy\u1ebft th\u1ed1ng v\u00e0 tr\u00e1ch nhi\u1ec7m \u0103n \u1edf c\u1ee7a m\u00ecnh v\u1edbi t\u1ed5 ti\u00ean cho ph\u00f9 h\u1ee3p v\u1edbi \u0111\u1ea1o \u0111\u1ee9c c\u1ee7a gia \u0111\u00ecnh, d\u00f2ng t\u1ed9c v\u00e0 c\u1ee7a to\u00e0n x\u00e3 h\u1ed9i .<\/p>\n<p>\u00a0\u00a0\u00a0\u00a0\u00a0\u00a0\u00a0\u00a0\u00a0 2- G\u00e2y \u1ea5n t\u01b0\u1ee3ng v\u1ec1 n\u1ec1n n\u1ebfp gia phong cho m\u1ecdi ng\u01b0\u1eddi trong gia t\u1ed9c v\u00e0 nh\u1ea5t l\u00e0 t\u1ea1o \u00fd th\u1ee9c tr\u00e1ch nhi\u1ec7m v\u1edbi gia \u0111\u00ecnh v\u00e0 x\u00e3 h\u1ed9i cho l\u1edbp tr\u1ebb ngay t\u1eeb th\u1eddi k\u1ef3 \u1ea5u th\u01a1 \u0111\u1ec3 r\u00e8n luy\u1ec7n ph\u1ea9m c\u00e1ch x\u1ee9ng \u0111\u00e1ng c\u1ee7a m\u1ed9t con ng\u01b0\u1eddi m\u1edbi.<\/p>\n<p>\u00a0\u00a0\u00a0\u00a0\u00a0\u00a0\u00a0\u00a0\u00a0 3- L\u00e0m s\u1ee3i d\u00e2y li\u00ean k\u1ebft, r\u00e0ng bu\u1ed9c \u0111\u1eddi s\u1ed1ng tinh th\u1ea7n c\u1ee7a nh\u1eefng ng\u01b0\u1eddi c\u00f9ng chung huy\u1ebft m\u1ea1ch v\u1edbi nhau. Tao ra m\u1ed9t t\u1eadp qu\u00e1n t\u00f4n tr\u1ecdng k\u1ef7 lu\u1eadt gia \u0111\u00ecnh, d\u00f2ng t\u1ed9c trong n\u1ebfp s\u1ed1ng \u0103n \u1edf m\u1edbi.<\/p>\n<p>\u00a0\u00a0\u00a0\u00a0\u00a0\u00a0\u00a0\u00a0\u00a0 4- Gi\u00fap cho c\u00e1c th\u1ebf h\u1ec7 mai sau c\u00f3 nhi\u1ec1u \u0111i\u1ec1u l\u00e0nh \u0111i\u1ec1u t\u1ed1t h\u01a1n.<\/p>\n<p>\u00a0\u00a0\u00a0\u00a0\u00a0\u00a0\u00a0\u00a0\u00a0 5- \u0110\u1ec3 con ch\u00e1u th\u1eddi nay c\u0169ng nh\u01b0 \u0111\u1eddi sau bi\u1ebft s\u1ed1ng ph\u00f9 h\u1ee3p v\u1edbi \u0111i\u1ec1u ki\u1ec7n, h\u00f2an c\u1ea3nh m\u1edbi c\u1ee7a x\u00e3 h\u1ed9i m\u00e0 v\u1eabn g\u1eafn b\u00f3 v\u1edbi c\u1ed9i ngu\u1ed3n, bi\u1ebft b\u1ea3o t\u1ed3n v\u00e0 ph\u00e1t huy truy\u1ec1n th\u1ed1ng gia \u0111\u00ecnh, d\u00f2ng t\u1ed9c.<\/p>\n<p><strong>\u0110\u1ec3 \u0111\u1ea1t \u0111\u01b0\u1ee3c m\u1ee5c \u0111\u00edch tr\u00ean, r\u1ea5t mong c\u00e1c th\u00e0nh vi\u00ean trong d\u00f2ng t\u1ed9c th\u1ed1ng nh\u1eadt m\u1ed9t s\u1ed1 v\u1ea5n \u0111\u1ec1 sau:<\/strong><\/p>\n<p>\u00a0\u00a0\u00a0\u00a0\u00a0\u00a0\u00a0\u00a0\u00a0 1- T\u1ed9c ph\u1ea3 c\u1ea7n \u0111\u01b0\u1ee3c \u0111em ra \u00e1p d\u1ee5ng v\u00e0 th\u01b0\u1eddng xuy\u00ean b\u1ed5 sung, c\u1eadp nh\u1eadt ch\u1ee9 kh\u00f4ng ph\u1ea3i \u0111\u1ec3 n\u1eb1m y\u00ean m\u1ed9t ch\u1ed7 r\u1ed3i d\u1ea7n d\u1ea7n b\u1ecb l\u00e3nh qu\u00ean.<\/p>\n<p>\u00a0\u00a0\u00a0\u00a0\u00a0\u00a0\u00a0\u00a0\u00a0 2- T\u1ed9c ph\u1ea3 \u0111\u01b0\u1ee3c giao cho tr\u01b0\u1edfng t\u1ed9c c\u1ea5t gi\u1eef b\u1ea3n g\u1ed1c, h\u00e0ng n\u0103m b\u1ed5 sung v\u00e0 \u0111\u1ecdc cho c\u00e1c th\u00e0nh vi\u00ean torng d\u00f2ng h\u1ecd nghe, Tr\u01b0\u1edfng c\u00e1c chi, c\u00e1c ph\u00e2n chi \u0111\u1ec1u c\u00f3 b\u1ea3n sao Chi ph\u1ea3 v\u00e0 ph\u1ea3i lu\u00f4n b\u1ed5 sung \u0111\u1ea7y \u0111\u1ee7.<\/p>\n<p>\u00a0\u00a0\u00a0\u00a0\u00a0\u00a0\u00a0\u00a0\u00a0 3- T\u1ed9c ph\u1ea3 ph\u1ea3i \u0111\u01b0\u1ee3c c\u1ea5t gi\u1eef \u1edf m\u1ed9t n\u01a1i trang tr\u1ecdng nh\u1ea5t: \u0111\u01b0\u1ee3c b\u1ea3o qu\u1ea3n nghi\u00eam t\u00fac, l\u00e2u b\u1ec1n, m\u1ed7i khi ph\u00e1t hi\u1ec7n h\u01b0 h\u1ecfng ph\u1ea3i k\u1ecbp th\u1eddi tu ch\u1ec9nh.<\/p>\n<p>\u00a0\u00a0\u00a0\u00a0\u00a0\u00a0\u00a0\u00a0\u00a0 4 &#8211; Tr\u01b0\u1edfng t\u1ed9c l\u00e0 ng\u01b0\u1eddi th\u01b0\u1eddng xuy\u00ean duy tr\u00ec k\u1ef7 c\u01b0\u01a1ng c\u1ee7a d\u00f2ng t\u1ed9c gi\u1eeda c\u00e1c th\u00e0nh vi\u00ean trong d\u00f2ng t\u1ed9c, th\u00f4ng tin k\u1ecbp th\u1eddi nh\u1eefng c\u00f4ng vi\u1ec7c c\u1ea7n gi\u1ea3i quy\u1ebft trong t\u1ed9c h\u1ecd.<\/p>\n<p>\u00a0\u00a0\u00a0\u00a0\u00a0\u00a0\u00a0\u00a0\u00a0 5- H\u00e0ng n\u0103m c\u00f3 th\u1ec3 v\u00e0o m\u1ed9t trong c\u00e1c ng\u00e0y gi\u1ed7 t\u1ed5 ho\u1eb7c thanh minh \u0111em t\u1ed9c ph\u1ea3 ra \u0111\u1ecdc v\u00e0 gi\u1ea3i \u0111\u1ec3 con ch\u00e1u c\u00f9ng nghe bi\u1ebft, h\u1ecdc h\u1ecfi. T\u1eeb \u0111\u00f3 con ch\u00e1u c\u00f3 th\u1ec3 \u00f4n l\u1ea1i h\u1ecd\u0103c h\u1ecdc th\u00eam nh\u1eefng kinh nghi\u1ec7m s\u1ed1ng do \u00f4ng b\u00e0 cha m\u1eb9 \u0111\u1ec3 l\u1ea1i.<\/p>\n<p>\u00a0\u00a0\u00a0\u00a0\u00a0\u00a0\u00a0\u00a0\u00a0 6- T\u1ea5t c\u1ea3 nh\u1eefng ng\u01b0\u1eddi mang h\u1ecd Nguy\u1ec5n Ti\u1ebfn t\u1eeb nay khi sinh con trai \u0111\u1ec1u th\u1ed1ng nh\u1ea5t \u0111\u1eb7t t\u00ean \u0111\u1ec7m l\u00e0 Ti\u1ebfn ( tr\u01b0\u1edbc c\u00f3 th\u1ec3 c\u00f3 ng\u01b0\u1eddi mang t\u00ean \u0111\u1ec7m l\u00e0 Nh\u01b0, Xu\u00e2n, T\u01b0\u1eddng, \u0110\u1eb7ng, Ng\u1ecdc, Minh \u2026 ). \u0111\u00e2y l\u00e0 v\u1ea5n \u0111\u1ec1 l\u1ecbch s\u1eed \u0111\u1ec3 l\u1ea1i. T\u1eeb nay v\u1ec1 sau \u0111\u1ec1u \u0111\u1eb7t t\u00ean \u0111\u1ec7m l\u00e0 Ti\u1ebfn).<\/p>\n<p>\u00a0\u00a0\u00a0\u00a0\u00a0\u00a0\u00a0\u00a0\u00a0 7- C\u1ee9 sau 5 \u0111\u1eddi l\u1eadp m\u1ed9t quy\u1ec3n t\u1ed9c ph\u1ea3 m\u1edbi- quy\u1ec3n 1 l\u00e0 quy\u1ec3n \u0111\u1ea7u ti\u00ean b\u1eaft \u0111\u1ea7u t\u1eeb \u0111\u1eddi 1 \u0111\u1ebfn \u0111\u1eddi 9. C\u1ee9 v\u1eady quy\u1ec3n 2 t\u1eeb \u0111\u1eddi 10 \u0111\u1ebfn 14, quy\u1ec3n 3 t\u1eeb \u0111\u1eddi 15 \u0111\u1ebfn 19 v\u2026v\u00a0 Sau \u0111\u00e2y c\u1ea7n b\u1ed5 sung quy\u1ec3n 1 cho cho \u0111\u1ebfn \u0111\u1eddi 9. T\u1eeb \u0111\u1eddi 10 s\u1ebd sang quy\u1ec3n 2.<\/p>\n<p>\u00a0\u00a0\u00a0\u00a0\u00a0\u00a0\u00a0\u00a0\u00a0 8- \u0110\u1ec3 c\u00f3 c\u01a1 s\u1edf b\u1ed5 sung t\u1ed9c ph\u1ea3 \u0111\u01b0\u1ee3c \u0111\u1ea7y \u0111\u1ee7, h\u00f2an ch\u1ec9nh c\u00e1c tr\u01b0\u1edfng chi, tr\u01b0\u1edfng ph\u00e2n chi c\u1ea7n c\u00f3 quy\u1ec3n \u201c Bi\u00ean ni\u00ean s\u1ef1 ki\u1ec7n c\u1ee7a chi m\u00ecnh, ph\u00e2n chi m\u00ecnh \u0111\u1ec3 th\u01b0\u1eddng xuy\u00ean ghi ch\u00e9p l\u1ea1i nh\u1eefng s\u1ef1 ki\u1ec7n l\u1edbn thay \u0111\u1ed5i trong n\u0103m c\u1ee7a c\u00e1c th\u00e0nh vi\u00ean, nh\u01b0:<\/p>\n<p>\u00a0\u00a0\u00a0\u00a0\u00a0\u00a0\u00a0\u00a0\u00a0 &#8211; Ng\u00e0y c\u01b0\u1edbi v\u1ee3 ( Ch\u1ed3ng), ly h\u00f4n .<\/p>\n<p>\u00a0 \u00a0 \u00a0 \u00a0 \u00a0 \u00a0&#8211; Ng\u00e0y sinh con<\/p>\n<p>\u00a0\u00a0\u00a0\u00a0\u00a0\u00a0\u00a0\u00a0\u00a0 &#8211; Ng\u00e0y m\u1ea5t , m\u1ed9 ph\u1ea7n \u1edf \u0111\u00e2u \u2013 di d\u1eddi m\u1ed9 ph\u1ea7n<\/p>\n<p>\u00a0\u00a0\u00a0\u00a0\u00a0\u00a0\u00a0\u00a0\u00a0 &#8211; Thay \u0111\u1ed5i ch\u1ed7 \u1edf , l\u00e0m nh\u00e0 m\u1edbi , mua nh\u00e0 m\u1edbi<\/p>\n<p>\u00a0\u00a0\u00a0\u00a0\u00a0\u00a0\u00a0\u00a0\u00a0 &#8211; L\u00ean ch\u1ee9c m\u1edbi, c\u1ea5p m\u1edbi.<\/p>\n<p>\u00a0\u00a0\u00a0\u00a0\u00a0\u00a0\u00a0\u00a0\u00a0 &#8211; Thi \u0111\u1ed7 \u0110\u1ea1i h\u1ecdc, cao h\u1ecdc, Ti\u1ebfn s\u0129 \u2026 \u0111\u01b0\u1ee3c phong h\u00e0m gi\u00e1o s\u01b0, ph\u00f3 gi\u00e1o s\u01b0.<\/p>\n<p>\u00a0 \u00a0 \u00a0 \u00a0 \u00a0 &#8211; T\u1ed1t nghi\u1ec7p ra tr\u01b0\u1eddng l\u00e0m ngh\u1ec1 g\u00ec, \u1edf \u0111\u00e2u ?.<\/p>\n<p>\u00a0\u00a0\u00a0\u00a0\u00a0\u00a0\u00a0\u00a0\u00a0 &#8211; \u0110\u01b0\u1ee3c t\u1eb7ng c\u00e1c danh hi\u1ec7u cao qu\u00fd c\u1ee7a Nh\u00e0 n\u01b0\u1edbc v\u00e0 n\u01b0\u1edbc ngo\u00e0i.<\/p>\n<p>\u00a0\u00a0\u00a0\u00a0\u00a0\u00a0\u00a0\u00a0\u00a0 &#8211; Thay \u0111\u1ed5i ngh\u1ec1, n\u01a1i c\u00f4ng t\u00e1c<\/p>\n<p>\u00a0\u00a0\u00a0\u00a0\u00a0\u00a0\u00a0\u00a0\u00a0 &#8211; Thay \u0111\u1ed5i h\u1ecdc v\u1ecb, h\u1ecdc h\u00e0m<\/p>\n<p>\u00a0\u00a0\u00a0\u00a0\u00a0\u00a0\u00a0\u00a0\u00a0 &#8211; B\u1eaft \u0111\u1ea7u ngh\u1ec9 h\u01b0u.<\/p>\n<p>\u00a0\u00a0\u00a0\u00a0\u00a0\u00a0\u00a0\u00a0\u00a0 &#8211; \u2026\u2026.<\/p>\n<p>\u00a0\u00a0\u00a0\u00a0\u00a0\u00a0\u00a0\u00a0\u00a0 Cu\u1ed1i n\u0103m t\u1ed5ng h\u1ee3p v\u00e0 th\u1ed1ng nh\u1ea5t c\u00f9ng tr\u01b0\u1edfng t\u1ed9c b\u1ed5 sung nh\u1eefng \u0111i\u1ec1u c\u1ea7n thi\u1ebft v\u00e0o t\u1ed9c ph\u1ea3.<\/p>\n<p>\u00a0\u00a0\u00a0\u00a0\u00a0\u00a0\u00a0\u00a0\u00a0 \u0110\u1ec3 gi\u1eef g\u00ecn v\u00e0 ph\u00e1t huy t\u1ed1t truy\u1ec1n th\u1ed1ng t\u1ed9c h\u1ecd v\u00e0 duy tr\u00ec \u0111\u01b0\u1ee3c m\u1ed1i li\u00ean h\u1ec7 m\u1eadt thi\u1ebft gi\u1eefa c\u00e1c th\u00e0nh vi\u00ean c\u00f9ng huy\u1ebft th\u1ed1ng c\u1ea7n l\u01b0u \u00fd: M\u1ed7i giai \u0111\u1ecdan l\u1ecbch s\u1eed \u0111\u1ec1u c\u00f3 nh\u1eefng kh\u00f3 kh\u0103n, thu\u1eadn l\u1ee3i. Khi x\u01b0a: c\u00e1c c\u1ee5 nhi\u1ec1u v\u1ee3, \u0111\u00f4ng con ch\u00e1u, n\u00ean gia \u0111\u00ecnh r\u1ea5t ph\u1ee9c t\u1ea1p, nh\u01b0ng c\u00f3 thu\u1eadn l\u1ee3i c\u01a1 b\u1ea3n l\u00e0 h\u1ea7u nh\u01b0 c\u1ea3 gia \u0111\u00ecnh s\u1ed1ng qu\u1ea7n t\u1ee5 trong m\u1ed9t \u0111\u1ecba b\u00e0n h\u1eb9p nh\u1ea5t \u0111\u1ecbnh ( l\u00e0ng \u2013 x\u00e3 &#8211; huy\u1ec7n ) Ng\u00e0y nay: Xu h\u01b0\u1edbng \u0111\u1ebb \u00edt ( 1-2 ), nh\u01b0ng do th\u1eddi th\u1ebf thay \u0111\u1ed5i, n\u1ec1n v\u0103n minh ng\u00e0y c\u00e0ng ph\u00e1t tri\u1ec3n: n\u1ec1n c\u00f4ng nghi\u1ec7p, th\u01b0\u01a1ng m\u1ea1i, du l\u1ecbch, c\u00f4ng ngh\u1ec7 th\u00f4ng tin ph\u00e1t tri\u1ec3n, xu h\u01b0\u1edbng t\u00f2an c\u1ea7u h\u00f3a d\u1eabn \u0111\u1ebfn m\u1ecdi h\u1ecdat \u0111\u1ed9ng kh\u00f4ng ch\u1ec9 c\u00f2n b\u00f3 h\u1eb9p trong ph\u1ea1m vi m\u1ed9t qu\u1ed1c gia. Con ch\u00e1u h\u1ecdat \u0111\u1ed9ng, sinh s\u1ed1ng \u1edf kh\u1eafp\u00a0 c\u00e1c v\u00f9ng \u0111\u1ea5t n\u01b0\u1edbc, th\u1eadm ch\u00ed tr\u00ean kh\u1eafp th\u1ebf gi\u1edbi. Do v\u1eady, vi\u1ec7c b\u1ea3o t\u1ed3n truy\u1ec1n th\u1ed1ng , b\u1ed5 sung c\u1eadp nh\u1eadt t\u1ed9c ph\u1ea3 s\u1ebd r\u1ea5t kh\u00f3 kh\u0103n . C\u00e1c \u0111\u1eddi sau t\u00f9y \u0111i\u1ec1u ki\u1ec7n m\u00e0 c\u00f3 nh\u1eefng v\u1eadn d\u1ee5ng c\u1ee5 th\u1ec3 cho ph\u00f9 h\u1ee3p. Nh\u01b0ng c\u00e1i \u0111\u00edch xuy\u00ean su\u1ed1t v\u1eabn l\u00e0 ph\u1ea3i gi\u1eef \u0111\u01b0\u1ee3c truy\u1ec1n th\u1ed1ng, gi\u1eef \u0111\u01b0\u1ee3c t\u1ed9c ph\u1ea3 d\u00f2ng h\u1ecd Nguy\u1ec5n Ti\u1ebfn m\u00e3i m\u00e3i tr\u01b0\u1eddng t\u1ed3n.<\/p>\n<p>\u00a0\u00a0\u00a0\u00a0\u00a0\u00a0\u00a0\u00a0\u00a0 N\u1ed9i dung cu\u1ed1n s\u00e1ch n\u00e0y c\u00f3 th\u1ec3 c\u00f2n c\u00f3 ch\u1ed7 thi\u1ebfu s\u00f3t, r\u1ea5t mong qu\u00fd v\u1ecb trong t\u1ed9c h\u1ecd g\u00f3p \u00fd \u0111\u1ec3 s\u1eeda ch\u1eefa k\u1ecbp th\u1eddi,<\/p>\n<p><img loading=\"lazy\" decoding=\"async\" class=\"wp-image-220 alignright\" src=\"https:\/\/www.nguyentienngomua.com\/wp-content\/uploads\/2023\/05\/O-Tin-300x206.png\" alt=\"\" width=\"197\" height=\"135\" srcset=\"https:\/\/www.nguyentienngomua.com\/wp-content\/uploads\/2023\/05\/O-Tin-300x206.png 300w, https:\/\/www.nguyentienngomua.com\/wp-content\/uploads\/2023\/05\/O-Tin.png 490w\" sizes=\"auto, (max-width: 197px) 100vw, 197px\" \/><\/p>\n<p style=\"text-align: center;\">\u00a0<\/p>\n\n\n<hr class=\"wp-block-separator has-alpha-channel-opacity\"\/>\n\n\n\n<p><\/p>\n\n\n<p><\/p>\n<p><\/p>\n<p><\/p>\n<p style=\"text-align: center;\"><\/p>","protected":false},"excerpt":{"rendered":"<p>Trang web n\u00e0y \u0111\u01b0\u1ee3c x\u00e2y d\u1ef1ng nh\u1eb1m l\u01b0u gi\u1eef l\u1ea1i l\u1ecbch s\u1eed d\u00f2ng h\u1ecd Nguy\u1ec5n Ti\u1ebfn, th\u00f4n Ng\u00f5 M\u01b0a, Qu\u1ef3nh Ho\u00e0ng, Qu\u1ef3nh Ph\u1ee5, Th\u00e1i B\u00ecnh; \u0111\u1ec3 ti\u1ec7n cho con ch\u00e1u trong h\u1ecd t\u00ecm v\u1ec1 ngu\u1ed3n c\u1ed9i c\u1ee7a m\u00ecnh v\u00e0 g\u1eafn &hellip; <a href=\"https:\/\/www.nguyentienngomua.com\/index.php\/about\/\">Continue reading <span class=\"meta-nav\">&rarr;<\/span><\/a><\/p>\n","protected":false},"author":1,"featured_media":0,"parent":0,"menu_order":0,"comment_status":"closed","ping_status":"closed","template":"","meta":{"footnotes":""},"class_list":["post-9","page","type-page","status-publish","hentry"],"_links":{"self":[{"href":"https:\/\/www.nguyentienngomua.com\/index.php\/wp-json\/wp\/v2\/pages\/9","targetHints":{"allow":["GET"]}}],"collection":[{"href":"https:\/\/www.nguyentienngomua.com\/index.php\/wp-json\/wp\/v2\/pages"}],"about":[{"href":"https:\/\/www.nguyentienngomua.com\/index.php\/wp-json\/wp\/v2\/types\/page"}],"author":[{"embeddable":true,"href":"https:\/\/www.nguyentienngomua.com\/index.php\/wp-json\/wp\/v2\/users\/1"}],"replies":[{"embeddable":true,"href":"https:\/\/www.nguyentienngomua.com\/index.php\/wp-json\/wp\/v2\/comments?post=9"}],"version-history":[{"count":13,"href":"https:\/\/www.nguyentienngomua.com\/index.php\/wp-json\/wp\/v2\/pages\/9\/revisions"}],"predecessor-version":[{"id":257,"href":"https:\/\/www.nguyentienngomua.com\/index.php\/wp-json\/wp\/v2\/pages\/9\/revisions\/257"}],"wp:attachment":[{"href":"https:\/\/www.nguyentienngomua.com\/index.php\/wp-json\/wp\/v2\/media?parent=9"}],"curies":[{"name":"wp","href":"https:\/\/api.w.org\/{rel}","templated":true}]}}